{"id":112211,"date":"2025-06-10T15:20:48","date_gmt":"2025-06-10T12:20:48","guid":{"rendered":"https:\/\/web-support.eu\/web2print\/product\/lavanda-125g-sapun-parfumat-cu-lavanda-125g\/"},"modified":"2025-12-10T10:38:52","modified_gmt":"2025-12-10T08:38:52","slug":"lavanda-125g-sapun-parfumat-cu-lavanda-125g","status":"publish","type":"product","link":"https:\/\/web2print.ro\/shop\/lavanda-125g-sapun-parfumat-cu-lavanda-125g\/","title":{"rendered":"S\u0103pun parfumat cu lavand\u0103 125g personalizat"},"content":{"rendered":"<p>S\u0103pun realizat cu o baz\u0103 de s\u0103pun vegetal \u0219i parfum de lavand\u0103, cu o textur\u0103 moale care las\u0103 pielea parfumat\u0103.<\/p>\n<p>Produs \u00een mod tradi\u021bional \u00een Portugalia. Are o capacitate de 125 g. Ambalajul are un design clasic care p\u0103streaz\u0103 aspectul original, cu fundalul s\u0103u verde decorat cu mici grafice reprezent\u00e2nd flori de lavand\u0103.<\/p>\n<p>Dimensiuni: 90 x 53 x 20 mm.<\/p>\n<table>\n<tr>\n<td><strong>Exterior box (m):<\/strong><\/td>\n<td>0.185X0.085X0.105<\/td>\n<\/tr>\n<tr>\n<td><strong>Box weight (Kg.):<\/strong><\/td>\n<td>1.54<\/td>\n<\/tr>\n<tr>\n<td><strong>Exterior box (Pc.):<\/strong><\/td>\n<td>12<\/td>\n<\/tr>\n<tr>\n<td><strong>Interior box (Pc.):<\/strong><\/td>\n<td>1<\/td>\n<\/tr>\n<tr>\n<td><strong>Taric:<\/strong><\/td>\n<td>3401110000<\/td>\n<\/tr>\n<tr>\n<td><strong>Country of Origin:<\/strong><\/td>\n<td>Portugal<\/td>\n<\/tr>\n<tr>\n<td><strong>Individual packing:<\/strong><\/td>\n<td>Paper packaging<\/td>\n<\/tr>\n<tr>\n<td><strong>Packing after Printing:<\/strong><\/td>\n<td>Paper packaging<\/td>\n<\/tr>\n<\/table>\n","protected":false},"excerpt":{"rendered":"<p>S\u0103pun realizat pe baz\u0103 de s\u0103pun vegetal \u0219i parfum de lavand\u0103, cu o textur\u0103 moale care las\u0103 pielea parfumat\u0103. Produs \u00een mod tradi\u021bional \u00een Portugalia. Capacitate 125 g. Ambalaj cu design clasic care p\u0103streaz\u0103 designul original, cu fundalul s\u0103u verde decorat cu mici grafice reprezent\u00e2nd flori de lavand\u0103<\/p>\n","protected":false},"featured_media":37426,"comment_status":"closed","ping_status":"open","template":"","meta":{"_joinchat":[]},"product_brand":[2758],"product_cat":[312],"product_tag":[],"class_list":{"0":"post-112211","1":"product","2":"type-product","3":"status-publish","4":"has-post-thumbnail","6":"product_brand-ach-brito-ro","7":"product_cat-personal-si-calatorii","9":"first","10":"instock","11":"taxable","12":"shipping-taxable","13":"purchasable","14":"product-type-variable"},"_links":{"self":[{"href":"https:\/\/web2print.ro\/shop\/wp-json\/wp\/v2\/product\/112211","targetHints":{"allow":["GET"]}}],"collection":[{"href":"https:\/\/web2print.ro\/shop\/wp-json\/wp\/v2\/product"}],"about":[{"href":"https:\/\/web2print.ro\/shop\/wp-json\/wp\/v2\/types\/product"}],"replies":[{"embeddable":true,"href":"https:\/\/web2print.ro\/shop\/wp-json\/wp\/v2\/comments?post=112211"}],"wp:featuredmedia":[{"embeddable":true,"href":"https:\/\/web2print.ro\/shop\/wp-json\/wp\/v2\/media\/37426"}],"wp:attachment":[{"href":"https:\/\/web2print.ro\/shop\/wp-json\/wp\/v2\/media?parent=112211"}],"wp:term":[{"taxonomy":"product_brand","embeddable":true,"href":"https:\/\/web2print.ro\/shop\/wp-json\/wp\/v2\/product_brand?post=112211"},{"taxonomy":"product_cat","embeddable":true,"href":"https:\/\/web2print.ro\/shop\/wp-json\/wp\/v2\/product_cat?post=112211"},{"taxonomy":"product_tag","embeddable":true,"href":"https:\/\/web2print.ro\/shop\/wp-json\/wp\/v2\/product_tag?post=112211"}],"curies":[{"name":"wp","href":"https:\/\/api.w.org\/{rel}","templated":true}]}}