{"id":112213,"date":"2025-06-10T15:20:49","date_gmt":"2025-06-10T12:20:49","guid":{"rendered":"https:\/\/web-support.eu\/web2print\/product\/musgo-i-sapun-parfumat-pentru-barbati-160g\/"},"modified":"2025-12-10T10:39:55","modified_gmt":"2025-12-10T08:39:55","slug":"musgo-i-sapun-parfumat-pentru-barbati-160g","status":"publish","type":"product","link":"https:\/\/web2print.ro\/shop\/musgo-i-sapun-parfumat-pentru-barbati-160g\/","title":{"rendered":"MUSGO I. S\u0103pun parfumat pentru b\u0103rba\u021bi (160g) personalizat"},"content":{"rendered":"<p>Created in 1936 for the wealthier classes, the Musgo collection is identified by the crown on its packaging which symbolizes the Portuguese aristocracy and the masculine fragrance. Vegetable soap base with a fragrance of vetiver herbs and eucalyptus with a note of patchouli. Ideal for caring for men&#8217;s skin, making it clean, soft and lightly scented. Traditionally produced in Portugal. Capacity 160 g. Classic packaging design. 90 x 60 x 30 mm in romana<\/p>\n<p>Creat\u0103 \u00een 1936 pentru clasele mai \u00eenst\u0103rite, colec\u021bia Musgo este identificat\u0103 prin coroana de pe ambalajul s\u0103u, simboliz\u00e2nd aristocra\u021bia portughez\u0103 \u0219i parfumul masculin.<\/p>\n<p>Acest s\u0103pun este bazat pe s\u0103pun vegetal, cu o arom\u0103 de ierburi de vetiver \u0219i eucalipt, cu o not\u0103 de patchouli. Este ideal pentru \u00eengrijirea pielii b\u0103rba\u021bilor, l\u0103s\u00e2nd-o curat\u0103, catifelat\u0103 \u0219i u\u0219or parfumat\u0103.<\/p>\n<p>Produs \u00een mod tradi\u021bional \u00een Portugalia, are o capacitate de 160 g \u0219i un design clasic al ambalajului.<\/p>\n<p>Dimensiuni: 90 x 60 x 30 mm.<\/p>\n<table>\n<tr>\n<td><strong>Exterior box (m):<\/strong><\/td>\n<td>0.183X0.090X0.122<\/td>\n<\/tr>\n<tr>\n<td><strong>Box weight (Kg.):<\/strong><\/td>\n<td>1.94<\/td>\n<\/tr>\n<tr>\n<td><strong>Exterior box (Pc.):<\/strong><\/td>\n<td>12<\/td>\n<\/tr>\n<tr>\n<td><strong>Interior box (Pc.):<\/strong><\/td>\n<td>1<\/td>\n<\/tr>\n<tr>\n<td><strong>Taric:<\/strong><\/td>\n<td>3401110000<\/td>\n<\/tr>\n<tr>\n<td><strong>Country of Origin:<\/strong><\/td>\n<td>Portugal<\/td>\n<\/tr>\n<tr>\n<td><strong>Individual packing:<\/strong><\/td>\n<td>Paper packaging<\/td>\n<\/tr>\n<tr>\n<td><strong>Packing after Printing:<\/strong><\/td>\n<td>Paper packaging<\/td>\n<\/tr>\n<\/table>\n","protected":false},"excerpt":{"rendered":"<p>Creat\u0103 \u00een 1936 pentru clasele mai \u00eenst\u0103rite, colec\u021bia Musgo este identificat\u0103 prin coroana de pe ambalaj, care simbolizeaz\u0103 aristocra\u021bia portughez\u0103 \u0219i parfumul masculin. Baz\u0103 de s\u0103pun vegetal cu un parfum de ierburi ve\u0219tede \u0219i eucalipt cu o not\u0103 de patchouli. Ideal pentru \u00eengrijirea pielii b\u0103rba\u021bilor, f\u0103c\u00e2nd-o curat\u0103, moale \u0219i u\u0219or parfumat\u0103. Produs \u00een mod tradi\u021bional \u00een Portugalia. Capacitate 160 g. Design clasic al ambalajului<\/p>\n","protected":false},"featured_media":37434,"comment_status":"closed","ping_status":"open","template":"","meta":{"_joinchat":[]},"product_brand":[2758],"product_cat":[312],"product_tag":[],"class_list":{"0":"post-112213","1":"product","2":"type-product","3":"status-publish","4":"has-post-thumbnail","6":"product_brand-ach-brito-ro","7":"product_cat-personal-si-calatorii","9":"first","10":"instock","11":"taxable","12":"shipping-taxable","13":"purchasable","14":"product-type-variable"},"_links":{"self":[{"href":"https:\/\/web2print.ro\/shop\/wp-json\/wp\/v2\/product\/112213","targetHints":{"allow":["GET"]}}],"collection":[{"href":"https:\/\/web2print.ro\/shop\/wp-json\/wp\/v2\/product"}],"about":[{"href":"https:\/\/web2print.ro\/shop\/wp-json\/wp\/v2\/types\/product"}],"replies":[{"embeddable":true,"href":"https:\/\/web2print.ro\/shop\/wp-json\/wp\/v2\/comments?post=112213"}],"wp:featuredmedia":[{"embeddable":true,"href":"https:\/\/web2print.ro\/shop\/wp-json\/wp\/v2\/media\/37434"}],"wp:attachment":[{"href":"https:\/\/web2print.ro\/shop\/wp-json\/wp\/v2\/media?parent=112213"}],"wp:term":[{"taxonomy":"product_brand","embeddable":true,"href":"https:\/\/web2print.ro\/shop\/wp-json\/wp\/v2\/product_brand?post=112213"},{"taxonomy":"product_cat","embeddable":true,"href":"https:\/\/web2print.ro\/shop\/wp-json\/wp\/v2\/product_cat?post=112213"},{"taxonomy":"product_tag","embeddable":true,"href":"https:\/\/web2print.ro\/shop\/wp-json\/wp\/v2\/product_tag?post=112213"}],"curies":[{"name":"wp","href":"https:\/\/api.w.org\/{rel}","templated":true}]}}