{"id":112215,"date":"2025-06-10T15:20:50","date_gmt":"2025-06-10T12:20:50","guid":{"rendered":"https:\/\/web-support.eu\/web2print\/product\/musgo-ii-sapun-parfumat-pentru-barbati-150g\/"},"modified":"2025-12-10T10:39:54","modified_gmt":"2025-12-10T08:39:54","slug":"musgo-ii-sapun-parfumat-pentru-barbati-150g","status":"publish","type":"product","link":"https:\/\/web2print.ro\/shop\/musgo-ii-sapun-parfumat-pentru-barbati-150g\/","title":{"rendered":"MUSGO II. S\u0103pun parfumat pentru b\u0103rba\u021bi (150g) personalizat"},"content":{"rendered":"<p>\u0218ampon solid pentru b\u0103rba\u021bi, din colec\u021bia Musgo, creat\u0103 \u00een 1936 pentru clasele superioare \u0219i identificat\u0103 prin coroana de pe ambalaj, simbol al aristocra\u021biei portugheze \u0219i al parfumului masculin.<\/p>\n<p>Acest \u0219ampon este compus din ingrediente naturale \u0219i uleiuri esen\u021biale precum glicerina, untul \u0219i uleiul de shea, cu propriet\u0103\u021bi de condi\u021bionare ce garanteaz\u0103 un p\u0103r moale, str\u0103lucitor \u0219i u\u0219or parfumat.<\/p>\n<p>Produs \u00een mod tradi\u021bional \u00een Portugalia, are o capacitate de 150 g \u0219i un design clasic al ambalajului.<\/p>\n<p>Dimensiuni: 67 x 70 x 31 mm.<\/p>\n<table>\n<tr>\n<td><strong>Exterior box (m):<\/strong><\/td>\n<td>0.155X0.085X0.105<\/td>\n<\/tr>\n<tr>\n<td><strong>Box weight (Kg.):<\/strong><\/td>\n<td>1.06<\/td>\n<\/tr>\n<tr>\n<td><strong>Exterior box (Pc.):<\/strong><\/td>\n<td>6<\/td>\n<\/tr>\n<tr>\n<td><strong>Interior box (Pc.):<\/strong><\/td>\n<td>1<\/td>\n<\/tr>\n<tr>\n<td><strong>Taric:<\/strong><\/td>\n<td>3401110000<\/td>\n<\/tr>\n<tr>\n<td><strong>Country of Origin:<\/strong><\/td>\n<td>Portugal<\/td>\n<\/tr>\n<tr>\n<td><strong>Individual packing:<\/strong><\/td>\n<td>Paper packaging<\/td>\n<\/tr>\n<tr>\n<td><strong>Packing after Printing:<\/strong><\/td>\n<td>Paper packaging<\/td>\n<\/tr>\n<\/table>\n","protected":false},"excerpt":{"rendered":"<p>Creat\u0103 \u00een 1936 pentru clasele mai \u00eenst\u0103rite, colec\u021bia Musgo este identificat\u0103 prin coroana de pe ambalaj, care simbolizeaz\u0103 aristocra\u021bia portughez\u0103 \u0219i parfumul masculin. \u0218ampon solid pentru b\u0103rba\u021bi compus din ingrediente naturale \u0219i uleiuri esen\u021biale precum glicerina, untul \u0219i uleiul de shea &#8211; propriet\u0103\u021bi de condi\u021bionare care garanteaz\u0103 un p\u0103r moale, str\u0103lucitor \u0219i u\u0219or parfumat. Produs \u00een mod tradi\u021bional \u00een Portugalia. Capacitate 150 g. Design clasic al ambalajului<\/p>\n","protected":false},"featured_media":37442,"comment_status":"closed","ping_status":"open","template":"","meta":{"_joinchat":[]},"product_brand":[2758],"product_cat":[312],"product_tag":[],"class_list":{"0":"post-112215","1":"product","2":"type-product","3":"status-publish","4":"has-post-thumbnail","6":"product_brand-ach-brito-ro","7":"product_cat-personal-si-calatorii","9":"first","10":"instock","11":"taxable","12":"shipping-taxable","13":"purchasable","14":"product-type-variable"},"_links":{"self":[{"href":"https:\/\/web2print.ro\/shop\/wp-json\/wp\/v2\/product\/112215","targetHints":{"allow":["GET"]}}],"collection":[{"href":"https:\/\/web2print.ro\/shop\/wp-json\/wp\/v2\/product"}],"about":[{"href":"https:\/\/web2print.ro\/shop\/wp-json\/wp\/v2\/types\/product"}],"replies":[{"embeddable":true,"href":"https:\/\/web2print.ro\/shop\/wp-json\/wp\/v2\/comments?post=112215"}],"wp:featuredmedia":[{"embeddable":true,"href":"https:\/\/web2print.ro\/shop\/wp-json\/wp\/v2\/media\/37442"}],"wp:attachment":[{"href":"https:\/\/web2print.ro\/shop\/wp-json\/wp\/v2\/media?parent=112215"}],"wp:term":[{"taxonomy":"product_brand","embeddable":true,"href":"https:\/\/web2print.ro\/shop\/wp-json\/wp\/v2\/product_brand?post=112215"},{"taxonomy":"product_cat","embeddable":true,"href":"https:\/\/web2print.ro\/shop\/wp-json\/wp\/v2\/product_cat?post=112215"},{"taxonomy":"product_tag","embeddable":true,"href":"https:\/\/web2print.ro\/shop\/wp-json\/wp\/v2\/product_tag?post=112215"}],"curies":[{"name":"wp","href":"https:\/\/api.w.org\/{rel}","templated":true}]}}