{"id":112220,"date":"2025-06-10T15:20:52","date_gmt":"2025-06-10T12:20:52","guid":{"rendered":"https:\/\/web-support.eu\/web2print\/product\/musgo-iii-sapun-de-barbierit-100-g\/"},"modified":"2025-12-10T10:39:28","modified_gmt":"2025-12-10T08:39:28","slug":"musgo-iii-sapun-de-barbierit-100-g","status":"publish","type":"product","link":"https:\/\/web2print.ro\/shop\/musgo-iii-sapun-de-barbierit-100-g\/","title":{"rendered":"MUSGO III. S\u0103pun de b\u0103rbierit (100 g) personalizat"},"content":{"rendered":"<p>S\u0103pun de b\u0103rbierit din colec\u021bia Musgo, creat\u0103 \u00een 1936 pentru clasele mai \u00eenst\u0103rite \u0219i identificat\u0103 prin coroana de pe ambalaj, simboliz\u00e2nd aristocra\u021bia portughez\u0103 \u0219i parfumul masculin.<\/p>\n<p>Acest s\u0103pun este compus dintr-o baz\u0103 vegetal\u0103 \u0219i este \u00eembog\u0103\u021bit cu glicerin\u0103 \u0219i derivate din nuc\u0103 de cocos \u2013 propriet\u0103\u021bi care garanteaz\u0103 o spum\u0103 moale \u0219i cremoas\u0103, ce permite o aplicare confortabil\u0103 la contactul cu pielea.<\/p>\n<p>Are o capacitate de 100g \u0219i un ambalaj cu design clasic.<\/p>\n<p>Dimensiuni: 35 x 65 x 65 mm.<\/p>\n<table>\n<tr>\n<td><strong>Exterior box (m):<\/strong><\/td>\n<td>0.160&#215;0.107&#215;0.069<\/td>\n<\/tr>\n<tr>\n<td><strong>Box weight (Kg.):<\/strong><\/td>\n<td>1.3<\/td>\n<\/tr>\n<tr>\n<td><strong>Exterior box (Pc.):<\/strong><\/td>\n<td>12<\/td>\n<\/tr>\n<tr>\n<td><strong>Interior box (Pc.):<\/strong><\/td>\n<td>1<\/td>\n<\/tr>\n<tr>\n<td><strong>Taric:<\/strong><\/td>\n<td>34011110<\/td>\n<\/tr>\n<tr>\n<td><strong>Country of Origin:<\/strong><\/td>\n<td>Portugal<\/td>\n<\/tr>\n<tr>\n<td><strong>Individual packing:<\/strong><\/td>\n<td>Paper packaging<\/td>\n<\/tr>\n<tr>\n<td><strong>Packing after Printing:<\/strong><\/td>\n<td>Paper packaging<\/td>\n<\/tr>\n<\/table>\n","protected":false},"excerpt":{"rendered":"<p>Creat\u0103 \u00een 1936 pentru clasele mai \u00eenst\u0103rite, colec\u021bia Musgo este identificat\u0103 prin coroana de pe ambalaj, care simbolizeaz\u0103 aristocra\u021bia portughez\u0103 \u0219i parfumul masculin. S\u0103pun de b\u0103rbierit compus dintr-o baz\u0103 vegetal\u0103 \u0219i \u00eembog\u0103\u021bit cu glicerin\u0103 \u0219i deriva\u021bi din nuc\u0103 de cocos &#8211; propriet\u0103\u021bi care garanteaz\u0103 o spum\u0103 moale \u0219i cremoas\u0103 ce face posibil\u0103 aplicarea confortabil\u0103 \u00een contact cu pielea. Capacitate 100g. Ambalaj cu design clasic<\/p>\n","protected":false},"featured_media":37465,"comment_status":"closed","ping_status":"open","template":"","meta":{"_joinchat":[]},"product_brand":[2758],"product_cat":[312],"product_tag":[],"class_list":{"0":"post-112220","1":"product","2":"type-product","3":"status-publish","4":"has-post-thumbnail","6":"product_brand-ach-brito-ro","7":"product_cat-personal-si-calatorii","9":"first","10":"instock","11":"taxable","12":"shipping-taxable","13":"purchasable","14":"product-type-variable"},"_links":{"self":[{"href":"https:\/\/web2print.ro\/shop\/wp-json\/wp\/v2\/product\/112220","targetHints":{"allow":["GET"]}}],"collection":[{"href":"https:\/\/web2print.ro\/shop\/wp-json\/wp\/v2\/product"}],"about":[{"href":"https:\/\/web2print.ro\/shop\/wp-json\/wp\/v2\/types\/product"}],"replies":[{"embeddable":true,"href":"https:\/\/web2print.ro\/shop\/wp-json\/wp\/v2\/comments?post=112220"}],"wp:featuredmedia":[{"embeddable":true,"href":"https:\/\/web2print.ro\/shop\/wp-json\/wp\/v2\/media\/37465"}],"wp:attachment":[{"href":"https:\/\/web2print.ro\/shop\/wp-json\/wp\/v2\/media?parent=112220"}],"wp:term":[{"taxonomy":"product_brand","embeddable":true,"href":"https:\/\/web2print.ro\/shop\/wp-json\/wp\/v2\/product_brand?post=112220"},{"taxonomy":"product_cat","embeddable":true,"href":"https:\/\/web2print.ro\/shop\/wp-json\/wp\/v2\/product_cat?post=112220"},{"taxonomy":"product_tag","embeddable":true,"href":"https:\/\/web2print.ro\/shop\/wp-json\/wp\/v2\/product_tag?post=112220"}],"curies":[{"name":"wp","href":"https:\/\/api.w.org\/{rel}","templated":true}]}}