{"id":112235,"date":"2025-06-10T15:20:54","date_gmt":"2025-06-10T12:20:54","guid":{"rendered":"https:\/\/web-support.eu\/web2print\/product\/modeling-dough-factory-kit-iii-joc-educational-furnizat-cu-o-punga-cadou-din-hartie-kraft-100-g-m%c2%b2\/"},"modified":"2025-12-10T10:40:16","modified_gmt":"2025-12-10T08:40:16","slug":"modeling-dough-factory-kit-iii-joc-educational-furnizat-cu-o-punga-cadou-din-hartie-kraft-100-g-m%c2%b2","status":"publish","type":"product","link":"https:\/\/web2print.ro\/shop\/modeling-dough-factory-kit-iii-joc-educational-furnizat-cu-o-punga-cadou-din-hartie-kraft-100-g-m%c2%b2\/","title":{"rendered":"Kit de fabric\u0103 pentru aluat de modelare III. Joc educa\u021bional furnizat cu o pung\u0103 cadou din h\u00e2rtie kraft (100 g\/m\u00b2) personalizat"},"content":{"rendered":"<p>Acest joc educativ exploreaz\u0103 creativitatea celor mici \u0219i le dezvolt\u0103 abilit\u0103\u021bi precum dexteritatea \u0219i coordonarea. Fabrica de Plastilin\u0103 este primul kit din lume cu ajutorul c\u0103ruia \u00ee\u021bi po\u021bi crea propria plastilin\u0103 de la zero, transform\u00e2nd experien\u021ba \u00eentr-una distractiv\u0103 \u0219i plin\u0103 de culoare.<\/p>\n<p>Kitul de plastilin\u0103 include o formul\u0103 secret\u0103 pentru a ob\u021bine o plastilin\u0103 moale, care nu se usuc\u0103 rapid, \u0219i con\u021bine toate ingredientele necesare pentru a personaliza duritatea acesteia dup\u0103 preferin\u021ba ta. Plastilina este parfumat\u0103 cu ingrediente naturale \u0219i, spre deosebire de majoritatea tipurilor de plastilin\u0103, a ta poate avea un incredibil parfum de piersic\u0103.<\/p>\n<p>V\u00e2rsta recomandat\u0103: 4 + ani. Este livrat \u00eempreun\u0103 cu o pung\u0103 cadou din h\u00e2rtie kraft (100 g\/m\u00b2).<\/p>\n<p>Dimensiuni: 298 x 305 x 59 mm.<\/p>\n<table>\n<tbody>\n<tr>\n<td><strong>Exterior box (m):<\/strong><\/td>\n<td>0.395&#215;0.315&#215;0.319<\/td>\n<\/tr>\n<tr>\n<td><strong>Box weight (Kg.):<\/strong><\/td>\n<td>5.5<\/td>\n<\/tr>\n<tr>\n<td><strong>Exterior box (Pc.):<\/strong><\/td>\n<td>6<\/td>\n<\/tr>\n<tr>\n<td><strong>Taric:<\/strong><\/td>\n<td>9503009990<\/td>\n<\/tr>\n<tr>\n<td><strong>Country of Origin:<\/strong><\/td>\n<td>Portugal<\/td>\n<\/tr>\n<tr>\n<td><strong>Certificates:<\/strong><\/td>\n<td>DOC, SOC<\/td>\n<\/tr>\n<\/tbody>\n<\/table>\n","protected":false},"excerpt":{"rendered":"<p>Acest joc educa\u021bional exploreaz\u0103 creativitatea celor mici \u0219i \u00eenva\u021b\u0103 abilit\u0103\u021bi precum dexteritatea \u0219i coordonarea. Fabrica de past\u0103 de modelat este primul kit din lume \u00een care po\u021bi s\u0103 \u00ee\u021bi faci propria past\u0103 de modelat de la zero, ceea ce face ca experien\u021ba s\u0103 fie distractiv\u0103 \u0219i plin\u0103 de culoare. Un kit de aluat de modelare cu o formul\u0103 secret\u0103 pentru ob\u021binerea unui aluat moale \u0219i uscat &#8211; con\u021bine toate ingredientele de care ai nevoie pentru a personaliza duritatea aluatului \u00een func\u021bie de preferin\u021bele tale. Aluatul de modelare este parfumat cu ingrediente naturale \u0219i, spre deosebire de majoritatea aluaturilor, al t\u0103u poate avea un parfum incredibil de piersic\u0103. V\u00e2rsta recomandat\u0103: 4 + ani. Furnizat cu o pung\u0103 cadou din h\u00e2rtie kraft (100 g\/m\u00b2)<\/p>\n","protected":false},"featured_media":461966,"comment_status":"closed","ping_status":"closed","template":"","meta":{"_joinchat":[]},"product_brand":[2759],"product_cat":[534],"product_tag":[],"class_list":{"0":"post-112235","1":"product","2":"type-product","3":"status-publish","4":"has-post-thumbnail","6":"product_brand-science4you-ro","7":"product_cat-jucarii-antistres","9":"first","10":"instock","11":"taxable","12":"shipping-taxable","13":"purchasable","14":"product-type-variable"},"_links":{"self":[{"href":"https:\/\/web2print.ro\/shop\/wp-json\/wp\/v2\/product\/112235","targetHints":{"allow":["GET"]}}],"collection":[{"href":"https:\/\/web2print.ro\/shop\/wp-json\/wp\/v2\/product"}],"about":[{"href":"https:\/\/web2print.ro\/shop\/wp-json\/wp\/v2\/types\/product"}],"replies":[{"embeddable":true,"href":"https:\/\/web2print.ro\/shop\/wp-json\/wp\/v2\/comments?post=112235"}],"wp:featuredmedia":[{"embeddable":true,"href":"https:\/\/web2print.ro\/shop\/wp-json\/wp\/v2\/media\/461966"}],"wp:attachment":[{"href":"https:\/\/web2print.ro\/shop\/wp-json\/wp\/v2\/media?parent=112235"}],"wp:term":[{"taxonomy":"product_brand","embeddable":true,"href":"https:\/\/web2print.ro\/shop\/wp-json\/wp\/v2\/product_brand?post=112235"},{"taxonomy":"product_cat","embeddable":true,"href":"https:\/\/web2print.ro\/shop\/wp-json\/wp\/v2\/product_cat?post=112235"},{"taxonomy":"product_tag","embeddable":true,"href":"https:\/\/web2print.ro\/shop\/wp-json\/wp\/v2\/product_tag?post=112235"}],"curies":[{"name":"wp","href":"https:\/\/api.w.org\/{rel}","templated":true}]}}