{"id":112239,"date":"2025-06-10T15:20:57","date_gmt":"2025-06-10T12:20:57","guid":{"rendered":"https:\/\/web-support.eu\/web2print\/product\/crayon-factory-kit-i-joc-educational-pentru-copii\/"},"modified":"2026-05-06T19:33:07","modified_gmt":"2026-05-06T16:33:07","slug":"crayon-factory-kit-i-joc-educational-pentru-copii","status":"publish","type":"product","link":"https:\/\/web2print.ro\/shop\/crayon-factory-kit-i-joc-educational-pentru-copii\/","title":{"rendered":"Fabric\u0103 de creioane Kit I. Joc educa\u021bional pentru copii personalizat"},"content":{"rendered":"<p>Jocul educativ Fabrica de Creioane Colorate este ideal pentru ca cei mici s\u0103 \u00ee\u0219i creeze propriile creioane \u00een diferite forme \u0219i m\u0103rimi. Pe l\u00e2ng\u0103 faptul c\u0103 \u00eenva\u021b\u0103 cum s\u0103 amestece culorile \u0219i s\u0103 ob\u021bin\u0103 nuan\u021bele preferate, ei pot crea \u0219i creioane parfumate \u0219i multe alte experimente.<\/p>\n<p>V\u00e2rsta recomandat\u0103: 6+ ani.<\/p>\n<p>Dimensiuni: 297 x 303 x 60 mm.<\/p>\n<table>\n<tbody>\n<tr>\n<td><strong>Exterior box (m):<\/strong><\/td>\n<td>0.395&#215;0.315&#215;0.305<\/td>\n<\/tr>\n<tr>\n<td><strong>Box weight (Kg.):<\/strong><\/td>\n<td>4.6<\/td>\n<\/tr>\n<tr>\n<td><strong>Exterior box (Pc.):<\/strong><\/td>\n<td>6<\/td>\n<\/tr>\n<tr>\n<td><strong>Taric:<\/strong><\/td>\n<td>9503009990<\/td>\n<\/tr>\n<tr>\n<td><strong>Country of Origin:<\/strong><\/td>\n<td>Portugal<\/td>\n<\/tr>\n<tr>\n<td><strong>Certificates:<\/strong><\/td>\n<td>DOC<\/td>\n<\/tr>\n<\/tbody>\n<\/table>\n","protected":false},"excerpt":{"rendered":"<p>Jocul educa\u021bional Fabrica de creioane colorate este ideal pentru copii pentru a-\u0219i crea propriile creioane colorate \u00een diferite forme \u0219i dimensiuni. Pe l\u00e2ng\u0103 faptul c\u0103 \u00eenva\u021b\u0103 cum s\u0103 amestece culorile \u0219i s\u0103 ob\u021bin\u0103 nuan\u021bele lor preferate, ei pot crea creioane parfumate \u0219i multe alte experimente. V\u00e2rsta recomandat\u0103: 6 + ani<\/p>\n","protected":false},"featured_media":461972,"comment_status":"closed","ping_status":"closed","template":"","meta":{"_joinchat":[]},"product_brand":[2759],"product_cat":[534],"product_tag":[],"class_list":{"0":"post-112239","1":"product","2":"type-product","3":"status-publish","4":"has-post-thumbnail","6":"product_brand-science4you-ro","7":"product_cat-jucarii-antistres","9":"first","10":"instock","11":"taxable","12":"shipping-taxable","13":"purchasable","14":"product-type-variable"},"_links":{"self":[{"href":"https:\/\/web2print.ro\/shop\/wp-json\/wp\/v2\/product\/112239","targetHints":{"allow":["GET"]}}],"collection":[{"href":"https:\/\/web2print.ro\/shop\/wp-json\/wp\/v2\/product"}],"about":[{"href":"https:\/\/web2print.ro\/shop\/wp-json\/wp\/v2\/types\/product"}],"replies":[{"embeddable":true,"href":"https:\/\/web2print.ro\/shop\/wp-json\/wp\/v2\/comments?post=112239"}],"wp:featuredmedia":[{"embeddable":true,"href":"https:\/\/web2print.ro\/shop\/wp-json\/wp\/v2\/media\/461972"}],"wp:attachment":[{"href":"https:\/\/web2print.ro\/shop\/wp-json\/wp\/v2\/media?parent=112239"}],"wp:term":[{"taxonomy":"product_brand","embeddable":true,"href":"https:\/\/web2print.ro\/shop\/wp-json\/wp\/v2\/product_brand?post=112239"},{"taxonomy":"product_cat","embeddable":true,"href":"https:\/\/web2print.ro\/shop\/wp-json\/wp\/v2\/product_cat?post=112239"},{"taxonomy":"product_tag","embeddable":true,"href":"https:\/\/web2print.ro\/shop\/wp-json\/wp\/v2\/product_tag?post=112239"}],"curies":[{"name":"wp","href":"https:\/\/api.w.org\/{rel}","templated":true}]}}