{"id":112256,"date":"2025-06-10T15:20:47","date_gmt":"2025-06-10T12:20:47","guid":{"rendered":"https:\/\/web-support.eu\/web2print\/product\/diy-pen-factory-kit-i-joc-educational-pentru-copii\/"},"modified":"2026-05-06T19:34:04","modified_gmt":"2026-05-06T16:34:04","slug":"diy-pen-factory-kit-i-joc-educational-pentru-copii","status":"publish","type":"product","link":"https:\/\/web2print.ro\/shop\/diy-pen-factory-kit-i-joc-educational-pentru-copii\/","title":{"rendered":"Kit de fabricare a pixurilor DIY I. Joc educa\u021bional pentru copii personalizat"},"content":{"rendered":"<p>Fabrica de creioane DIY Pen Factory este juc\u0103ria ideal\u0103 pentru copiii c\u0103rora le place s\u0103 deseneze \u0219i s\u0103 coloreze, permi\u021b\u00e2ndu-le s\u0103 \u00ee\u0219i creeze propriile creioane. Exist\u0103 o mul\u021bime de experimente educa\u021bionale, cum ar fi crearea de stilouri care miros, au cerneal\u0103 invizibil\u0103, \u00ee\u0219i schimb\u0103 culoarea, str\u0103lucesc \u00een \u00eentuneric \u0219i multe altele! Aceast\u0103 trus\u0103 include 65 de con\u021binuturi esen\u021biale \u0219i 12 activit\u0103\u021bi super distractive. V\u00e2rsta recomandat\u0103: 6 + ani 207 x 300 x 60 mm<\/p>\n<table>\n<tr>\n<td><strong>Exterior cutie (m):<\/strong><\/td>\n<td>0.395&#215;0.315&#215;0.305<\/td>\n<\/tr>\n<tr>\n<td><strong>Greutate cutie (Kg.):<\/strong><\/td>\n<td>2.3<\/td>\n<\/tr>\n<tr>\n<td><strong>Exterior cutie (Pc.):<\/strong><\/td>\n<td>6<\/td>\n<\/tr>\n<tr>\n<td><strong>Taric:<\/strong><\/td>\n<td>9505900000<\/td>\n<\/tr>\n<tr>\n<td><strong>\u021aara de origine:<\/strong><\/td>\n<td>Portugalia<\/td>\n<\/tr>\n<tr>\n<td><strong>Certificate:<\/strong><\/td>\n<td>DOC<\/td>\n<\/tr>\n<\/table>\n","protected":false},"excerpt":{"rendered":"<p>Fabrica de creioane DIY Pen Factory este juc\u0103ria ideal\u0103 pentru copiii c\u0103rora le place s\u0103 deseneze \u0219i s\u0103 coloreze, permi\u021b\u00e2ndu-le s\u0103 \u00ee\u0219i creeze propriile creioane. Exist\u0103 o mul\u021bime de experimente educa\u021bionale, cum ar fi crearea de stilouri care miros, au cerneal\u0103 invizibil\u0103, \u00ee\u0219i schimb\u0103 culoarea, str\u0103lucesc \u00een \u00eentuneric \u0219i multe altele! Aceast\u0103 trus\u0103 include 65 de con\u021binuturi esen\u021biale \u0219i 12 activit\u0103\u021bi super distractive. V\u00e2rsta recomandat\u0103: 6 + ani<\/p>\n","protected":false},"featured_media":37637,"comment_status":"closed","ping_status":"open","template":"","meta":{"_joinchat":[]},"product_brand":[2759],"product_cat":[534],"product_tag":[],"class_list":{"0":"post-112256","1":"product","2":"type-product","3":"status-publish","4":"has-post-thumbnail","6":"product_brand-science4you-ro","7":"product_cat-jucarii-antistres","8":"pa_culoare-asortat","10":"first","11":"instock","12":"taxable","13":"shipping-taxable","14":"purchasable","15":"product-type-variable"},"_links":{"self":[{"href":"https:\/\/web2print.ro\/shop\/wp-json\/wp\/v2\/product\/112256","targetHints":{"allow":["GET"]}}],"collection":[{"href":"https:\/\/web2print.ro\/shop\/wp-json\/wp\/v2\/product"}],"about":[{"href":"https:\/\/web2print.ro\/shop\/wp-json\/wp\/v2\/types\/product"}],"replies":[{"embeddable":true,"href":"https:\/\/web2print.ro\/shop\/wp-json\/wp\/v2\/comments?post=112256"}],"wp:featuredmedia":[{"embeddable":true,"href":"https:\/\/web2print.ro\/shop\/wp-json\/wp\/v2\/media\/37637"}],"wp:attachment":[{"href":"https:\/\/web2print.ro\/shop\/wp-json\/wp\/v2\/media?parent=112256"}],"wp:term":[{"taxonomy":"product_brand","embeddable":true,"href":"https:\/\/web2print.ro\/shop\/wp-json\/wp\/v2\/product_brand?post=112256"},{"taxonomy":"product_cat","embeddable":true,"href":"https:\/\/web2print.ro\/shop\/wp-json\/wp\/v2\/product_cat?post=112256"},{"taxonomy":"product_tag","embeddable":true,"href":"https:\/\/web2print.ro\/shop\/wp-json\/wp\/v2\/product_tag?post=112256"}],"curies":[{"name":"wp","href":"https:\/\/api.w.org\/{rel}","templated":true}]}}