{"id":112281,"date":"2025-06-10T15:20:39","date_gmt":"2025-06-10T12:20:39","guid":{"rendered":"https:\/\/web-support.eu\/web2print\/product\/6-in-1-super-science-kit-ii-joc-educational-furnizat-cu-o-punga-cadou-din-hartie-kraft-100-g-m%c2%b2\/"},"modified":"2025-12-10T10:39:25","modified_gmt":"2025-12-10T08:39:25","slug":"6-in-1-super-science-kit-ii-joc-educational-furnizat-cu-o-punga-cadou-din-hartie-kraft-100-g-m%c2%b2","status":"publish","type":"product","link":"https:\/\/web2print.ro\/shop\/6-in-1-super-science-kit-ii-joc-educational-furnizat-cu-o-punga-cadou-din-hartie-kraft-100-g-m%c2%b2\/","title":{"rendered":"6 in 1 Super Science Kit II. Joc educa\u021bional furnizat cu o pung\u0103 cadou din h\u00e2rtie kraft (100 g\/m\u00b2) personalizat"},"content":{"rendered":"<p>Children become real scientists with the Super Science Kit 6 in1, a set of 150 experiments. With this kit, children will learn how to make chemical explosions and a fantastic tornado, as well as a volcanic eruption and a fun chemical rocket. This set of science experiments is designed to guide children in discovering the world of chemistry and science. Recommended age: 8 + years old. Supplied with a kraft paper gift bag (100 g\/m\u00b2). 380 x 293 x 80 mm in romana<\/p>\n<p>Copiii devin adev\u0103ra\u021bi oameni de \u0219tiin\u021b\u0103 cu Setul Super \u0218tiin\u021b\u0103 6 \u00een 1, un kit cu 150 de experimente. Cu acest set, copiii vor \u00eenv\u0103\u021ba cum s\u0103 creeze explozii chimice \u0219i un tornado fantastic, precum \u0219i o erup\u021bie vulcanic\u0103 \u0219i o rachet\u0103 chimic\u0103 amuzant\u0103.<\/p>\n<p>Acest set de experimente \u0219tiin\u021bifice este conceput pentru a-i ghida pe copii \u00een descoperirea lumii chimiei \u0219i \u0219tiin\u021bei.<\/p>\n<p>V\u00e2rsta recomandat\u0103: 8+ ani. Este livrat \u00eempreun\u0103 cu o pung\u0103 cadou din h\u00e2rtie kraft (100 g\/m\u00b2).<\/p>\n<p>Dimensiuni: 380 x 293 x 80 mm.<\/p>\n<table>\n<tbody>\n<tr>\n<td><strong>Exterior box (m):<\/strong><\/td>\n<td>0.512&#215;0.392&#215;0.313<\/td>\n<\/tr>\n<tr>\n<td><strong>Box weight (Kg.):<\/strong><\/td>\n<td>6.6<\/td>\n<\/tr>\n<tr>\n<td><strong>Exterior box (Pc.):<\/strong><\/td>\n<td>6<\/td>\n<\/tr>\n<tr>\n<td><strong>Taric:<\/strong><\/td>\n<td>9503004990<\/td>\n<\/tr>\n<tr>\n<td><strong>Country of Origin:<\/strong><\/td>\n<td>Portugal<\/td>\n<\/tr>\n<tr>\n<td><strong>Certificates:<\/strong><\/td>\n<td>DOC, SOC<\/td>\n<\/tr>\n<\/tbody>\n<\/table>\n","protected":false},"excerpt":{"rendered":"<p>Copiii devin adev\u0103ra\u021bi oameni de \u0219tiin\u021b\u0103 cu Super Science Kit 6 in1, un set de 150 de experimente. Cu acest kit, copiii vor \u00eenv\u0103\u021ba cum s\u0103 fac\u0103 explozii chimice \u0219i o tornad\u0103 fantastic\u0103, precum \u0219i o erup\u021bie vulcanic\u0103 \u0219i o rachet\u0103 chimic\u0103 distractiv\u0103. Acest set de experimente \u0219tiin\u021bifice este conceput pentru a-i ghida pe copii \u00een descoperirea lumii chimiei \u0219i a \u0219tiin\u021bei. V\u00e2rsta recomandat\u0103: 8 + ani. Furnizat cu o pung\u0103 cadou din h\u00e2rtie kraft (100 g\/m\u00b2)<\/p>\n","protected":false},"featured_media":460938,"comment_status":"closed","ping_status":"closed","template":"","meta":{"_joinchat":[]},"product_brand":[2759],"product_cat":[534],"product_tag":[],"class_list":{"0":"post-112281","1":"product","2":"type-product","3":"status-publish","4":"has-post-thumbnail","6":"product_brand-science4you-ro","7":"product_cat-jucarii-antistres","9":"first","10":"instock","11":"taxable","12":"shipping-taxable","13":"purchasable","14":"product-type-variable"},"_links":{"self":[{"href":"https:\/\/web2print.ro\/shop\/wp-json\/wp\/v2\/product\/112281","targetHints":{"allow":["GET"]}}],"collection":[{"href":"https:\/\/web2print.ro\/shop\/wp-json\/wp\/v2\/product"}],"about":[{"href":"https:\/\/web2print.ro\/shop\/wp-json\/wp\/v2\/types\/product"}],"replies":[{"embeddable":true,"href":"https:\/\/web2print.ro\/shop\/wp-json\/wp\/v2\/comments?post=112281"}],"wp:featuredmedia":[{"embeddable":true,"href":"https:\/\/web2print.ro\/shop\/wp-json\/wp\/v2\/media\/460938"}],"wp:attachment":[{"href":"https:\/\/web2print.ro\/shop\/wp-json\/wp\/v2\/media?parent=112281"}],"wp:term":[{"taxonomy":"product_brand","embeddable":true,"href":"https:\/\/web2print.ro\/shop\/wp-json\/wp\/v2\/product_brand?post=112281"},{"taxonomy":"product_cat","embeddable":true,"href":"https:\/\/web2print.ro\/shop\/wp-json\/wp\/v2\/product_cat?post=112281"},{"taxonomy":"product_tag","embeddable":true,"href":"https:\/\/web2print.ro\/shop\/wp-json\/wp\/v2\/product_tag?post=112281"}],"curies":[{"name":"wp","href":"https:\/\/api.w.org\/{rel}","templated":true}]}}