{"id":112285,"date":"2025-06-10T15:20:41","date_gmt":"2025-06-10T12:20:41","guid":{"rendered":"https:\/\/web-support.eu\/web2print\/product\/fossil-excavation-kit-i-joc-educational-pentru-copii\/"},"modified":"2026-05-06T19:35:07","modified_gmt":"2026-05-06T16:35:07","slug":"fossil-excavation-kit-i-joc-educational-pentru-copii","status":"publish","type":"product","link":"https:\/\/web2print.ro\/shop\/fossil-excavation-kit-i-joc-educational-pentru-copii\/","title":{"rendered":"Kit de excavare a fosilelor I. personalizat"},"content":{"rendered":"<p>Joc educativ pentru copii, ideal pentru a \u00eenv\u0103\u021ba ce a cauzat extinc\u021bia dinozaurilor \u0219i cum se excaveaz\u0103 fosile. Kit de excavare fosile pentru a dezgropa \u0219i asambla o fosil\u0103 de T-Rex. Distreaz\u0103-te \u00een timp ce \u00eenve\u021bi cele mai bune tehnici de excavare \u0219i ce a dus la dispari\u021bia dinozaurilor.<\/p>\n<p>V\u00e2rsta recomandat\u0103: 6+ ani.<\/p>\n<p>Dimensiuni: 163 x 222 x 55 mm.<\/p>\n<table>\n<tbody>\n<tr>\n<td><strong>Exterior box (m):<\/strong><\/td>\n<td>0.355&#215;0.240&#215;0.170<\/td>\n<\/tr>\n<tr>\n<td><strong>Box weight (Kg.):<\/strong><\/td>\n<td>1.5<\/td>\n<\/tr>\n<tr>\n<td><strong>Exterior box (Pc.):<\/strong><\/td>\n<td>6<\/td>\n<\/tr>\n<tr>\n<td><strong>Taric:<\/strong><\/td>\n<td>9505900000<\/td>\n<\/tr>\n<tr>\n<td><strong>Country of Origin:<\/strong><\/td>\n<td>Portugal<\/td>\n<\/tr>\n<tr>\n<td><strong>Certificates:<\/strong><\/td>\n<td>DOC<\/td>\n<\/tr>\n<\/tbody>\n<\/table>\n","protected":false},"excerpt":{"rendered":"<p>Joc educativ pentru copii care \u00eenva\u021b\u0103 ce a cauzat dispari\u021bia dinozaurilor \u0219i cum s\u0103 excaveze fosile. Kit de excavare a fosilelor pentru dezgroparea \u0219i asamblarea unei fosile de T-rex. Distreaz\u0103-te \u00een timp ce \u00eenve\u021bi cele mai bune tehnici de excavare \u0219i ce a cauzat dispari\u021bia dinozaurilor. V\u00e2rsta recomandat\u0103: 6 + ani<\/p>\n","protected":false},"featured_media":462067,"comment_status":"closed","ping_status":"closed","template":"","meta":{"_joinchat":[]},"product_brand":[2759],"product_cat":[534],"product_tag":[],"class_list":{"0":"post-112285","1":"product","2":"type-product","3":"status-publish","4":"has-post-thumbnail","6":"product_brand-science4you-ro","7":"product_cat-jucarii-antistres","9":"first","10":"instock","11":"taxable","12":"shipping-taxable","13":"purchasable","14":"product-type-variable"},"_links":{"self":[{"href":"https:\/\/web2print.ro\/shop\/wp-json\/wp\/v2\/product\/112285","targetHints":{"allow":["GET"]}}],"collection":[{"href":"https:\/\/web2print.ro\/shop\/wp-json\/wp\/v2\/product"}],"about":[{"href":"https:\/\/web2print.ro\/shop\/wp-json\/wp\/v2\/types\/product"}],"replies":[{"embeddable":true,"href":"https:\/\/web2print.ro\/shop\/wp-json\/wp\/v2\/comments?post=112285"}],"wp:featuredmedia":[{"embeddable":true,"href":"https:\/\/web2print.ro\/shop\/wp-json\/wp\/v2\/media\/462067"}],"wp:attachment":[{"href":"https:\/\/web2print.ro\/shop\/wp-json\/wp\/v2\/media?parent=112285"}],"wp:term":[{"taxonomy":"product_brand","embeddable":true,"href":"https:\/\/web2print.ro\/shop\/wp-json\/wp\/v2\/product_brand?post=112285"},{"taxonomy":"product_cat","embeddable":true,"href":"https:\/\/web2print.ro\/shop\/wp-json\/wp\/v2\/product_cat?post=112285"},{"taxonomy":"product_tag","embeddable":true,"href":"https:\/\/web2print.ro\/shop\/wp-json\/wp\/v2\/product_tag?post=112285"}],"curies":[{"name":"wp","href":"https:\/\/api.w.org\/{rel}","templated":true}]}}