{"id":112345,"date":"2025-06-10T15:20:26","date_gmt":"2025-06-10T12:20:26","guid":{"rendered":"https:\/\/web-support.eu\/web2print\/product\/jurassic-pets-kit-iii-joc-educational-furnizat-cu-o-punga-cadou-din-hartie-kraft-90-g-m%c2%b2\/"},"modified":"2025-12-10T10:38:04","modified_gmt":"2025-12-10T08:38:04","slug":"jurassic-pets-kit-iii-joc-educational-furnizat-cu-o-punga-cadou-din-hartie-kraft-90-g-m%c2%b2","status":"publish","type":"product","link":"https:\/\/web2print.ro\/shop\/jurassic-pets-kit-iii-joc-educational-furnizat-cu-o-punga-cadou-din-hartie-kraft-90-g-m%c2%b2\/","title":{"rendered":"Jurassic Pets Kit III. Joc educa\u021bional furnizat cu o pung\u0103 cadou din h\u00e2rtie kraft (90 g\/m\u00b2) personalizat"},"content":{"rendered":"<p>Joc educativ pentru copii, care \u00eei \u00eenva\u021b\u0103 cum s\u0103 \u00eengrijeasc\u0103 animale de companie acvatice din perioada jurasic\u0103. Kit pentru construirea unui ecosistem acvatic folosind ou\u0103 de artemia salina (o rud\u0103 apropiat\u0103 a triop\u0219ilor). Urm\u0103re\u0219te ciclul de via\u021b\u0103 al animalelor marine preistorice \u0219i \u00eenva\u021b\u0103 cum s\u0103 distingi \u00eentre masculi \u0219i femele, sau alte curiozit\u0103\u021bi.<\/p>\n<p>V\u00e2rsta recomandat\u0103: 6+ ani. Este livrat \u00eempreun\u0103 cu o pung\u0103 cadou din h\u00e2rtie kraft (90 g\/m\u00b2).<\/p>\n<p>Dimensiuni: 114 x 92 x 92 mm.<\/p>\n<table>\n<tr>\n<td><strong>Exterior box (m):<\/strong><\/td>\n<td>0.300&#215;0.200&#215;0.347<\/td>\n<\/tr>\n<tr>\n<td><strong>Box weight (Kg.):<\/strong><\/td>\n<td>4.4<\/td>\n<\/tr>\n<tr>\n<td><strong>Exterior box (Pc.):<\/strong><\/td>\n<td>12<\/td>\n<\/tr>\n<tr>\n<td><strong>Taric:<\/strong><\/td>\n<td>9503009990<\/td>\n<\/tr>\n<tr>\n<td><strong>Country of Origin:<\/strong><\/td>\n<td>Portugal<\/td>\n<\/tr>\n<tr>\n<td><strong>Certificates:<\/strong><\/td>\n<td>DOC, SOC<\/td>\n<\/tr>\n<\/table>\n","protected":false},"excerpt":{"rendered":"<p>Joc educativ pentru copii pentru a \u00eenv\u0103\u021ba cum s\u0103 aib\u0103 grij\u0103 de animalele de companie acvatice din vremurile jurasice. Kit pentru construirea unui ecosistem acvatic folosind ou\u0103 de creve\u021bi de saramur\u0103 (o rud\u0103 apropiat\u0103 a triops). Urm\u0103re\u0219te ciclul de via\u021b\u0103 al animalelor marine preistorice \u0219i \u00eenva\u021b\u0103 cum s\u0103 distingi \u00eentre masculi \u0219i femele sau alte curiozit\u0103\u021bi. V\u00e2rsta recomandat\u0103: 6 + ani. Furnizat cu o pung\u0103 cadou din h\u00e2rtie kraft (90 g\/m\u00b2)<\/p>\n","protected":false},"featured_media":38168,"comment_status":"closed","ping_status":"open","template":"","meta":{"_joinchat":[]},"product_brand":[2759],"product_cat":[534],"product_tag":[],"class_list":{"0":"post-112345","1":"product","2":"type-product","3":"status-publish","4":"has-post-thumbnail","6":"product_brand-science4you-ro","7":"product_cat-jucarii-antistres","9":"first","10":"instock","11":"taxable","12":"shipping-taxable","13":"purchasable","14":"product-type-variable"},"_links":{"self":[{"href":"https:\/\/web2print.ro\/shop\/wp-json\/wp\/v2\/product\/112345","targetHints":{"allow":["GET"]}}],"collection":[{"href":"https:\/\/web2print.ro\/shop\/wp-json\/wp\/v2\/product"}],"about":[{"href":"https:\/\/web2print.ro\/shop\/wp-json\/wp\/v2\/types\/product"}],"replies":[{"embeddable":true,"href":"https:\/\/web2print.ro\/shop\/wp-json\/wp\/v2\/comments?post=112345"}],"wp:featuredmedia":[{"embeddable":true,"href":"https:\/\/web2print.ro\/shop\/wp-json\/wp\/v2\/media\/38168"}],"wp:attachment":[{"href":"https:\/\/web2print.ro\/shop\/wp-json\/wp\/v2\/media?parent=112345"}],"wp:term":[{"taxonomy":"product_brand","embeddable":true,"href":"https:\/\/web2print.ro\/shop\/wp-json\/wp\/v2\/product_brand?post=112345"},{"taxonomy":"product_cat","embeddable":true,"href":"https:\/\/web2print.ro\/shop\/wp-json\/wp\/v2\/product_cat?post=112345"},{"taxonomy":"product_tag","embeddable":true,"href":"https:\/\/web2print.ro\/shop\/wp-json\/wp\/v2\/product_tag?post=112345"}],"curies":[{"name":"wp","href":"https:\/\/api.w.org\/{rel}","templated":true}]}}