{"id":112349,"date":"2025-06-10T15:20:16","date_gmt":"2025-06-10T12:20:16","guid":{"rendered":"https:\/\/web-support.eu\/web2print\/product\/mystery-potions-kit-ii-joc-educational-furnizat-cu-o-punga-cadou-din-hartie-kraft-100-g-m%c2%b2\/"},"modified":"2025-12-10T10:38:01","modified_gmt":"2025-12-10T08:38:01","slug":"mystery-potions-kit-ii-joc-educational-furnizat-cu-o-punga-cadou-din-hartie-kraft-100-g-m%c2%b2","status":"publish","type":"product","link":"https:\/\/web2print.ro\/shop\/mystery-potions-kit-ii-joc-educational-furnizat-cu-o-punga-cadou-din-hartie-kraft-100-g-m%c2%b2\/","title":{"rendered":"Kit de Po\u021biuni Misterioase II. Joc educa\u021bional furnizat cu o pung\u0103 cadou din h\u00e2rtie kraft (100 g\/m\u00b2) personalizat"},"content":{"rendered":"<p>Kit didactic pentru copii, ce combin\u0103 experimente magice, \u0219tiin\u021b\u0103, educa\u021bie \u0219i distrac\u021bie! Aceast\u0103 juc\u0103rie include 32 de componente \u0219i 15 experimente magice. Po\u021bi crea po\u021biuni care lumineaz\u0103 \u00een \u00eentuneric, bule de s\u0103pun uria\u0219e \u0219i chiar un colier cu o po\u021biune magic\u0103. Setul include o baghet\u0103 magic\u0103 \u0219i un cazan pentru po\u021biuni.<\/p>\n<p>V\u00e2rsta recomandat\u0103: 8+ ani. Este livrat \u00eempreun\u0103 cu o pung\u0103 cadou din h\u00e2rtie kraft (100 g\/m\u00b2).<\/p>\n<p>Dimensiuni: 380 x 290 x 80 mm.<\/p>\n<table>\n<tr>\n<td><strong>Exterior box (m):<\/strong><\/td>\n<td>0.512&#215;0.392&#215;0.313<\/td>\n<\/tr>\n<tr>\n<td><strong>Box weight (Kg.):<\/strong><\/td>\n<td>3.9<\/td>\n<\/tr>\n<tr>\n<td><strong>Exterior box (Pc.):<\/strong><\/td>\n<td>6<\/td>\n<\/tr>\n<tr>\n<td><strong>Taric:<\/strong><\/td>\n<td>9503009990<\/td>\n<\/tr>\n<tr>\n<td><strong>Country of Origin:<\/strong><\/td>\n<td>Portugal<\/td>\n<\/tr>\n<tr>\n<td><strong>Certificates:<\/strong><\/td>\n<td>DOC, SOC<\/td>\n<\/tr>\n<\/table>\n","protected":false},"excerpt":{"rendered":"<p>Trus\u0103 didactic\u0103 pentru copii, care combin\u0103 experimentele magice, \u0219tiin\u021ba, educa\u021bia \u0219i distrac\u021bia! Aceast\u0103 juc\u0103rie include 32 de con\u021binuturi \u0219i 15 experimente magice. Po\u021bi face po\u021biuni care str\u0103lucesc \u00een \u00eentuneric, baloane de s\u0103pun uria\u0219e \u0219i po\u021bi crea un colier cu o po\u021biune magic\u0103. Include o baghet\u0103 magic\u0103 \u0219i un cazan pentru po\u021biuni. V\u00e2rsta recomandat\u0103: 8 + ani. Furnizat cu o pung\u0103 cadou din h\u00e2rtie kraft (100 g\/m\u00b2)<\/p>\n","protected":false},"featured_media":38204,"comment_status":"closed","ping_status":"open","template":"","meta":{"_joinchat":[]},"product_brand":[2759],"product_cat":[534],"product_tag":[],"class_list":{"0":"post-112349","1":"product","2":"type-product","3":"status-publish","4":"has-post-thumbnail","6":"product_brand-science4you-ro","7":"product_cat-jucarii-antistres","9":"first","10":"instock","11":"taxable","12":"shipping-taxable","13":"purchasable","14":"product-type-variable"},"_links":{"self":[{"href":"https:\/\/web2print.ro\/shop\/wp-json\/wp\/v2\/product\/112349","targetHints":{"allow":["GET"]}}],"collection":[{"href":"https:\/\/web2print.ro\/shop\/wp-json\/wp\/v2\/product"}],"about":[{"href":"https:\/\/web2print.ro\/shop\/wp-json\/wp\/v2\/types\/product"}],"replies":[{"embeddable":true,"href":"https:\/\/web2print.ro\/shop\/wp-json\/wp\/v2\/comments?post=112349"}],"wp:featuredmedia":[{"embeddable":true,"href":"https:\/\/web2print.ro\/shop\/wp-json\/wp\/v2\/media\/38204"}],"wp:attachment":[{"href":"https:\/\/web2print.ro\/shop\/wp-json\/wp\/v2\/media?parent=112349"}],"wp:term":[{"taxonomy":"product_brand","embeddable":true,"href":"https:\/\/web2print.ro\/shop\/wp-json\/wp\/v2\/product_brand?post=112349"},{"taxonomy":"product_cat","embeddable":true,"href":"https:\/\/web2print.ro\/shop\/wp-json\/wp\/v2\/product_cat?post=112349"},{"taxonomy":"product_tag","embeddable":true,"href":"https:\/\/web2print.ro\/shop\/wp-json\/wp\/v2\/product_tag?post=112349"}],"curies":[{"name":"wp","href":"https:\/\/api.w.org\/{rel}","templated":true}]}}