{"id":112353,"date":"2025-06-10T15:20:17","date_gmt":"2025-06-10T12:20:17","guid":{"rendered":"https:\/\/web-support.eu\/web2print\/product\/tattoo-factory-kit-i-joc-educational-pentru-copii\/"},"modified":"2026-05-06T19:35:10","modified_gmt":"2026-05-06T16:35:10","slug":"tattoo-factory-kit-i-joc-educational-pentru-copii","status":"publish","type":"product","link":"https:\/\/web2print.ro\/shop\/tattoo-factory-kit-i-joc-educational-pentru-copii\/","title":{"rendered":"Tattoo Factory Kit I. Joc educa\u021bional pentru copii personalizat"},"content":{"rendered":"<p>Joc educativ pentru copii, ideal pentru a-\u0219i preg\u0103ti primele tatuaje temporare. Un kit pentru a descoperi istoria \u0219i diferitele metode de tatuare, explor\u00e2nd cele 23 de elemente disponibile \u00een acest set.<\/p>\n<p>V\u00e2rsta recomandat\u0103: 8+ ani.<\/p>\n<p>Dimensiuni: 384 x 303 x 59 mm.<\/p>\n<table>\n<tr>\n<td><strong>Exterior box (m):<\/strong><\/td>\n<td>0.402&#215;0.385&#215;0.325<\/td>\n<\/tr>\n<tr>\n<td><strong>Box weight (Kg.):<\/strong><\/td>\n<td>6<\/td>\n<\/tr>\n<tr>\n<td><strong>Exterior box (Pc.):<\/strong><\/td>\n<td>6<\/td>\n<\/tr>\n<tr>\n<td><strong>Taric:<\/strong><\/td>\n<td>9503009990<\/td>\n<\/tr>\n<tr>\n<td><strong>Country of Origin:<\/strong><\/td>\n<td>Portugal<\/td>\n<\/tr>\n<tr>\n<td><strong>Certificates:<\/strong><\/td>\n<td>DOC<\/td>\n<\/tr>\n<\/table>\n","protected":false},"excerpt":{"rendered":"<p>Joc educativ pentru copii, ideal pentru a le preg\u0103ti primele tatuaje temporare. Un kit pentru a descoperi istoria \u0219i diferitele metode de tatuare, explor\u00e2nd cele 23 de con\u021binuturi disponibile \u00een acest set. V\u00e2rsta recomandat\u0103: 8 + ani<\/p>\n","protected":false},"featured_media":38240,"comment_status":"closed","ping_status":"open","template":"","meta":{"_joinchat":[]},"product_brand":[2759],"product_cat":[534],"product_tag":[],"class_list":{"0":"post-112353","1":"product","2":"type-product","3":"status-publish","4":"has-post-thumbnail","6":"product_brand-science4you-ro","7":"product_cat-jucarii-antistres","9":"first","10":"instock","11":"taxable","12":"shipping-taxable","13":"purchasable","14":"product-type-variable"},"_links":{"self":[{"href":"https:\/\/web2print.ro\/shop\/wp-json\/wp\/v2\/product\/112353","targetHints":{"allow":["GET"]}}],"collection":[{"href":"https:\/\/web2print.ro\/shop\/wp-json\/wp\/v2\/product"}],"about":[{"href":"https:\/\/web2print.ro\/shop\/wp-json\/wp\/v2\/types\/product"}],"replies":[{"embeddable":true,"href":"https:\/\/web2print.ro\/shop\/wp-json\/wp\/v2\/comments?post=112353"}],"wp:featuredmedia":[{"embeddable":true,"href":"https:\/\/web2print.ro\/shop\/wp-json\/wp\/v2\/media\/38240"}],"wp:attachment":[{"href":"https:\/\/web2print.ro\/shop\/wp-json\/wp\/v2\/media?parent=112353"}],"wp:term":[{"taxonomy":"product_brand","embeddable":true,"href":"https:\/\/web2print.ro\/shop\/wp-json\/wp\/v2\/product_brand?post=112353"},{"taxonomy":"product_cat","embeddable":true,"href":"https:\/\/web2print.ro\/shop\/wp-json\/wp\/v2\/product_cat?post=112353"},{"taxonomy":"product_tag","embeddable":true,"href":"https:\/\/web2print.ro\/shop\/wp-json\/wp\/v2\/product_tag?post=112353"}],"curies":[{"name":"wp","href":"https:\/\/api.w.org\/{rel}","templated":true}]}}