{"id":112357,"date":"2025-06-10T15:20:19","date_gmt":"2025-06-10T12:20:19","guid":{"rendered":"https:\/\/web-support.eu\/web2print\/product\/tattoo-factory-kit-iii-joc-educational-furnizat-cu-o-punga-cadou-din-hartie-kraft-115-g-m%c2%b2\/"},"modified":"2025-12-10T10:37:57","modified_gmt":"2025-12-10T08:37:57","slug":"tattoo-factory-kit-iii-joc-educational-furnizat-cu-o-punga-cadou-din-hartie-kraft-115-g-m%c2%b2","status":"publish","type":"product","link":"https:\/\/web2print.ro\/shop\/tattoo-factory-kit-iii-joc-educational-furnizat-cu-o-punga-cadou-din-hartie-kraft-115-g-m%c2%b2\/","title":{"rendered":"Kit Fabrica de Tatuaje III. Joc educa\u021bional furnizat cu o pung\u0103 cadou din h\u00e2rtie kraft (115 g\/m\u00b2) personalizat\u0103"},"content":{"rendered":"<p>Educational game for children, ideal for preparing their first temporary tattoos. A Kit to discover the history and different methods of tattooing, exploring the 23 contents available in this set. Recommended age: 8 + years old. Supplied with a kraft paper gift bag (115 g\/m\u00b2). 384 x 303 x 59 mm in romana<\/p>\n<p>Joc educativ pentru copii, ideal pentru a-\u0219i preg\u0103ti primele tatuaje temporare. Un kit pentru a descoperi istoria \u0219i diferitele metode de tatuare, explor\u00e2nd cele 23 de elemente disponibile \u00een acest set.<\/p>\n<p>V\u00e2rsta recomandat\u0103: 8+ ani. Este livrat \u00eempreun\u0103 cu o pung\u0103 cadou din h\u00e2rtie kraft (115 g\/m\u00b2).<\/p>\n<p>Dimensiuni: 384 x 303 x 59 mm.<\/p>\n<table>\n<tr>\n<td><strong>Exterior box (m):<\/strong><\/td>\n<td>0.402&#215;0.385&#215;0.336<\/td>\n<\/tr>\n<tr>\n<td><strong>Box weight (Kg.):<\/strong><\/td>\n<td>6.4<\/td>\n<\/tr>\n<tr>\n<td><strong>Exterior box (Pc.):<\/strong><\/td>\n<td>6<\/td>\n<\/tr>\n<tr>\n<td><strong>Taric:<\/strong><\/td>\n<td>9503009990<\/td>\n<\/tr>\n<tr>\n<td><strong>Country of Origin:<\/strong><\/td>\n<td>Portugal<\/td>\n<\/tr>\n<tr>\n<td><strong>Certificates:<\/strong><\/td>\n<td>DOC, SOC<\/td>\n<\/tr>\n<\/table>\n","protected":false},"excerpt":{"rendered":"<p>Joc educativ pentru copii, ideal pentru a le preg\u0103ti primele tatuaje temporare. Un kit pentru a descoperi istoria \u0219i diferitele metode de tatuare, explor\u00e2nd cele 23 de con\u021binuturi disponibile \u00een acest set. V\u00e2rsta recomandat\u0103: 8 + ani. Furnizat cu o pung\u0103 cadou din h\u00e2rtie kraft (115 g\/m\u00b2)<\/p>\n","protected":false},"featured_media":38276,"comment_status":"closed","ping_status":"open","template":"","meta":{"_joinchat":[]},"product_brand":[2759],"product_cat":[534],"product_tag":[],"class_list":{"0":"post-112357","1":"product","2":"type-product","3":"status-publish","4":"has-post-thumbnail","6":"product_brand-science4you-ro","7":"product_cat-jucarii-antistres","9":"first","10":"instock","11":"taxable","12":"shipping-taxable","13":"purchasable","14":"product-type-variable"},"_links":{"self":[{"href":"https:\/\/web2print.ro\/shop\/wp-json\/wp\/v2\/product\/112357","targetHints":{"allow":["GET"]}}],"collection":[{"href":"https:\/\/web2print.ro\/shop\/wp-json\/wp\/v2\/product"}],"about":[{"href":"https:\/\/web2print.ro\/shop\/wp-json\/wp\/v2\/types\/product"}],"replies":[{"embeddable":true,"href":"https:\/\/web2print.ro\/shop\/wp-json\/wp\/v2\/comments?post=112357"}],"wp:featuredmedia":[{"embeddable":true,"href":"https:\/\/web2print.ro\/shop\/wp-json\/wp\/v2\/media\/38276"}],"wp:attachment":[{"href":"https:\/\/web2print.ro\/shop\/wp-json\/wp\/v2\/media?parent=112357"}],"wp:term":[{"taxonomy":"product_brand","embeddable":true,"href":"https:\/\/web2print.ro\/shop\/wp-json\/wp\/v2\/product_brand?post=112357"},{"taxonomy":"product_cat","embeddable":true,"href":"https:\/\/web2print.ro\/shop\/wp-json\/wp\/v2\/product_cat?post=112357"},{"taxonomy":"product_tag","embeddable":true,"href":"https:\/\/web2print.ro\/shop\/wp-json\/wp\/v2\/product_tag?post=112357"}],"curies":[{"name":"wp","href":"https:\/\/api.w.org\/{rel}","templated":true}]}}