{"id":112359,"date":"2025-06-10T15:20:19","date_gmt":"2025-06-10T12:20:19","guid":{"rendered":"https:\/\/web-support.eu\/web2print\/product\/bath-bombs-kit-i-joc-educational-pentru-copii\/"},"modified":"2026-05-06T19:35:11","modified_gmt":"2026-05-06T16:35:11","slug":"bath-bombs-kit-i-joc-educational-pentru-copii","status":"publish","type":"product","link":"https:\/\/web2print.ro\/shop\/bath-bombs-kit-i-joc-educational-pentru-copii\/","title":{"rendered":"Kit de bombe de baie I. Joc educa\u021bional pentru copii personalizat"},"content":{"rendered":"<p>Juc\u0103rie educativ\u0103 pentru copii, ideal\u0103 pentru a preg\u0103ti \u0219i a se bucura \u00een baie. Un kit pentru a crea bombe de baie spumante \u0219i relaxante, \u00een diferite culori \u0219i forme.<\/p>\n<p>V\u00e2rsta recomandat\u0103: 8+ ani.<\/p>\n<p>Dimensiuni: 233 x 218 x 63 mm.<\/p>\n<table>\n<tr>\n<td><strong>Exterior box (m):<\/strong><\/td>\n<td>0.427&#215;0.246&#215;0.234<\/td>\n<\/tr>\n<tr>\n<td><strong>Box weight (Kg.):<\/strong><\/td>\n<td>4.1<\/td>\n<\/tr>\n<tr>\n<td><strong>Exterior box (Pc.):<\/strong><\/td>\n<td>6<\/td>\n<\/tr>\n<tr>\n<td><strong>Taric:<\/strong><\/td>\n<td>9503009990<\/td>\n<\/tr>\n<tr>\n<td><strong>Country of Origin:<\/strong><\/td>\n<td>Portugal<\/td>\n<\/tr>\n<tr>\n<td><strong>Certificates:<\/strong><\/td>\n<td>DOC<\/td>\n<\/tr>\n<\/table>\n","protected":false},"excerpt":{"rendered":"<p>Juc\u0103rie educativ\u0103 pentru copii pentru a preg\u0103ti \u0219i a se bucura \u00een baie. Un Kit pentru a realiza bombe de baie spumoase \u0219i relaxante \u00een diferite culori \u0219i forme. V\u00e2rsta recomandat\u0103: 8 + ani<\/p>\n","protected":false},"featured_media":38294,"comment_status":"closed","ping_status":"open","template":"","meta":{"_joinchat":[]},"product_brand":[2759],"product_cat":[534],"product_tag":[],"class_list":{"0":"post-112359","1":"product","2":"type-product","3":"status-publish","4":"has-post-thumbnail","6":"product_brand-science4you-ro","7":"product_cat-jucarii-antistres","9":"first","10":"instock","11":"taxable","12":"shipping-taxable","13":"purchasable","14":"product-type-variable"},"_links":{"self":[{"href":"https:\/\/web2print.ro\/shop\/wp-json\/wp\/v2\/product\/112359","targetHints":{"allow":["GET"]}}],"collection":[{"href":"https:\/\/web2print.ro\/shop\/wp-json\/wp\/v2\/product"}],"about":[{"href":"https:\/\/web2print.ro\/shop\/wp-json\/wp\/v2\/types\/product"}],"replies":[{"embeddable":true,"href":"https:\/\/web2print.ro\/shop\/wp-json\/wp\/v2\/comments?post=112359"}],"wp:featuredmedia":[{"embeddable":true,"href":"https:\/\/web2print.ro\/shop\/wp-json\/wp\/v2\/media\/38294"}],"wp:attachment":[{"href":"https:\/\/web2print.ro\/shop\/wp-json\/wp\/v2\/media?parent=112359"}],"wp:term":[{"taxonomy":"product_brand","embeddable":true,"href":"https:\/\/web2print.ro\/shop\/wp-json\/wp\/v2\/product_brand?post=112359"},{"taxonomy":"product_cat","embeddable":true,"href":"https:\/\/web2print.ro\/shop\/wp-json\/wp\/v2\/product_cat?post=112359"},{"taxonomy":"product_tag","embeddable":true,"href":"https:\/\/web2print.ro\/shop\/wp-json\/wp\/v2\/product_tag?post=112359"}],"curies":[{"name":"wp","href":"https:\/\/api.w.org\/{rel}","templated":true}]}}