{"id":112404,"date":"2025-06-10T15:20:07","date_gmt":"2025-06-10T12:20:07","guid":{"rendered":"https:\/\/web-support.eu\/web2print\/product\/perfume-soap-factory-kit-v-joc-educational-furnizat-cu-o-punga-de-cadou-pliabila-190t\/"},"modified":"2025-12-10T10:37:53","modified_gmt":"2025-12-10T08:37:53","slug":"perfume-soap-factory-kit-v-joc-educational-furnizat-cu-o-punga-de-cadou-pliabila-190t","status":"publish","type":"product","link":"https:\/\/web2print.ro\/shop\/perfume-soap-factory-kit-v-joc-educational-furnizat-cu-o-punga-de-cadou-pliabila-190t\/","title":{"rendered":"Perfume &#038; Soap Factory Kit V. Joc educa\u021bional furnizat cu o pung\u0103 de cadou pliabil\u0103 190T personalizat"},"content":{"rendered":"<p>Jocul educativ Fabrica de Parfumuri \u0219i S\u0103punuri este ideal pentru ca cei mici s\u0103 descopere cum s\u0103 \u00ee\u0219i creeze propriile s\u0103punuri \u0219i parfumuri.<\/p>\n<p>V\u00e2rsta recomandat\u0103: 8+ ani. Este livrat \u00eempreun\u0103 cu o pung\u0103 cadou pliabil\u0103 din 190T.<\/p>\n<p>Dimensiuni: 234 x 220 x 65 mm.<\/p>\n<table>\n<tbody>\n<tr>\n<td><strong>Exterior box (m):<\/strong><\/td>\n<td>0.427&#215;0.246&#215;0.245<\/td>\n<\/tr>\n<tr>\n<td><strong>Box weight (Kg.):<\/strong><\/td>\n<td>3.9<\/td>\n<\/tr>\n<tr>\n<td><strong>Exterior box (Pc.):<\/strong><\/td>\n<td>6<\/td>\n<\/tr>\n<tr>\n<td><strong>Taric:<\/strong><\/td>\n<td>9505900000<\/td>\n<\/tr>\n<tr>\n<td><strong>Country of Origin:<\/strong><\/td>\n<td>Portugal<\/td>\n<\/tr>\n<tr>\n<td><strong>Certificates:<\/strong><\/td>\n<td>DOC, SOC<\/td>\n<\/tr>\n<\/tbody>\n<\/table>\n","protected":false},"excerpt":{"rendered":"<p>Joc educativ Fabrica de parfumuri \u0219i s\u0103punuri, ideal pentru copii pentru a descoperi cum s\u0103 \u00ee\u0219i fac\u0103 propriile s\u0103punuri \u0219i parfumuri. V\u00e2rsta recomandat\u0103: 8 + ani. Furnizat cu o pung\u0103 de cadou pliabil\u0103 190T<\/p>\n","protected":false},"featured_media":462169,"comment_status":"closed","ping_status":"closed","template":"","meta":{"_joinchat":[]},"product_brand":[2759],"product_cat":[534],"product_tag":[],"class_list":{"0":"post-112404","1":"product","2":"type-product","3":"status-publish","4":"has-post-thumbnail","6":"product_brand-science4you-ro","7":"product_cat-jucarii-antistres","9":"first","10":"instock","11":"taxable","12":"shipping-taxable","13":"purchasable","14":"product-type-variable"},"_links":{"self":[{"href":"https:\/\/web2print.ro\/shop\/wp-json\/wp\/v2\/product\/112404","targetHints":{"allow":["GET"]}}],"collection":[{"href":"https:\/\/web2print.ro\/shop\/wp-json\/wp\/v2\/product"}],"about":[{"href":"https:\/\/web2print.ro\/shop\/wp-json\/wp\/v2\/types\/product"}],"replies":[{"embeddable":true,"href":"https:\/\/web2print.ro\/shop\/wp-json\/wp\/v2\/comments?post=112404"}],"wp:featuredmedia":[{"embeddable":true,"href":"https:\/\/web2print.ro\/shop\/wp-json\/wp\/v2\/media\/462169"}],"wp:attachment":[{"href":"https:\/\/web2print.ro\/shop\/wp-json\/wp\/v2\/media?parent=112404"}],"wp:term":[{"taxonomy":"product_brand","embeddable":true,"href":"https:\/\/web2print.ro\/shop\/wp-json\/wp\/v2\/product_brand?post=112404"},{"taxonomy":"product_cat","embeddable":true,"href":"https:\/\/web2print.ro\/shop\/wp-json\/wp\/v2\/product_cat?post=112404"},{"taxonomy":"product_tag","embeddable":true,"href":"https:\/\/web2print.ro\/shop\/wp-json\/wp\/v2\/product_tag?post=112404"}],"curies":[{"name":"wp","href":"https:\/\/api.w.org\/{rel}","templated":true}]}}