{"id":112417,"date":"2025-06-10T15:19:59","date_gmt":"2025-06-10T12:19:59","guid":{"rendered":"https:\/\/web-support.eu\/web2print\/product\/makeup-studio-kit-ii-joc-educational-furnizat-cu-o-punga-de-cadou-pliabila-190t\/"},"modified":"2025-12-10T10:37:46","modified_gmt":"2025-12-10T08:37:46","slug":"makeup-studio-kit-ii-joc-educational-furnizat-cu-o-punga-de-cadou-pliabila-190t","status":"publish","type":"product","link":"https:\/\/web2print.ro\/shop\/makeup-studio-kit-ii-joc-educational-furnizat-cu-o-punga-de-cadou-pliabila-190t\/","title":{"rendered":"Kit de machiaj Studio II. Joc educa\u021bional furnizat cu o pung\u0103 de cadou pliabil\u0103 190T personalizat"},"content":{"rendered":"<p>Trusa de Machiaj pentru Copii. Acest kit de machiaj permite realizarea de farduri de pleoape \u0219i blushuri, crearea de produse de \u00eengrijire a pielii exfoliante, fabricarea de rujuri de cas\u0103, producerea de demachiant \u0219i multe alte experimente.<\/p>\n<p>V\u00e2rsta recomandat\u0103: 8+ ani. Este livrat\u0103 \u00eempreun\u0103 cu o pung\u0103 cadou pliabil\u0103 din 190T.<\/p>\n<p>Dimensiuni: 297 x 304 x 60 mm.<\/p>\n<table>\n<tbody>\n<tr>\n<td><strong>Exterior box (m):<\/strong><\/td>\n<td>0.395&#215;0.315&#215;0.314<\/td>\n<\/tr>\n<tr>\n<td><strong>Box weight (Kg.):<\/strong><\/td>\n<td>2<\/td>\n<\/tr>\n<tr>\n<td><strong>Exterior box (Pc.):<\/strong><\/td>\n<td>6<\/td>\n<\/tr>\n<tr>\n<td><strong>Taric:<\/strong><\/td>\n<td>9503009990<\/td>\n<\/tr>\n<tr>\n<td><strong>Country of Origin:<\/strong><\/td>\n<td>Portugal<\/td>\n<\/tr>\n<tr>\n<td><strong>Certificates:<\/strong><\/td>\n<td>DOC, SOC<\/td>\n<\/tr>\n<\/tbody>\n<\/table>\n","protected":false},"excerpt":{"rendered":"<p>Cutie de machiaj pentru copii. Trusa de machiaj pentru realizarea de farduri de ochi \u0219i farduri, crearea de produse de \u00eengrijire a pielii exfoliante, realizarea de rujuri de cas\u0103, producerea de demachiant \u0219i multe alte experimente. V\u00e2rsta recomandat\u0103: 8 + ani. Furnizat cu o pung\u0103 de cadou pliabil\u0103 190T<\/p>\n","protected":false},"featured_media":462343,"comment_status":"closed","ping_status":"closed","template":"","meta":{"_joinchat":[]},"product_brand":[2759],"product_cat":[534],"product_tag":[],"class_list":{"0":"post-112417","1":"product","2":"type-product","3":"status-publish","4":"has-post-thumbnail","6":"product_brand-science4you-ro","7":"product_cat-jucarii-antistres","9":"first","10":"instock","11":"taxable","12":"shipping-taxable","13":"purchasable","14":"product-type-variable"},"_links":{"self":[{"href":"https:\/\/web2print.ro\/shop\/wp-json\/wp\/v2\/product\/112417","targetHints":{"allow":["GET"]}}],"collection":[{"href":"https:\/\/web2print.ro\/shop\/wp-json\/wp\/v2\/product"}],"about":[{"href":"https:\/\/web2print.ro\/shop\/wp-json\/wp\/v2\/types\/product"}],"replies":[{"embeddable":true,"href":"https:\/\/web2print.ro\/shop\/wp-json\/wp\/v2\/comments?post=112417"}],"wp:featuredmedia":[{"embeddable":true,"href":"https:\/\/web2print.ro\/shop\/wp-json\/wp\/v2\/media\/462343"}],"wp:attachment":[{"href":"https:\/\/web2print.ro\/shop\/wp-json\/wp\/v2\/media?parent=112417"}],"wp:term":[{"taxonomy":"product_brand","embeddable":true,"href":"https:\/\/web2print.ro\/shop\/wp-json\/wp\/v2\/product_brand?post=112417"},{"taxonomy":"product_cat","embeddable":true,"href":"https:\/\/web2print.ro\/shop\/wp-json\/wp\/v2\/product_cat?post=112417"},{"taxonomy":"product_tag","embeddable":true,"href":"https:\/\/web2print.ro\/shop\/wp-json\/wp\/v2\/product_tag?post=112417"}],"curies":[{"name":"wp","href":"https:\/\/api.w.org\/{rel}","templated":true}]}}