{"id":112436,"date":"2025-06-10T15:20:04","date_gmt":"2025-06-10T12:20:04","guid":{"rendered":"https:\/\/web-support.eu\/web2print\/product\/ancient-egypt-excavation-kit-iii-joc-educational-furnizat-cu-o-punga-cadou-din-hartie-kraft-115-g-m%c2%b2\/"},"modified":"2025-12-10T10:37:41","modified_gmt":"2025-12-10T08:37:41","slug":"ancient-egypt-excavation-kit-iii-joc-educational-furnizat-cu-o-punga-cadou-din-hartie-kraft-115-g-m%c2%b2","status":"publish","type":"product","link":"https:\/\/web2print.ro\/shop\/ancient-egypt-excavation-kit-iii-joc-educational-furnizat-cu-o-punga-cadou-din-hartie-kraft-115-g-m%c2%b2\/","title":{"rendered":"Kit de excava\u021bie \u00een Egiptul Antic III. Joc educa\u021bional furnizat cu o pung\u0103 cadou din h\u00e2rtie kraft (115 g\/m\u00b2) personalizat"},"content":{"rendered":"<p>Jocul educativ Excav\u0103ri din Egiptul Antic. P\u0103trunde \u00een lumea fantastic\u0103 a s\u0103p\u0103turilor arheologice, descoper\u0103 cele mai incredibile artefacte din Egiptul Antic \u0219i afl\u0103 totul despre istoria acestuia.<\/p>\n<p>V\u00e2rsta recomandat\u0103: 6+ ani. Este livrat \u00eempreun\u0103 cu o pung\u0103 cadou din h\u00e2rtie kraft (115 g\/m\u00b2).<\/p>\n<p>Dimensiuni: 162 x 225 x 55 mm.<\/p>\n<table>\n<tr>\n<td><strong>Exterior box (m):<\/strong><\/td>\n<td>0.355&#215;0.240&#215;0.185<\/td>\n<\/tr>\n<tr>\n<td><strong>Box weight (Kg.):<\/strong><\/td>\n<td>1.8<\/td>\n<\/tr>\n<tr>\n<td><strong>Exterior box (Pc.):<\/strong><\/td>\n<td>6<\/td>\n<\/tr>\n<tr>\n<td><strong>Taric:<\/strong><\/td>\n<td>9503009990<\/td>\n<\/tr>\n<tr>\n<td><strong>Country of Origin:<\/strong><\/td>\n<td>Portugal<\/td>\n<\/tr>\n<tr>\n<td><strong>Certificates:<\/strong><\/td>\n<td>DOC, SOC<\/td>\n<\/tr>\n<\/table>\n","protected":false},"excerpt":{"rendered":"<p>Joc educa\u021bional Excava\u021bii \u00een Egiptul Antic. P\u0103trunde \u00een lumea fantastic\u0103 a s\u0103p\u0103turilor, descoper\u0103 cele mai incredibile artefacte din Egiptul antic \u0219i afl\u0103 totul despre istoria acestuia. V\u00e2rsta recomandat\u0103: 6 + ani. Furnizat cu o pung\u0103 cadou din h\u00e2rtie kraft (115 g\/m\u00b2)<\/p>\n","protected":false},"featured_media":38655,"comment_status":"closed","ping_status":"open","template":"","meta":{"_joinchat":[]},"product_brand":[2759],"product_cat":[534],"product_tag":[],"class_list":{"0":"post-112436","1":"product","2":"type-product","3":"status-publish","4":"has-post-thumbnail","6":"product_brand-science4you-ro","7":"product_cat-jucarii-antistres","9":"first","10":"instock","11":"taxable","12":"shipping-taxable","13":"purchasable","14":"product-type-variable"},"_links":{"self":[{"href":"https:\/\/web2print.ro\/shop\/wp-json\/wp\/v2\/product\/112436","targetHints":{"allow":["GET"]}}],"collection":[{"href":"https:\/\/web2print.ro\/shop\/wp-json\/wp\/v2\/product"}],"about":[{"href":"https:\/\/web2print.ro\/shop\/wp-json\/wp\/v2\/types\/product"}],"replies":[{"embeddable":true,"href":"https:\/\/web2print.ro\/shop\/wp-json\/wp\/v2\/comments?post=112436"}],"wp:featuredmedia":[{"embeddable":true,"href":"https:\/\/web2print.ro\/shop\/wp-json\/wp\/v2\/media\/38655"}],"wp:attachment":[{"href":"https:\/\/web2print.ro\/shop\/wp-json\/wp\/v2\/media?parent=112436"}],"wp:term":[{"taxonomy":"product_brand","embeddable":true,"href":"https:\/\/web2print.ro\/shop\/wp-json\/wp\/v2\/product_brand?post=112436"},{"taxonomy":"product_cat","embeddable":true,"href":"https:\/\/web2print.ro\/shop\/wp-json\/wp\/v2\/product_cat?post=112436"},{"taxonomy":"product_tag","embeddable":true,"href":"https:\/\/web2print.ro\/shop\/wp-json\/wp\/v2\/product_tag?post=112436"}],"curies":[{"name":"wp","href":"https:\/\/api.w.org\/{rel}","templated":true}]}}