{"id":112809,"date":"2025-06-10T15:19:50","date_gmt":"2025-06-10T12:19:50","guid":{"rendered":"https:\/\/web-support.eu\/web2print\/product\/vl-pan-pantaloni-stretch-cu-buzunare-multiple-290-g-m%c2%b2-din-bumbac-46-eme-38-si-poliester-16\/"},"modified":"2026-05-06T20:21:02","modified_gmt":"2026-05-06T17:21:02","slug":"vl-pan-pantaloni-stretch-cu-buzunare-multiple-290-g-m%c2%b2-din-bumbac-46-eme-38-si-poliester-16","status":"publish","type":"product","link":"https:\/\/web2print.ro\/shop\/vl-pan-pantaloni-stretch-cu-buzunare-multiple-290-g-m%c2%b2-din-bumbac-46-eme-38-si-poliester-16\/","title":{"rendered":"VL PAN. Pantaloni stretch cu buzunare multiple (290 g\/m\u00b2), din bumbac (46%), EME (38%) \u0219i poliester (16%) personalizate"},"content":{"rendered":"<p>Pantaloni elastici multi-buzunare (290g\/m\u00b2) confec\u021biona\u021bi din bumbac (46%), EME (38%) \u0219i poliester (16%). Au o croial\u0103 slim fit, talie elastic\u0103 \u0219i \u0219ase buzunare: 2 buzunare franceze, 2 buzunare laterale cu burduf \u0219i 2 buzunare posterioare cu burduf.<\/p>\n<p>M\u0103rimi disponibile: 34, 36, 38, 40, 42, 44, 46, 48, 50, 52, 54, 56, 58, 60.<\/p>\n<table>\n<tbody>\n<tr>\n<td><strong>Exterior box (m):<\/strong><\/td>\n<td>0.230&#215;0.375&#215;0.580<\/td>\n<\/tr>\n<tr>\n<td><strong>Box weight (Kg.):<\/strong><\/td>\n<td>11.875<\/td>\n<\/tr>\n<tr>\n<td><strong>Exterior box (Pc.):<\/strong><\/td>\n<td>25<\/td>\n<\/tr>\n<tr>\n<td><strong>Interior box (Pc.):<\/strong><\/td>\n<td>1<\/td>\n<\/tr>\n<tr>\n<td><strong>Taric:<\/strong><\/td>\n<td>6203431100<\/td>\n<\/tr>\n<tr>\n<td><strong>Country of Origin:<\/strong><\/td>\n<td>VietNam<\/td>\n<\/tr>\n<tr>\n<td><strong>Individual packing:<\/strong><\/td>\n<td>Polybag<\/td>\n<\/tr>\n<tr>\n<td><strong>Packing after Printing:<\/strong><\/td>\n<td>Polybag<\/td>\n<\/tr>\n<tr>\n<td><strong>Certificates:<\/strong><\/td>\n<td>SOC<\/td>\n<\/tr>\n<tr>\n<td><strong>Material weight:<\/strong><\/td>\n<td>290g\/m\u00b2<\/td>\n<\/tr>\n<\/tbody>\n<\/table>\n","protected":false},"excerpt":{"rendered":"<p>Pantaloni extensibili (240 g\/m\u00b2), bicolori, cu mai multe buzunare, din bumbac (46%), EME (38%) \u0219i poliester (16%). Slim Fit, talie elastic\u0103 \u0219i culoare contrastant\u0103 pe pliuri, tr\u0103g\u0103toare \u0219i cus\u0103turi. Con\u021bine \u0219ase buzunare (2 buzunare fran\u021buze\u0219ti, 2 buzunare laterale cu burduf \u0219i 2 buzunare cu burduf la spate)<\/p>\n","protected":false},"featured_media":39480,"comment_status":"closed","ping_status":"closed","template":"","meta":{"_joinchat":[]},"product_brand":[2760],"product_cat":[2650],"product_tag":[],"class_list":{"0":"post-112809","1":"product","2":"type-product","3":"status-publish","4":"has-post-thumbnail","6":"product_brand-velilla-ro","7":"product_cat-textile","9":"first","10":"instock","11":"taxable","12":"shipping-taxable","13":"purchasable","14":"product-type-variable"},"_links":{"self":[{"href":"https:\/\/web2print.ro\/shop\/wp-json\/wp\/v2\/product\/112809","targetHints":{"allow":["GET"]}}],"collection":[{"href":"https:\/\/web2print.ro\/shop\/wp-json\/wp\/v2\/product"}],"about":[{"href":"https:\/\/web2print.ro\/shop\/wp-json\/wp\/v2\/types\/product"}],"replies":[{"embeddable":true,"href":"https:\/\/web2print.ro\/shop\/wp-json\/wp\/v2\/comments?post=112809"}],"wp:featuredmedia":[{"embeddable":true,"href":"https:\/\/web2print.ro\/shop\/wp-json\/wp\/v2\/media\/39480"}],"wp:attachment":[{"href":"https:\/\/web2print.ro\/shop\/wp-json\/wp\/v2\/media?parent=112809"}],"wp:term":[{"taxonomy":"product_brand","embeddable":true,"href":"https:\/\/web2print.ro\/shop\/wp-json\/wp\/v2\/product_brand?post=112809"},{"taxonomy":"product_cat","embeddable":true,"href":"https:\/\/web2print.ro\/shop\/wp-json\/wp\/v2\/product_cat?post=112809"},{"taxonomy":"product_tag","embeddable":true,"href":"https:\/\/web2print.ro\/shop\/wp-json\/wp\/v2\/product_tag?post=112809"}],"curies":[{"name":"wp","href":"https:\/\/api.w.org\/{rel}","templated":true}]}}