{"id":113068,"date":"2025-06-10T15:19:46","date_gmt":"2025-06-10T12:19:46","guid":{"rendered":"https:\/\/web-support.eu\/web2print\/product\/vl-zeus-large-pantaloni-elastici-cu-buzunare-multiple-in-doua-tonuri-240-g-m%c2%b2-din-bumbac-46-eme-38-si-poliester-16\/"},"modified":"2026-05-06T20:35:02","modified_gmt":"2026-05-06T17:35:02","slug":"vl-zeus-large-pantaloni-elastici-cu-buzunare-multiple-in-doua-tonuri-240-g-m%c2%b2-din-bumbac-46-eme-38-si-poliester-16","status":"publish","type":"product","link":"https:\/\/web2print.ro\/shop\/vl-zeus-large-pantaloni-elastici-cu-buzunare-multiple-in-doua-tonuri-240-g-m%c2%b2-din-bumbac-46-eme-38-si-poliester-16\/","title":{"rendered":"VL ZEUS LARGE. Pantaloni elastici cu buzunare multiple, \u00een dou\u0103 tonuri (240 g\/m\u00b2), din bumbac (46%), EME (38%) \u0219i poliester (16%) personaliza\u021bi"},"content":{"rendered":"<p>Pantaloni elastici multi-buzunare, bicolori (240g\/m\u00b2), confec\u021biona\u021bi din bumbac (46%), EME (38%) \u0219i poliester (16%). Au talie elastic\u0103 \u0219i benzi reflectorizante \u00een partea de jos a pantalonilor. Prezint\u0103 o culoare contrastant\u0103 pe burdufuri, chei\u021be de fermoar \u0219i materialul dintre benzile reflectorizante.<\/p>\n<p>Con\u021bin \u0219ase buzunare: 2 buzunare franceze, 2 buzunare laterale cu burduf \u0219i 2 buzunare posterioare.<\/p>\n<p>Produsul este \u00een conformitate cu Regulamentul UE 2016\/425, certificat EN20471 \u0219i clasa N\u00ba 1<\/p>\n<table>\n<tr>\n<td><strong>Exterior box (m):<\/strong><\/td>\n<td>0.260&#215;0.375&#215;0.600<\/td>\n<\/tr>\n<tr>\n<td><strong>Box weight (Kg.):<\/strong><\/td>\n<td>10.75<\/td>\n<\/tr>\n<tr>\n<td><strong>Exterior box (Pc.):<\/strong><\/td>\n<td>25<\/td>\n<\/tr>\n<tr>\n<td><strong>Interior box (Pc.):<\/strong><\/td>\n<td>1<\/td>\n<\/tr>\n<tr>\n<td><strong>Taric:<\/strong><\/td>\n<td>6203431100<\/td>\n<\/tr>\n<tr>\n<td><strong>Country of Origin:<\/strong><\/td>\n<td>VietNam<\/td>\n<\/tr>\n<tr>\n<td><strong>Individual packing:<\/strong><\/td>\n<td>Polybag, Flyer<\/td>\n<\/tr>\n<tr>\n<td><strong>Packing after Printing:<\/strong><\/td>\n<td>Polybag, Flyer<\/td>\n<\/tr>\n<tr>\n<td><strong>Certificates:<\/strong><\/td>\n<td>DOC<\/td>\n<\/tr>\n<tr>\n<td><strong>Material weight:<\/strong><\/td>\n<td>240 g\/m\u00b2<\/td>\n<\/tr>\n<\/table>\n","protected":false},"excerpt":{"rendered":"<p>Pantaloni elastici \u00een dou\u0103 culori, cu mai multe buzunare (240 g\/m\u00b2), din bumbac (46%), EME (38%) \u0219i poliester (16%). Cu talie elastic\u0103 \u0219i dungi reflectorizante pe partea de jos a pantalonilor. Culoare contrastant\u0103 pe zona inferioar\u0103, m\u00e2nere \u0219i \u021bes\u0103tur\u0103 \u00eentre dungile reflectorizante. \u0218ase buzunare (2 buzunare franceze, 2 buzunare laterale cu burduf \u0219i 2 buzunare spate). Produs \u00een conformitate cu Reg. UE 2016\/425, certificat EN20471 \u0219i clasa N\u00ba 1<\/p>\n","protected":false},"featured_media":39934,"comment_status":"closed","ping_status":"open","template":"","meta":{"_joinchat":[]},"product_brand":[2760],"product_cat":[2650],"product_tag":[],"class_list":{"0":"post-113068","1":"product","2":"type-product","3":"status-publish","4":"has-post-thumbnail","6":"product_brand-velilla-ro","7":"product_cat-textile","8":"pa_size-4xl-2","9":"pa_size-5xl-2","11":"first","12":"instock","13":"taxable","14":"shipping-taxable","15":"purchasable","16":"product-type-variable"},"_links":{"self":[{"href":"https:\/\/web2print.ro\/shop\/wp-json\/wp\/v2\/product\/113068","targetHints":{"allow":["GET"]}}],"collection":[{"href":"https:\/\/web2print.ro\/shop\/wp-json\/wp\/v2\/product"}],"about":[{"href":"https:\/\/web2print.ro\/shop\/wp-json\/wp\/v2\/types\/product"}],"replies":[{"embeddable":true,"href":"https:\/\/web2print.ro\/shop\/wp-json\/wp\/v2\/comments?post=113068"}],"wp:featuredmedia":[{"embeddable":true,"href":"https:\/\/web2print.ro\/shop\/wp-json\/wp\/v2\/media\/39934"}],"wp:attachment":[{"href":"https:\/\/web2print.ro\/shop\/wp-json\/wp\/v2\/media?parent=113068"}],"wp:term":[{"taxonomy":"product_brand","embeddable":true,"href":"https:\/\/web2print.ro\/shop\/wp-json\/wp\/v2\/product_brand?post=113068"},{"taxonomy":"product_cat","embeddable":true,"href":"https:\/\/web2print.ro\/shop\/wp-json\/wp\/v2\/product_cat?post=113068"},{"taxonomy":"product_tag","embeddable":true,"href":"https:\/\/web2print.ro\/shop\/wp-json\/wp\/v2\/product_tag?post=113068"}],"curies":[{"name":"wp","href":"https:\/\/api.w.org\/{rel}","templated":true}]}}