{"id":113457,"date":"2025-06-10T15:19:35","date_gmt":"2025-06-10T12:19:35","guid":{"rendered":"https:\/\/web-support.eu\/web2print\/product\/vl-supay-tricou-polo-pique-bicolor-180g-m%c2%b2-cu-maneca-scurta-din-bumbac-60-si-poliester-40\/"},"modified":"2026-05-06T21:27:02","modified_gmt":"2026-05-06T18:27:02","slug":"vl-supay-tricou-polo-pique-bicolor-180g-m%c2%b2-cu-maneca-scurta-din-bumbac-60-si-poliester-40","status":"publish","type":"product","link":"https:\/\/web2print.ro\/shop\/vl-supay-tricou-polo-pique-bicolor-180g-m%c2%b2-cu-maneca-scurta-din-bumbac-60-si-poliester-40\/","title":{"rendered":"VL SUPAY. Tricou polo piqu\u00e9 bicolor (180g\/m\u00b2), cu m\u00e2nec\u0103 scurt\u0103, din bumbac (60%) \u0219i poliester (40%) personalizat"},"content":{"rendered":"<p>Two-tone piqu\u00e9 polo shirt (180g\/m\u00b2), short sleeves, in cotton (60%) and polyester (40%). With button fastening system, ribbed collar and lower sleeves. Sides, placket in contrasting color. Size: XS, S, M, L, XL, 2XL, 3XL in romana<\/p>\n<p>Polo shirt piqu\u00e9 bicolore (180g\/m\u00b2), cu m\u00e2nec\u0103 scurt\u0103, confec\u021bionat din bumbac (60%) \u0219i poliester (40%). Prezint\u0103 sistem de \u00eenchidere cu nasturi, guler \u0219i man\u0219ete striate. Lateralele \u0219i fenta sunt \u00eentr-o culoare contrastant\u0103.<\/p>\n<p>M\u0103rimi disponibile: XS, S, M, L, XL, 2XL, 3XL.<\/p>\n<table>\n<tr>\n<td><strong>Exterior box (m):<\/strong><\/td>\n<td>0.220&#215;0.360&#215;0.520<\/td>\n<\/tr>\n<tr>\n<td><strong>Box weight (Kg.):<\/strong><\/td>\n<td>6.1<\/td>\n<\/tr>\n<tr>\n<td><strong>Exterior box (Pc.):<\/strong><\/td>\n<td>25<\/td>\n<\/tr>\n<tr>\n<td><strong>Interior box (Pc.):<\/strong><\/td>\n<td>1<\/td>\n<\/tr>\n<tr>\n<td><strong>Taric:<\/strong><\/td>\n<td>6105100000<\/td>\n<\/tr>\n<tr>\n<td><strong>Country of Origin:<\/strong><\/td>\n<td>Bangladesh<\/td>\n<\/tr>\n<tr>\n<td><strong>Individual packing:<\/strong><\/td>\n<td>Polybag<\/td>\n<\/tr>\n<tr>\n<td><strong>Packing after Printing:<\/strong><\/td>\n<td>Polybag<\/td>\n<\/tr>\n<tr>\n<td><strong>Certificates:<\/strong><\/td>\n<td>SOC<\/td>\n<\/tr>\n<tr>\n<td><strong>Material weight:<\/strong><\/td>\n<td>180 g\/m\u00b2<\/td>\n<\/tr>\n<\/table>\n","protected":false},"excerpt":{"rendered":"<p>Jachet\u0103, cu fermoar central, cu glug\u0103 \u00een interiorul gulerului, man\u0219ete interioare elastice, plas\u0103 interioar\u0103 pe spate \u0219i ochi metalic la subsuori, pentru a favoriza respira\u021bia, cu dou\u0103 buzunare (2 buzunare inferioare, ascunse cu clapet\u0103)<\/p>\n","protected":false},"featured_media":40802,"comment_status":"closed","ping_status":"open","template":"","meta":{"_joinchat":[]},"product_brand":[2760],"product_cat":[2650],"product_tag":[],"class_list":{"0":"post-113457","1":"product","2":"type-product","3":"status-publish","4":"has-post-thumbnail","6":"product_brand-velilla-ro","7":"product_cat-textile","8":"pa_size-2xl-2","9":"pa_size-3xl-2","10":"pa_size-l-2","11":"pa_size-m-2","12":"pa_size-s-2","13":"pa_size-xl-2","14":"pa_size-xs-2","16":"first","17":"instock","18":"taxable","19":"shipping-taxable","20":"purchasable","21":"product-type-variable"},"_links":{"self":[{"href":"https:\/\/web2print.ro\/shop\/wp-json\/wp\/v2\/product\/113457","targetHints":{"allow":["GET"]}}],"collection":[{"href":"https:\/\/web2print.ro\/shop\/wp-json\/wp\/v2\/product"}],"about":[{"href":"https:\/\/web2print.ro\/shop\/wp-json\/wp\/v2\/types\/product"}],"replies":[{"embeddable":true,"href":"https:\/\/web2print.ro\/shop\/wp-json\/wp\/v2\/comments?post=113457"}],"wp:featuredmedia":[{"embeddable":true,"href":"https:\/\/web2print.ro\/shop\/wp-json\/wp\/v2\/media\/40802"}],"wp:attachment":[{"href":"https:\/\/web2print.ro\/shop\/wp-json\/wp\/v2\/media?parent=113457"}],"wp:term":[{"taxonomy":"product_brand","embeddable":true,"href":"https:\/\/web2print.ro\/shop\/wp-json\/wp\/v2\/product_brand?post=113457"},{"taxonomy":"product_cat","embeddable":true,"href":"https:\/\/web2print.ro\/shop\/wp-json\/wp\/v2\/product_cat?post=113457"},{"taxonomy":"product_tag","embeddable":true,"href":"https:\/\/web2print.ro\/shop\/wp-json\/wp\/v2\/product_tag?post=113457"}],"curies":[{"name":"wp","href":"https:\/\/api.w.org\/{rel}","templated":true}]}}