{"id":114079,"date":"2025-06-10T15:19:15","date_gmt":"2025-06-10T12:19:15","guid":{"rendered":"https:\/\/web-support.eu\/web2print\/product\/vl-vulcan-large-tricou-polo-bicolor-in-forma-de-ochi-de-pasare-160g-m%c2%b2-cu-maneci-lungi-din-poliester-100\/"},"modified":"2026-05-06T22:41:05","modified_gmt":"2026-05-06T19:41:05","slug":"vl-vulcan-large-tricou-polo-bicolor-in-forma-de-ochi-de-pasare-160g-m%c2%b2-cu-maneci-lungi-din-poliester-100","status":"publish","type":"product","link":"https:\/\/web2print.ro\/shop\/vl-vulcan-large-tricou-polo-bicolor-in-forma-de-ochi-de-pasare-160g-m%c2%b2-cu-maneci-lungi-din-poliester-100\/","title":{"rendered":"VL VULCAN LARGE. Tricou polo bicolor \u00een form\u0103 de ochi de pas\u0103re (160g\/m\u00b2) cu m\u00e2neci lungi, din poliester (100%) personalizat"},"content":{"rendered":"<p>Polo shirt bicolore tip &#8220;bird-eye&#8221; (160g\/m\u00b2) cu m\u00e2nec\u0103 lung\u0103, confec\u021bionat integral din poliester (100%). Are nasturi \u00eentr-o culoare contrastant\u0103, guler \u0219i man\u0219ete striate, tot \u00een culoare contrastant\u0103. Prezint\u0103 benzi reflectorizante pe tors \u0219i m\u00e2neci.<\/p>\n<p>Produsul este \u00een conformitate cu Regulamentul UE 2016\/425, certificat EN20471 \u0219i clasa N\u00ba 1.<\/p>\n<p>M\u0103rimi disponibile: 4XL, 5XL.<\/p>\n<table>\n<tr>\n<td><strong>Exterior box (m):<\/strong><\/td>\n<td>0.290&#215;0.370&#215;0.550<\/td>\n<\/tr>\n<tr>\n<td><strong>Box weight (Kg.):<\/strong><\/td>\n<td>7.45<\/td>\n<\/tr>\n<tr>\n<td><strong>Exterior box (Pc.):<\/strong><\/td>\n<td>25<\/td>\n<\/tr>\n<tr>\n<td><strong>Interior box (Pc.):<\/strong><\/td>\n<td>1<\/td>\n<\/tr>\n<tr>\n<td><strong>Taric:<\/strong><\/td>\n<td>6105201000<\/td>\n<\/tr>\n<tr>\n<td><strong>Country of Origin:<\/strong><\/td>\n<td>China<\/td>\n<\/tr>\n<tr>\n<td><strong>Individual packing:<\/strong><\/td>\n<td>Polybag, Flyer<\/td>\n<\/tr>\n<tr>\n<td><strong>Packing after Printing:<\/strong><\/td>\n<td>Polybag, Flyer<\/td>\n<\/tr>\n<tr>\n<td><strong>Certificates:<\/strong><\/td>\n<td>DOC<\/td>\n<\/tr>\n<tr>\n<td><strong>Material weight:<\/strong><\/td>\n<td>160 g\/m\u00b2<\/td>\n<\/tr>\n<\/table>\n","protected":false},"excerpt":{"rendered":"<p>Tricou polo bicolor Bird-eye (160g\/m\u00b2) cu m\u00e2neci lungi, din poliester (100%). Nasturi de culoare contrastant\u0103, guler \u0219i man\u0219ete cu dungi, de asemenea \u00een culoare contrastant\u0103. Dungi reflectorizante pe trunchi \u0219i m\u00e2neci. Produs \u00een conformitate cu Reg. UE 2016\/425, certificat EN20471 \u0219i clasa N\u00ba 1<\/p>\n","protected":false},"featured_media":42424,"comment_status":"closed","ping_status":"open","template":"","meta":{"_joinchat":[]},"product_brand":[2760],"product_cat":[2650],"product_tag":[],"class_list":{"0":"post-114079","1":"product","2":"type-product","3":"status-publish","4":"has-post-thumbnail","6":"product_brand-velilla-ro","7":"product_cat-textile","8":"pa_size-4xl-2","9":"pa_size-5xl-2","11":"first","12":"instock","13":"taxable","14":"shipping-taxable","15":"purchasable","16":"product-type-variable"},"_links":{"self":[{"href":"https:\/\/web2print.ro\/shop\/wp-json\/wp\/v2\/product\/114079","targetHints":{"allow":["GET"]}}],"collection":[{"href":"https:\/\/web2print.ro\/shop\/wp-json\/wp\/v2\/product"}],"about":[{"href":"https:\/\/web2print.ro\/shop\/wp-json\/wp\/v2\/types\/product"}],"replies":[{"embeddable":true,"href":"https:\/\/web2print.ro\/shop\/wp-json\/wp\/v2\/comments?post=114079"}],"wp:featuredmedia":[{"embeddable":true,"href":"https:\/\/web2print.ro\/shop\/wp-json\/wp\/v2\/media\/42424"}],"wp:attachment":[{"href":"https:\/\/web2print.ro\/shop\/wp-json\/wp\/v2\/media?parent=114079"}],"wp:term":[{"taxonomy":"product_brand","embeddable":true,"href":"https:\/\/web2print.ro\/shop\/wp-json\/wp\/v2\/product_brand?post=114079"},{"taxonomy":"product_cat","embeddable":true,"href":"https:\/\/web2print.ro\/shop\/wp-json\/wp\/v2\/product_cat?post=114079"},{"taxonomy":"product_tag","embeddable":true,"href":"https:\/\/web2print.ro\/shop\/wp-json\/wp\/v2\/product_tag?post=114079"}],"curies":[{"name":"wp","href":"https:\/\/api.w.org\/{rel}","templated":true}]}}