{"id":114098,"date":"2025-06-10T15:19:14","date_gmt":"2025-06-10T12:19:14","guid":{"rendered":"https:\/\/web-support.eu\/web2print\/product\/vl-eros-jacheta-fleece-in-doua-tonuri-280g-m%c2%b2-din-poliester-100\/"},"modified":"2026-05-06T22:49:04","modified_gmt":"2026-05-06T19:49:04","slug":"vl-eros-jacheta-fleece-in-doua-tonuri-280g-m%c2%b2-din-poliester-100","status":"publish","type":"product","link":"https:\/\/web2print.ro\/shop\/vl-eros-jacheta-fleece-in-doua-tonuri-280g-m%c2%b2-din-poliester-100\/","title":{"rendered":"VL EROS. Jachet\u0103 fleece \u00een dou\u0103 tonuri (280g\/m\u00b2), din poliester (100%) personalizat\u0103"},"content":{"rendered":"<p>Two-tone fleece jacket (280g\/m\u00b2), in polyester (100%). With central zip, elastic cuffs and adjustable stopper on the side. Reflective stripes on the torso and sleeves. Contains three pockets with zip. Product in compliance with EU Reg. 2016\/425, certified by EN20471 and class N\u00ba 1. Size: XS, S, M, L, XL, 2XL, 3XL in romana<\/p>\n<p>Jachet\u0103 fleece bicolore (280g\/m\u00b2), confec\u021bionat\u0103 integral din poliester (100%). Dispune de fermoar central, man\u0219ete elastice \u0219i sistem de reglare cu stopper pe lateral. Prezint\u0103 benzi reflectorizante pe tors \u0219i m\u00e2neci.<\/p>\n<p>Con\u021bine trei buzunare cu fermoar.<\/p>\n<p>Produsul este \u00een conformitate cu Regulamentul UE 2016\/425, certificat EN20471 \u0219i clasa N\u00ba 1.<\/p>\n<p>M\u0103rimi disponibile: XS, S, M, L, XL, 2XL,<\/p>\n<table>\n<tbody>\n<tr>\n<td><strong>Exterior box (m):<\/strong><\/td>\n<td>0.305&#215;0.400&#215;0.550<\/td>\n<\/tr>\n<tr>\n<td><strong>Box weight (Kg.):<\/strong><\/td>\n<td>7.34<\/td>\n<\/tr>\n<tr>\n<td><strong>Exterior box (Pc.):<\/strong><\/td>\n<td>10<\/td>\n<\/tr>\n<tr>\n<td><strong>Interior box (Pc.):<\/strong><\/td>\n<td>1<\/td>\n<\/tr>\n<tr>\n<td><strong>Taric:<\/strong><\/td>\n<td>6211331000<\/td>\n<\/tr>\n<tr>\n<td><strong>Country of Origin:<\/strong><\/td>\n<td>China<\/td>\n<\/tr>\n<tr>\n<td><strong>Individual packing:<\/strong><\/td>\n<td>Polybag, Flyer<\/td>\n<\/tr>\n<tr>\n<td><strong>Packing after Printing:<\/strong><\/td>\n<td>Polybag, Flyer<\/td>\n<\/tr>\n<tr>\n<td><strong>Certificates:<\/strong><\/td>\n<td>DOC<\/td>\n<\/tr>\n<tr>\n<td><strong>Material weight:<\/strong><\/td>\n<td>280 g\/m\u00b2<\/td>\n<\/tr>\n<\/tbody>\n<\/table>\n","protected":false},"excerpt":{"rendered":"<p>Jachet\u0103 fleece bicolor\u0103 (280g\/m\u00b2), din poliester (100%). Cu fermoar central, man\u0219ete elastice \u0219i reglabile cu buton pe lateral. Dungi reflectorizante pe trunchi \u0219i m\u00e2neci. Con\u021bine trei buzunare, cu fermoar. Produs \u00een conformitate cu Reg. UE 2016\/425, certificat EN20471 \u0219i clasa N\u00ba 1<\/p>\n","protected":false},"featured_media":42580,"comment_status":"closed","ping_status":"closed","template":"","meta":{"_joinchat":[]},"product_brand":[2760],"product_cat":[2650],"product_tag":[],"class_list":{"0":"post-114098","1":"product","2":"type-product","3":"status-publish","4":"has-post-thumbnail","6":"product_brand-velilla-ro","7":"product_cat-textile","8":"pa_size-2xl-2","9":"pa_size-3xl-2","10":"pa_size-l-2","11":"pa_size-m-2","12":"pa_size-s-2","13":"pa_size-xl-2","14":"pa_size-xs-2","16":"first","17":"instock","18":"taxable","19":"shipping-taxable","20":"purchasable","21":"product-type-variable"},"_links":{"self":[{"href":"https:\/\/web2print.ro\/shop\/wp-json\/wp\/v2\/product\/114098","targetHints":{"allow":["GET"]}}],"collection":[{"href":"https:\/\/web2print.ro\/shop\/wp-json\/wp\/v2\/product"}],"about":[{"href":"https:\/\/web2print.ro\/shop\/wp-json\/wp\/v2\/types\/product"}],"replies":[{"embeddable":true,"href":"https:\/\/web2print.ro\/shop\/wp-json\/wp\/v2\/comments?post=114098"}],"wp:featuredmedia":[{"embeddable":true,"href":"https:\/\/web2print.ro\/shop\/wp-json\/wp\/v2\/media\/42580"}],"wp:attachment":[{"href":"https:\/\/web2print.ro\/shop\/wp-json\/wp\/v2\/media?parent=114098"}],"wp:term":[{"taxonomy":"product_brand","embeddable":true,"href":"https:\/\/web2print.ro\/shop\/wp-json\/wp\/v2\/product_brand?post=114098"},{"taxonomy":"product_cat","embeddable":true,"href":"https:\/\/web2print.ro\/shop\/wp-json\/wp\/v2\/product_cat?post=114098"},{"taxonomy":"product_tag","embeddable":true,"href":"https:\/\/web2print.ro\/shop\/wp-json\/wp\/v2\/product_tag?post=114098"}],"curies":[{"name":"wp","href":"https:\/\/api.w.org\/{rel}","templated":true}]}}