{"id":114162,"date":"2025-06-10T15:19:13","date_gmt":"2025-06-10T12:19:13","guid":{"rendered":"https:\/\/web-support.eu\/web2print\/product\/vl-eros-large-jacheta-fleece-in-doua-tonuri-280g-m%c2%b2-din-poliester-100\/"},"modified":"2026-05-06T22:51:04","modified_gmt":"2026-05-06T19:51:04","slug":"vl-eros-large-jacheta-fleece-in-doua-tonuri-280g-m%c2%b2-din-poliester-100","status":"publish","type":"product","link":"https:\/\/web2print.ro\/shop\/vl-eros-large-jacheta-fleece-in-doua-tonuri-280g-m%c2%b2-din-poliester-100\/","title":{"rendered":"VL EROS LARGE. Jachet\u0103 fleece \u00een dou\u0103 tonuri (280g\/m\u00b2), din poliester (100%) personalizat\u0103"},"content":{"rendered":"<p>Jachet\u0103 fleece bicolore (280g\/m\u00b2), confec\u021bionat\u0103 integral din poliester (100%). Dispune de fermoar central, man\u0219ete elastice \u0219i sistem de reglare cu stopper pe lateral. Prezint\u0103 benzi reflectorizante pe tors \u0219i m\u00e2neci.<\/p>\n<p>Con\u021bine trei buzunare cu fermoar.<\/p>\n<p>Produsul este \u00een conformitate cu Regulamentul UE 2016\/425, certificat EN20471 \u0219i clasa N\u00ba 1.<\/p>\n<p>M\u0103rimi disponibile: 4XL, 5XL.<\/p>\n<table>\n<tr>\n<td><strong>Exterior box (m):<\/strong><\/td>\n<td>0.305&#215;0.400&#215;0.550<\/td>\n<\/tr>\n<tr>\n<td><strong>Box weight (Kg.):<\/strong><\/td>\n<td>7.34<\/td>\n<\/tr>\n<tr>\n<td><strong>Exterior box (Pc.):<\/strong><\/td>\n<td>10<\/td>\n<\/tr>\n<tr>\n<td><strong>Interior box (Pc.):<\/strong><\/td>\n<td>1<\/td>\n<\/tr>\n<tr>\n<td><strong>Taric:<\/strong><\/td>\n<td>6211331000<\/td>\n<\/tr>\n<tr>\n<td><strong>Country of Origin:<\/strong><\/td>\n<td>China<\/td>\n<\/tr>\n<tr>\n<td><strong>Individual packing:<\/strong><\/td>\n<td>Polybag, Flyer<\/td>\n<\/tr>\n<tr>\n<td><strong>Packing after Printing:<\/strong><\/td>\n<td>Polybag, Flyer<\/td>\n<\/tr>\n<tr>\n<td><strong>Certificates:<\/strong><\/td>\n<td>DOC<\/td>\n<\/tr>\n<tr>\n<td><strong>Material weight:<\/strong><\/td>\n<td>280 g\/m\u00b2<\/td>\n<\/tr>\n<\/table>\n","protected":false},"excerpt":{"rendered":"<p>Jachet\u0103 bicolor\u0103 din l\u00e2n\u0103 (280g\/m\u00b2) \u00een poliester (100%). Cu fermoar central, m\u00e2neci elastice \u0219i \u00eenchidere lateral\u0103 reglabil\u0103. Dungi reflectorizante pe trunchi \u0219i m\u00e2neci. Include trei buzunare cu fermoar. Conform\u0103 cu Regulamentul UE 2016\/425, certificat\u0103 EN20471 \u0219i clasificat\u0103 \u00een clasa 1<\/p>\n","protected":false},"featured_media":42693,"comment_status":"closed","ping_status":"open","template":"","meta":{"_joinchat":[]},"product_brand":[2760],"product_cat":[2650],"product_tag":[],"class_list":{"0":"post-114162","1":"product","2":"type-product","3":"status-publish","4":"has-post-thumbnail","6":"product_brand-velilla-ro","7":"product_cat-textile","8":"pa_size-4xl-2","9":"pa_size-5xl-2","11":"first","12":"instock","13":"taxable","14":"shipping-taxable","15":"purchasable","16":"product-type-variable"},"_links":{"self":[{"href":"https:\/\/web2print.ro\/shop\/wp-json\/wp\/v2\/product\/114162","targetHints":{"allow":["GET"]}}],"collection":[{"href":"https:\/\/web2print.ro\/shop\/wp-json\/wp\/v2\/product"}],"about":[{"href":"https:\/\/web2print.ro\/shop\/wp-json\/wp\/v2\/types\/product"}],"replies":[{"embeddable":true,"href":"https:\/\/web2print.ro\/shop\/wp-json\/wp\/v2\/comments?post=114162"}],"wp:featuredmedia":[{"embeddable":true,"href":"https:\/\/web2print.ro\/shop\/wp-json\/wp\/v2\/media\/42693"}],"wp:attachment":[{"href":"https:\/\/web2print.ro\/shop\/wp-json\/wp\/v2\/media?parent=114162"}],"wp:term":[{"taxonomy":"product_brand","embeddable":true,"href":"https:\/\/web2print.ro\/shop\/wp-json\/wp\/v2\/product_brand?post=114162"},{"taxonomy":"product_cat","embeddable":true,"href":"https:\/\/web2print.ro\/shop\/wp-json\/wp\/v2\/product_cat?post=114162"},{"taxonomy":"product_tag","embeddable":true,"href":"https:\/\/web2print.ro\/shop\/wp-json\/wp\/v2\/product_tag?post=114162"}],"curies":[{"name":"wp","href":"https:\/\/api.w.org\/{rel}","templated":true}]}}