{"id":114181,"date":"2025-06-10T15:19:11","date_gmt":"2025-06-10T12:19:11","guid":{"rendered":"https:\/\/web-support.eu\/web2print\/product\/vl-venus-costum-de-ploaie-130-g-m%c2%b2-din-poliester-100-cu-strat-pu\/"},"modified":"2026-05-06T22:51:05","modified_gmt":"2026-05-06T19:51:05","slug":"vl-venus-costum-de-ploaie-130-g-m%c2%b2-din-poliester-100-cu-strat-pu","status":"publish","type":"product","link":"https:\/\/web2print.ro\/shop\/vl-venus-costum-de-ploaie-130-g-m%c2%b2-din-poliester-100-cu-strat-pu\/","title":{"rendered":"VL VENUS. Costum de ploaie (130 g\/m\u00b2), din poliester (100%) cu strat PU personalizat"},"content":{"rendered":"<p>Costum de ploaie (130g\/m\u00b2) din poliester (100%) cu strat de acoperire din PU.<\/p>\n<p>Jacheta:<\/p>\n<p>Fermoar central<\/p>\n<p>Benzi reflectorizante pe tors \u0219i m\u00e2neci<\/p>\n<p>Glug\u0103 ascuns\u0103 \u00een guler<\/p>\n<p>Plas\u0103 interioar\u0103 din poliester (100%) \u0219i orificii metalice pentru o bun\u0103 respirabilitate<\/p>\n<p>Reglabil\u0103 cu stopper<\/p>\n<p>2 buzunare inferioare ascunse cu clap\u0103<\/p>\n<p>Pantalonii:<\/p>\n<p>Talie elastic\u0103 \u0219i \u00eenchidere cu nasture<\/p>\n<p>Benzi reflectorizante \u00een partea de jos<\/p>\n<p>Deschideri laterale cu clap\u0103 pentru acces la buzunare<\/p>\n<p>Nasturi ajustabili \u00een partea de jos<\/p>\n<p>Produsul este livrat \u00eentr-o geant\u0103.<\/p>\n<p>Este \u00een conformitate cu Regulamentul UE 2016\/425, certificat EN20471 \u0219i clasa N\u00ba 3.<\/p>\n<p>M\u0103rimi disponibile: M, L, XL, 2XL, 3XL.<\/p>\n<table>\n<tr>\n<td><strong>Exterior box (m):<\/strong><\/td>\n<td>0.330&#215;0.310&#215;0.470<\/td>\n<\/tr>\n<tr>\n<td><strong>Box weight (Kg.):<\/strong><\/td>\n<td>14<\/td>\n<\/tr>\n<tr>\n<td><strong>Exterior box (Pc.):<\/strong><\/td>\n<td>20<\/td>\n<\/tr>\n<tr>\n<td><strong>Interior box (Pc.):<\/strong><\/td>\n<td>1<\/td>\n<\/tr>\n<tr>\n<td><strong>Taric:<\/strong><\/td>\n<td>6203231000<\/td>\n<\/tr>\n<tr>\n<td><strong>Country of Origin:<\/strong><\/td>\n<td>China<\/td>\n<\/tr>\n<tr>\n<td><strong>Individual packing:<\/strong><\/td>\n<td>Transport Bag<\/td>\n<\/tr>\n<tr>\n<td><strong>Packing after Printing:<\/strong><\/td>\n<td>Transport Bag<\/td>\n<\/tr>\n<tr>\n<td><strong>Certificates:<\/strong><\/td>\n<td>DOC<\/td>\n<\/tr>\n<tr>\n<td><strong>Material weight:<\/strong><\/td>\n<td>130 g\/m\u00b2<\/td>\n<\/tr>\n<\/table>\n","protected":false},"excerpt":{"rendered":"<p>Salopet\u0103 de ploaie (130 g\/m\u00b2), din poliester (100%) cu strat PU. Jachet\u0103, cu fermoar central, dungi reflectorizante pe trunchi \u0219i m\u00e2neci, \u0219i glug\u0103 ascuns\u0103 \u00een interiorul gulerului. Mesh-ul interior din poliester (100%) \u0219i ochelarii metalici favorizeaz\u0103 respira\u021bia. Jacheta este reglabil\u0103 cu un dop, \u0219i are 2 buzunare inferioare ascunse cu clapet\u0103. Pantaloni: talie elastic\u0103 \u0219i \u00eenchidere cu nasturi. Dispune de dungi reflectorizante pe partea de jos a pantalonilor \u0219i deschideri laterale cu clapet\u0103 pentru a accesa buzunarele. Cu nasturi reglabili \u00een partea de jos. Produs \u00een conformitate cu Reg. UE 2016\/425, certificat EN20471 \u0219i clasa N\u00ba 3<\/p>\n","protected":false},"featured_media":42784,"comment_status":"closed","ping_status":"open","template":"","meta":{"_joinchat":[]},"product_brand":[2760],"product_cat":[2650],"product_tag":[],"class_list":{"0":"post-114181","1":"product","2":"type-product","3":"status-publish","4":"has-post-thumbnail","6":"product_brand-velilla-ro","7":"product_cat-textile","8":"pa_size-2xl-2","9":"pa_size-3xl-2","10":"pa_size-l-2","11":"pa_size-m-2","12":"pa_size-xl-2","14":"first","15":"instock","16":"taxable","17":"shipping-taxable","18":"purchasable","19":"product-type-variable"},"_links":{"self":[{"href":"https:\/\/web2print.ro\/shop\/wp-json\/wp\/v2\/product\/114181","targetHints":{"allow":["GET"]}}],"collection":[{"href":"https:\/\/web2print.ro\/shop\/wp-json\/wp\/v2\/product"}],"about":[{"href":"https:\/\/web2print.ro\/shop\/wp-json\/wp\/v2\/types\/product"}],"replies":[{"embeddable":true,"href":"https:\/\/web2print.ro\/shop\/wp-json\/wp\/v2\/comments?post=114181"}],"wp:featuredmedia":[{"embeddable":true,"href":"https:\/\/web2print.ro\/shop\/wp-json\/wp\/v2\/media\/42784"}],"wp:attachment":[{"href":"https:\/\/web2print.ro\/shop\/wp-json\/wp\/v2\/media?parent=114181"}],"wp:term":[{"taxonomy":"product_brand","embeddable":true,"href":"https:\/\/web2print.ro\/shop\/wp-json\/wp\/v2\/product_brand?post=114181"},{"taxonomy":"product_cat","embeddable":true,"href":"https:\/\/web2print.ro\/shop\/wp-json\/wp\/v2\/product_cat?post=114181"},{"taxonomy":"product_tag","embeddable":true,"href":"https:\/\/web2print.ro\/shop\/wp-json\/wp\/v2\/product_tag?post=114181"}],"curies":[{"name":"wp","href":"https:\/\/api.w.org\/{rel}","templated":true}]}}