{"id":114314,"date":"2025-06-10T15:19:06","date_gmt":"2025-06-10T12:19:06","guid":{"rendered":"https:\/\/web-support.eu\/web2print\/product\/vl-nergal-vesta-captusita-bicolora-cu-mai-multe-buzunare-120g-m%c2%b2-din-poliester-100\/"},"modified":"2026-05-06T23:17:02","modified_gmt":"2026-05-06T20:17:02","slug":"vl-nergal-vesta-captusita-bicolora-cu-mai-multe-buzunare-120g-m%c2%b2-din-poliester-100","status":"publish","type":"product","link":"https:\/\/web2print.ro\/shop\/vl-nergal-vesta-captusita-bicolora-cu-mai-multe-buzunare-120g-m%c2%b2-din-poliester-100\/","title":{"rendered":"VL NERGAL. Vest\u0103 c\u0103ptu\u0219it\u0103, bicolor\u0103, cu mai multe buzunare (120g\/m\u00b2), din poliester (100%) personalizat\u0103"},"content":{"rendered":"<p>Vest\u0103 matlasat\u0103 bicolore, multi-buzunare (120g\/m\u00b2), confec\u021bionat\u0103 integral din poliester (100%). Are \u00eenchidere cu fermoar, ascuns\u0103 de o fent\u0103 cu nasturi. Prezint\u0103 talie elastic\u0103 pe lateral \u0219i protec\u021bie \u00eempotriva v\u00e2ntului la r\u0103scroiala m\u00e2necii.<\/p>\n<p>Burdufurile, chei\u021bele de fermoar \u0219i cus\u0103turile sunt \u00eentr-o culoare contrastant\u0103.<\/p>\n<p>Con\u021bine \u0219apte buzunare: 2 buzunare tip burduf la piept, 2 buzunare inferioare tip burduf, 2 buzunare laterale \u0219i 1 buzunar interior.<\/p>\n<p>M\u0103rimi disponibile: S, M, L, XL, 2XL, 3XL.<\/p>\n<table>\n<tr>\n<td><strong>Exterior box (m):<\/strong><\/td>\n<td>0.300&#215;0.375&#215;0.600<\/td>\n<\/tr>\n<tr>\n<td><strong>Box weight (Kg.):<\/strong><\/td>\n<td>5.3<\/td>\n<\/tr>\n<tr>\n<td><strong>Exterior box (Pc.):<\/strong><\/td>\n<td>10<\/td>\n<\/tr>\n<tr>\n<td><strong>Interior box (Pc.):<\/strong><\/td>\n<td>1<\/td>\n<\/tr>\n<tr>\n<td><strong>Taric:<\/strong><\/td>\n<td>6211331000<\/td>\n<\/tr>\n<tr>\n<td><strong>Country of Origin:<\/strong><\/td>\n<td>Bangladesh<\/td>\n<\/tr>\n<tr>\n<td><strong>Individual packing:<\/strong><\/td>\n<td>Polybag<\/td>\n<\/tr>\n<tr>\n<td><strong>Packing after Printing:<\/strong><\/td>\n<td>Polybag<\/td>\n<\/tr>\n<tr>\n<td><strong>Certificates:<\/strong><\/td>\n<td>SOC<\/td>\n<\/tr>\n<tr>\n<td><strong>Material weight:<\/strong><\/td>\n<td>120 g\/m\u00b2<\/td>\n<\/tr>\n<\/table>\n","protected":false},"excerpt":{"rendered":"<p>Vest\u0103 matlasat\u0103 cu mai multe buzunare (220g\/m\u00b2), din poliester (100%). Cu \u00eenchidere cu fermoar, ascuns\u0103 prin butonier\u0103. Talie elastic\u0103 pe lateral \u0219i windbreaker \u00een axil\u0103. Cu \u0219apte buzunare (1 buzunar pe piept, 2 buzunare inferioare, 2 buzunare laterale \u0219i 1 buzunar cu burduf pe piept)<\/p>\n","protected":false},"featured_media":43193,"comment_status":"closed","ping_status":"open","template":"","meta":{"_joinchat":[]},"product_brand":[2760],"product_cat":[2650],"product_tag":[],"class_list":{"0":"post-114314","1":"product","2":"type-product","3":"status-publish","4":"has-post-thumbnail","6":"product_brand-velilla-ro","7":"product_cat-textile","8":"pa_size-2xl-2","9":"pa_size-3xl-2","10":"pa_size-l-2","11":"pa_size-m-2","12":"pa_size-s-2","13":"pa_size-xl-2","15":"first","16":"instock","17":"taxable","18":"shipping-taxable","19":"purchasable","20":"product-type-variable"},"_links":{"self":[{"href":"https:\/\/web2print.ro\/shop\/wp-json\/wp\/v2\/product\/114314","targetHints":{"allow":["GET"]}}],"collection":[{"href":"https:\/\/web2print.ro\/shop\/wp-json\/wp\/v2\/product"}],"about":[{"href":"https:\/\/web2print.ro\/shop\/wp-json\/wp\/v2\/types\/product"}],"replies":[{"embeddable":true,"href":"https:\/\/web2print.ro\/shop\/wp-json\/wp\/v2\/comments?post=114314"}],"wp:featuredmedia":[{"embeddable":true,"href":"https:\/\/web2print.ro\/shop\/wp-json\/wp\/v2\/media\/43193"}],"wp:attachment":[{"href":"https:\/\/web2print.ro\/shop\/wp-json\/wp\/v2\/media?parent=114314"}],"wp:term":[{"taxonomy":"product_brand","embeddable":true,"href":"https:\/\/web2print.ro\/shop\/wp-json\/wp\/v2\/product_brand?post=114314"},{"taxonomy":"product_cat","embeddable":true,"href":"https:\/\/web2print.ro\/shop\/wp-json\/wp\/v2\/product_cat?post=114314"},{"taxonomy":"product_tag","embeddable":true,"href":"https:\/\/web2print.ro\/shop\/wp-json\/wp\/v2\/product_tag?post=114314"}],"curies":[{"name":"wp","href":"https:\/\/api.w.org\/{rel}","templated":true}]}}