{"id":114548,"date":"2025-06-10T15:19:00","date_gmt":"2025-06-10T12:19:00","guid":{"rendered":"https:\/\/web-support.eu\/web2print\/product\/vl-zeus-pantaloni-elastici-cu-doua-tonuri-cu-buzunare-multiple-240g-m%c2%b2-din-bumbac-46-eme-38-si-poliester-16\/"},"modified":"2026-05-06T23:37:05","modified_gmt":"2026-05-06T20:37:05","slug":"vl-zeus-pantaloni-elastici-cu-doua-tonuri-cu-buzunare-multiple-240g-m%c2%b2-din-bumbac-46-eme-38-si-poliester-16","status":"publish","type":"product","link":"https:\/\/web2print.ro\/shop\/vl-zeus-pantaloni-elastici-cu-doua-tonuri-cu-buzunare-multiple-240g-m%c2%b2-din-bumbac-46-eme-38-si-poliester-16\/","title":{"rendered":"VL ZEUS. Pantaloni elastici cu dou\u0103 tonuri, cu buzunare multiple (240g\/m\u00b2), din bumbac (46%), EME (38%) \u0219i poliester (16%) personaliza\u021bi"},"content":{"rendered":"<p>Pantaloni elastici multi-buzunare, bicolori (240g\/m\u00b2), confec\u021biona\u021bi din bumbac (46%), EME (38%) \u0219i poliester (16%). Au talie elastic\u0103 \u0219i benzi reflectorizante \u00een partea de jos a pantalonilor. Prezint\u0103 o culoare contrastant\u0103 pe burdufuri, chei\u021be de fermoar \u0219i materialul dintre benzile reflectorizante.<\/p>\n<p>Con\u021bin \u0219ase buzunare: 2 buzunare franceze, 2 buzunare laterale cu burduf \u0219i 2 buzunare posterioare.<\/p>\n<p>Produsul este \u00een conformitate cu Regulamentul UE 2016\/425, certificat EN20471 \u0219i clasa N\u00ba 1.<\/p>\n<p>M\u0103rimi disponibile: S, M, L, XL, 2XL, 3XL.<\/p>\n<table>\n<tr>\n<td><strong>Exterior box (m):<\/strong><\/td>\n<td>0.260&#215;0.375&#215;0.600<\/td>\n<\/tr>\n<tr>\n<td><strong>Box weight (Kg.):<\/strong><\/td>\n<td>10.75<\/td>\n<\/tr>\n<tr>\n<td><strong>Exterior box (Pc.):<\/strong><\/td>\n<td>25<\/td>\n<\/tr>\n<tr>\n<td><strong>Interior box (Pc.):<\/strong><\/td>\n<td>1<\/td>\n<\/tr>\n<tr>\n<td><strong>Taric:<\/strong><\/td>\n<td>6203431100<\/td>\n<\/tr>\n<tr>\n<td><strong>Country of Origin:<\/strong><\/td>\n<td>VietNam<\/td>\n<\/tr>\n<tr>\n<td><strong>Individual packing:<\/strong><\/td>\n<td>Polybag, Flyer<\/td>\n<\/tr>\n<tr>\n<td><strong>Packing after Printing:<\/strong><\/td>\n<td>Polybag, Flyer<\/td>\n<\/tr>\n<tr>\n<td><strong>Certificates:<\/strong><\/td>\n<td>SOC<\/td>\n<\/tr>\n<tr>\n<td><strong>Material weight:<\/strong><\/td>\n<td>240 g\/m\u00b2<\/td>\n<\/tr>\n<\/table>\n","protected":false},"excerpt":{"rendered":"<p>Pantaloni elastici \u00een dou\u0103 tonuri, cu mai multe buzunare (240g\/m\u00b2), din bumbac (46%), EME (38%) \u0219i poliester (16%). Cu talie elastic\u0103 \u0219i dungi reflectorizante pe partea de jos a pantalonilor. Culoare contrastant\u0103 pe zona inferioar\u0103, m\u00e2nere \u0219i \u021bes\u0103tur\u0103 \u00eentre dungile reflectorizante. \u0218ase buzunare (2 buzunare fran\u021buze\u0219ti, 2 buzunare laterale burduf \u0219i 2 buzunare spate). Produs \u00een conformitate cu Reg. UE 2016\/425, certificat EN20471 \u0219i clasa N\u00ba 1<\/p>\n","protected":false},"featured_media":43605,"comment_status":"closed","ping_status":"open","template":"","meta":{"_joinchat":[]},"product_brand":[2760],"product_cat":[2650],"product_tag":[],"class_list":{"0":"post-114548","1":"product","2":"type-product","3":"status-publish","4":"has-post-thumbnail","6":"product_brand-velilla-ro","7":"product_cat-textile","8":"pa_size-2xl-2","9":"pa_size-3xl-2","10":"pa_size-l-2","11":"pa_size-m-2","12":"pa_size-s-2","13":"pa_size-xl-2","15":"first","16":"instock","17":"taxable","18":"shipping-taxable","19":"purchasable","20":"product-type-variable"},"_links":{"self":[{"href":"https:\/\/web2print.ro\/shop\/wp-json\/wp\/v2\/product\/114548","targetHints":{"allow":["GET"]}}],"collection":[{"href":"https:\/\/web2print.ro\/shop\/wp-json\/wp\/v2\/product"}],"about":[{"href":"https:\/\/web2print.ro\/shop\/wp-json\/wp\/v2\/types\/product"}],"replies":[{"embeddable":true,"href":"https:\/\/web2print.ro\/shop\/wp-json\/wp\/v2\/comments?post=114548"}],"wp:featuredmedia":[{"embeddable":true,"href":"https:\/\/web2print.ro\/shop\/wp-json\/wp\/v2\/media\/43605"}],"wp:attachment":[{"href":"https:\/\/web2print.ro\/shop\/wp-json\/wp\/v2\/media?parent=114548"}],"wp:term":[{"taxonomy":"product_brand","embeddable":true,"href":"https:\/\/web2print.ro\/shop\/wp-json\/wp\/v2\/product_brand?post=114548"},{"taxonomy":"product_cat","embeddable":true,"href":"https:\/\/web2print.ro\/shop\/wp-json\/wp\/v2\/product_cat?post=114548"},{"taxonomy":"product_tag","embeddable":true,"href":"https:\/\/web2print.ro\/shop\/wp-json\/wp\/v2\/product_tag?post=114548"}],"curies":[{"name":"wp","href":"https:\/\/api.w.org\/{rel}","templated":true}]}}