{"id":114622,"date":"2025-06-10T15:18:57","date_gmt":"2025-06-10T12:18:57","guid":{"rendered":"https:\/\/web-support.eu\/web2print\/product\/vl-bastet-tricou-pique-bicolor-150-g-m%c2%b2-din-bumbac-55-si-poliester-45\/"},"modified":"2026-05-06T23:45:02","modified_gmt":"2026-05-06T20:45:02","slug":"vl-bastet-tricou-pique-bicolor-150-g-m%c2%b2-din-bumbac-55-si-poliester-45","status":"publish","type":"product","link":"https:\/\/web2print.ro\/shop\/vl-bastet-tricou-pique-bicolor-150-g-m%c2%b2-din-bumbac-55-si-poliester-45\/","title":{"rendered":"VL BASTET. Tricou piqu\u00e9 bicolor (150 g\/m\u00b2), din bumbac (55%) \u0219i poliester (45%) personalizat"},"content":{"rendered":"<p>Tricou polo piqu\u00e9 bicolore (150g\/m\u00b2) cu m\u00e2nec\u0103 scurt\u0103, confec\u021bionat din bumbac (55%) \u0219i poliester (45%). Prezint\u0103 guler rotund striat \u00eentr-o culoare contrastant\u0103 \u0219i benzi reflectorizante segmentate pe tors \u0219i m\u00e2neci.<\/p>\n<p>Produsul este \u00een conformitate cu Regulamentul UE 2016\/425, certificat EN20471 \u0219i clasa N\u00ba 1.<\/p>\n<p>M\u0103rimi disponibile: S, M, L, XL, 2XL, 3XL.<\/p>\n<table>\n<tr>\n<td><strong>Exterior box (m):<\/strong><\/td>\n<td>0.200&#215;0.370&#215;0.550<\/td>\n<\/tr>\n<tr>\n<td><strong>Box weight (Kg.):<\/strong><\/td>\n<td>7.45<\/td>\n<\/tr>\n<tr>\n<td><strong>Exterior box (Pc.):<\/strong><\/td>\n<td>25<\/td>\n<\/tr>\n<tr>\n<td><strong>Interior box (Pc.):<\/strong><\/td>\n<td>1<\/td>\n<\/tr>\n<tr>\n<td><strong>Taric:<\/strong><\/td>\n<td>6109100010<\/td>\n<\/tr>\n<tr>\n<td><strong>Country of Origin:<\/strong><\/td>\n<td>China<\/td>\n<\/tr>\n<tr>\n<td><strong>Individual packing:<\/strong><\/td>\n<td>Polybag, Flyer<\/td>\n<\/tr>\n<tr>\n<td><strong>Packing after Printing:<\/strong><\/td>\n<td>Polybag, Flyer<\/td>\n<\/tr>\n<tr>\n<td><strong>Certificates:<\/strong><\/td>\n<td>DOC<\/td>\n<\/tr>\n<tr>\n<td><strong>Material weight:<\/strong><\/td>\n<td>150 g\/m\u00b2<\/td>\n<\/tr>\n<\/table>\n","protected":false},"excerpt":{"rendered":"<p>Tricou piqu\u00e9 bicolor (150 g\/m\u00b2), din bumbac (55%) \u0219i poliester (45%). M\u00e2neci scurte, cu guler rotund canelat \u00een culoare contrastant\u0103, dungi reflectorizante segmentate pe trunchi \u0219i m\u00e2neci. Produs \u00een conformitate cu Reg. UE 2016\/425, certificat EN20471 \u0219i clasa N\u00ba 1<\/p>\n","protected":false},"featured_media":43843,"comment_status":"closed","ping_status":"open","template":"","meta":{"_joinchat":[]},"product_brand":[2760],"product_cat":[2650],"product_tag":[],"class_list":{"0":"post-114622","1":"product","2":"type-product","3":"status-publish","4":"has-post-thumbnail","6":"product_brand-velilla-ro","7":"product_cat-textile","8":"pa_size-2xl-2","9":"pa_size-3xl-2","10":"pa_size-l-2","11":"pa_size-m-2","12":"pa_size-s-2","13":"pa_size-xl-2","15":"first","16":"instock","17":"taxable","18":"shipping-taxable","19":"purchasable","20":"product-type-variable"},"_links":{"self":[{"href":"https:\/\/web2print.ro\/shop\/wp-json\/wp\/v2\/product\/114622","targetHints":{"allow":["GET"]}}],"collection":[{"href":"https:\/\/web2print.ro\/shop\/wp-json\/wp\/v2\/product"}],"about":[{"href":"https:\/\/web2print.ro\/shop\/wp-json\/wp\/v2\/types\/product"}],"replies":[{"embeddable":true,"href":"https:\/\/web2print.ro\/shop\/wp-json\/wp\/v2\/comments?post=114622"}],"wp:featuredmedia":[{"embeddable":true,"href":"https:\/\/web2print.ro\/shop\/wp-json\/wp\/v2\/media\/43843"}],"wp:attachment":[{"href":"https:\/\/web2print.ro\/shop\/wp-json\/wp\/v2\/media?parent=114622"}],"wp:term":[{"taxonomy":"product_brand","embeddable":true,"href":"https:\/\/web2print.ro\/shop\/wp-json\/wp\/v2\/product_brand?post=114622"},{"taxonomy":"product_cat","embeddable":true,"href":"https:\/\/web2print.ro\/shop\/wp-json\/wp\/v2\/product_cat?post=114622"},{"taxonomy":"product_tag","embeddable":true,"href":"https:\/\/web2print.ro\/shop\/wp-json\/wp\/v2\/product_tag?post=114622"}],"curies":[{"name":"wp","href":"https:\/\/api.w.org\/{rel}","templated":true}]}}