{"id":114697,"date":"2025-06-10T15:18:52","date_gmt":"2025-06-10T12:18:52","guid":{"rendered":"https:\/\/web-support.eu\/web2print\/product\/vl-themis-parka-bicolora-190g-m%c2%b2-din-poliester-100-cu-strat-pu\/"},"modified":"2026-05-06T23:51:05","modified_gmt":"2026-05-06T20:51:05","slug":"vl-themis-parka-bicolora-190g-m%c2%b2-din-poliester-100-cu-strat-pu","status":"publish","type":"product","link":"https:\/\/web2print.ro\/shop\/vl-themis-parka-bicolora-190g-m%c2%b2-din-poliester-100-cu-strat-pu\/","title":{"rendered":"VL THEMIS. Parka bicolor\u0103 (190g\/m\u00b2), din poliester (100%), cu strat PU personalizat\u0103"},"content":{"rendered":"<p>Parka bicolore (190g\/m\u00b2) din poliester (100%), cu strat de acoperire din PU. Are o deschidere cu fermoar \u00een interiorul spatelui, pentru o personalizare u\u0219oar\u0103. Fermoarul central este ascuns de o fent\u0103 ce se \u00eenchide cu arici (hook-and-loop).<\/p>\n<p>Prezint\u0103 benzi reflectorizante pe tors \u0219i m\u00e2neci. Gluga este ascuns\u0103 \u00een guler, iar man\u0219etele sunt striate.<\/p>\n<p>Con\u021bine trei buzunare: 2 buzunare inferioare \u0219i 1 buzunar interior.<\/p>\n<p>Produsul este \u00een conformitate cu Regulamentul UE 2016\/425, certificat EN20471 \u0219i clasa N\u00ba 2.<\/p>\n<p>M\u0103rimi disponibile: S, M, L, XL, 2XL, 3XL.<\/p>\n<table>\n<tr>\n<td><strong>Exterior box (m):<\/strong><\/td>\n<td>0.280&#215;0.400&#215;0.580<\/td>\n<\/tr>\n<tr>\n<td><strong>Box weight (Kg.):<\/strong><\/td>\n<td>5.5<\/td>\n<\/tr>\n<tr>\n<td><strong>Exterior box (Pc.):<\/strong><\/td>\n<td>5<\/td>\n<\/tr>\n<tr>\n<td><strong>Interior box (Pc.):<\/strong><\/td>\n<td>1<\/td>\n<\/tr>\n<tr>\n<td><strong>Taric:<\/strong><\/td>\n<td>6211331000<\/td>\n<\/tr>\n<tr>\n<td><strong>Country of Origin:<\/strong><\/td>\n<td>China<\/td>\n<\/tr>\n<tr>\n<td><strong>Individual packing:<\/strong><\/td>\n<td>Polybag, Flyer<\/td>\n<\/tr>\n<tr>\n<td><strong>Packing after Printing:<\/strong><\/td>\n<td>Polybag, Flyer<\/td>\n<\/tr>\n<tr>\n<td><strong>Certificates:<\/strong><\/td>\n<td>DOC<\/td>\n<\/tr>\n<tr>\n<td><strong>Material weight:<\/strong><\/td>\n<td>190 g\/m\u00b2<\/td>\n<\/tr>\n<\/table>\n","protected":false},"excerpt":{"rendered":"<p>Parka bicolor\u0103 (190g\/m\u00b2), din poliester (100%), cu strat PU. Deschidere pe partea interioar\u0103 a spatelui, cu fermoar, pentru personalizare u\u0219oar\u0103. Fermoar central, ascuns cu pl\u0103cu\u021b\u0103, care se \u00eenchide cu c\u00e2rlig \u0219i bucl\u0103. Dungi reflectorizante pe trunchi \u0219i m\u00e2neci. Glug\u0103 ascuns\u0103 \u00een guler \u0219i man\u0219ete cu tiv canelat. Con\u021bine trei buzunare (2 buzunare inferioare \u0219i 1 buzunar interior). Produs \u00een conformitate cu Reg. UE 2016\/425, certificat EN20471 \u0219i clasa N\u00ba 2<\/p>\n","protected":false},"featured_media":44018,"comment_status":"closed","ping_status":"open","template":"","meta":{"_joinchat":[]},"product_brand":[2760],"product_cat":[2650],"product_tag":[],"class_list":{"0":"post-114697","1":"product","2":"type-product","3":"status-publish","4":"has-post-thumbnail","6":"product_brand-velilla-ro","7":"product_cat-textile","8":"pa_size-2xl-2","9":"pa_size-3xl-2","10":"pa_size-l-2","11":"pa_size-m-2","12":"pa_size-s-2","13":"pa_size-xl-2","15":"first","16":"instock","17":"taxable","18":"shipping-taxable","19":"purchasable","20":"product-type-variable"},"_links":{"self":[{"href":"https:\/\/web2print.ro\/shop\/wp-json\/wp\/v2\/product\/114697","targetHints":{"allow":["GET"]}}],"collection":[{"href":"https:\/\/web2print.ro\/shop\/wp-json\/wp\/v2\/product"}],"about":[{"href":"https:\/\/web2print.ro\/shop\/wp-json\/wp\/v2\/types\/product"}],"replies":[{"embeddable":true,"href":"https:\/\/web2print.ro\/shop\/wp-json\/wp\/v2\/comments?post=114697"}],"wp:featuredmedia":[{"embeddable":true,"href":"https:\/\/web2print.ro\/shop\/wp-json\/wp\/v2\/media\/44018"}],"wp:attachment":[{"href":"https:\/\/web2print.ro\/shop\/wp-json\/wp\/v2\/media?parent=114697"}],"wp:term":[{"taxonomy":"product_brand","embeddable":true,"href":"https:\/\/web2print.ro\/shop\/wp-json\/wp\/v2\/product_brand?post=114697"},{"taxonomy":"product_cat","embeddable":true,"href":"https:\/\/web2print.ro\/shop\/wp-json\/wp\/v2\/product_cat?post=114697"},{"taxonomy":"product_tag","embeddable":true,"href":"https:\/\/web2print.ro\/shop\/wp-json\/wp\/v2\/product_tag?post=114697"}],"curies":[{"name":"wp","href":"https:\/\/api.w.org\/{rel}","templated":true}]}}