{"id":114731,"date":"2025-06-10T15:18:51","date_gmt":"2025-06-10T12:18:51","guid":{"rendered":"https:\/\/web-support.eu\/web2print\/product\/vl-juno-parka-4-in-1-in-doua-tonuri-180g-m%c2%b2-din-poliester-100-cu-strat-pu\/"},"modified":"2026-05-06T23:55:03","modified_gmt":"2026-05-06T20:55:03","slug":"vl-juno-parka-4-in-1-in-doua-tonuri-180g-m%c2%b2-din-poliester-100-cu-strat-pu","status":"publish","type":"product","link":"https:\/\/web2print.ro\/shop\/vl-juno-parka-4-in-1-in-doua-tonuri-180g-m%c2%b2-din-poliester-100-cu-strat-pu\/","title":{"rendered":"VL JUNO. Parka 4 \u00een 1 \u00een dou\u0103 tonuri (180g\/m\u00b2), din poliester (100%), cu strat PU personalizat\u0103"},"content":{"rendered":"<p>Parka 4-\u00een-1, bicolore (180g\/m\u00b2), confec\u021bionat\u0103 integral din poliester (100%) cu strat de acoperire din PU. Acest produs versatil ofer\u0103 patru op\u021biuni de purtare \u00eentr-unul singur: parka, pelerin\u0103 de ploaie, jachet\u0103 \u0219i vest\u0103.<\/p>\n<p>Parka\/Pelerin\u0103 de ploaie:<\/p>\n<p>Fermoar central ascuns de o fent\u0103 ce se \u00eenchide cu arici (hook-and-loop).<\/p>\n<p>Benzi reflectorizante pe tors, umeri \u0219i m\u00e2neci.<\/p>\n<p>Glug\u0103 ascuns\u0103.<\/p>\n<p>Dou\u0103 buzunare inferioare.<\/p>\n<p>Jachet\u0103\/Vest\u0103:<\/p>\n<p>Fermoar central.<\/p>\n<p>Benzi reflectorizante pe tors \u0219i umeri.<\/p>\n<p>Man\u0219ete striate.<\/p>\n<p>M\u00e2neci deta\u0219abile.<\/p>\n<p>Trei buzunare (2 buzunare inferioare \u0219i 1 buzunar interior).<\/p>\n<p>Produsul este \u00een conformitate cu Regulamentul UE 2016\/425, certificat EN20471 \u0219i clasa N\u00ba 2.<\/p>\n<p>M\u0103rimi disponibile: S, M, L, XL, 2XL, 3XL.<\/p>\n<table>\n<tr>\n<td><strong>Exterior box (m):<\/strong><\/td>\n<td>0.300&#215;0.400&#215;0.580<\/td>\n<\/tr>\n<tr>\n<td><strong>Box weight (Kg.):<\/strong><\/td>\n<td>5.5<\/td>\n<\/tr>\n<tr>\n<td><strong>Exterior box (Pc.):<\/strong><\/td>\n<td>5<\/td>\n<\/tr>\n<tr>\n<td><strong>Interior box (Pc.):<\/strong><\/td>\n<td>1<\/td>\n<\/tr>\n<tr>\n<td><strong>Taric:<\/strong><\/td>\n<td>6211331000<\/td>\n<\/tr>\n<tr>\n<td><strong>Country of Origin:<\/strong><\/td>\n<td>China<\/td>\n<\/tr>\n<tr>\n<td><strong>Individual packing:<\/strong><\/td>\n<td>Polybag, Flyer<\/td>\n<\/tr>\n<tr>\n<td><strong>Packing after Printing:<\/strong><\/td>\n<td>Polybag, Flyer<\/td>\n<\/tr>\n<tr>\n<td><strong>Certificates:<\/strong><\/td>\n<td>DOC<\/td>\n<\/tr>\n<tr>\n<td><strong>Material weight:<\/strong><\/td>\n<td>180 g\/m\u00b2<\/td>\n<\/tr>\n<\/table>\n","protected":false},"excerpt":{"rendered":"<p>Parka bicolor\u0103 4 \u00een 1 (180g\/m\u00b2), din poliester (100%) cu strat PU. Patru piese \u00eentr-una singur\u0103: parka, pelerin\u0103 de ploaie, jachet\u0103 \u0219i vest\u0103. Parka\/\u00eembr\u0103c\u0103minte de ploaie: cu fermoar central ascuns cu clapet\u0103, care se \u00eenchide cu hook-and-loop, dungi reflectorizante pe trunchi, umeri \u0219i m\u00e2neci \u0219i glug\u0103 ascuns\u0103, cu dou\u0103 buzunare inferioare.Jachet\u0103 \/ vest\u0103: cu fermoar central, dungi reflectorizante pe trunchi \u0219i umeri, man\u0219ete cu dungi \u0219i m\u00e2neci deta\u0219abile. Cu trei buzunare (2 buzunare inferioare \u0219i 1 buzunar interior). Produs \u00een conformitate cu Reg. UE 2016\/425, certificat EN20471 \u0219i clasa N\u00ba 2<\/p>\n","protected":false},"featured_media":44136,"comment_status":"closed","ping_status":"open","template":"","meta":{"_joinchat":[]},"product_brand":[2760],"product_cat":[2650],"product_tag":[],"class_list":{"0":"post-114731","1":"product","2":"type-product","3":"status-publish","4":"has-post-thumbnail","6":"product_brand-velilla-ro","7":"product_cat-textile","8":"pa_size-2xl-2","9":"pa_size-3xl-2","10":"pa_size-l-2","11":"pa_size-m-2","12":"pa_size-s-2","13":"pa_size-xl-2","15":"first","16":"instock","17":"taxable","18":"shipping-taxable","19":"purchasable","20":"product-type-variable"},"_links":{"self":[{"href":"https:\/\/web2print.ro\/shop\/wp-json\/wp\/v2\/product\/114731","targetHints":{"allow":["GET"]}}],"collection":[{"href":"https:\/\/web2print.ro\/shop\/wp-json\/wp\/v2\/product"}],"about":[{"href":"https:\/\/web2print.ro\/shop\/wp-json\/wp\/v2\/types\/product"}],"replies":[{"embeddable":true,"href":"https:\/\/web2print.ro\/shop\/wp-json\/wp\/v2\/comments?post=114731"}],"wp:featuredmedia":[{"embeddable":true,"href":"https:\/\/web2print.ro\/shop\/wp-json\/wp\/v2\/media\/44136"}],"wp:attachment":[{"href":"https:\/\/web2print.ro\/shop\/wp-json\/wp\/v2\/media?parent=114731"}],"wp:term":[{"taxonomy":"product_brand","embeddable":true,"href":"https:\/\/web2print.ro\/shop\/wp-json\/wp\/v2\/product_brand?post=114731"},{"taxonomy":"product_cat","embeddable":true,"href":"https:\/\/web2print.ro\/shop\/wp-json\/wp\/v2\/product_cat?post=114731"},{"taxonomy":"product_tag","embeddable":true,"href":"https:\/\/web2print.ro\/shop\/wp-json\/wp\/v2\/product_tag?post=114731"}],"curies":[{"name":"wp","href":"https:\/\/api.w.org\/{rel}","templated":true}]}}