{"id":115299,"date":"2025-06-10T14:20:31","date_gmt":"2025-06-10T11:20:31","guid":{"rendered":"https:\/\/web-support.eu\/web2print\/product\/vl-durga-jacheta-de-bucatarie-cu-maneca-scurta-din-poplin-110-g-m%c2%b2-din-bumbac-35-si-poliester-65\/"},"modified":"2026-05-07T00:35:03","modified_gmt":"2026-05-06T21:35:03","slug":"vl-durga-jacheta-de-bucatarie-cu-maneca-scurta-din-poplin-110-g-m%c2%b2-din-bumbac-35-si-poliester-65","status":"publish","type":"product","link":"https:\/\/web2print.ro\/shop\/vl-durga-jacheta-de-bucatarie-cu-maneca-scurta-din-poplin-110-g-m%c2%b2-din-bumbac-35-si-poliester-65\/","title":{"rendered":"VL DURGA. Jachet\u0103 de buc\u0103t\u0103rie cu m\u00e2nec\u0103 scurt\u0103 din poplin (110 g\/m\u00b2), din bumbac (35%) \u0219i poliester (65%) personalizat\u0103"},"content":{"rendered":"<p>Jachet\u0103 de buc\u0103tar cu m\u00e2nec\u0103 scurt\u0103, din poplin (110g\/m\u00b2), confec\u021bionat\u0103 din bumbac (35%) \u0219i poliester (65%). Are sistem de \u00eenchidere cu nasturi dubli \u0219i 1 buzunar la piept.<\/p>\n<p>M\u0103rimi disponibile: XS, S, M, L, XL, 2XL, 3XL.<\/p>\n<table>\n<tr>\n<td><strong>Exterior box (m):<\/strong><\/td>\n<td>0.230&#215;0.400&#215;0.600<\/td>\n<\/tr>\n<tr>\n<td><strong>Box weight (Kg.):<\/strong><\/td>\n<td>15.6<\/td>\n<\/tr>\n<tr>\n<td><strong>Exterior box (Pc.):<\/strong><\/td>\n<td>50<\/td>\n<\/tr>\n<tr>\n<td><strong>Interior box (Pc.):<\/strong><\/td>\n<td>1<\/td>\n<\/tr>\n<tr>\n<td><strong>Taric:<\/strong><\/td>\n<td>6203331000<\/td>\n<\/tr>\n<tr>\n<td><strong>Country of Origin:<\/strong><\/td>\n<td>VietNam<\/td>\n<\/tr>\n<tr>\n<td><strong>Individual packing:<\/strong><\/td>\n<td>Polybag<\/td>\n<\/tr>\n<tr>\n<td><strong>Packing after Printing:<\/strong><\/td>\n<td>Polybag<\/td>\n<\/tr>\n<tr>\n<td><strong>Certificates:<\/strong><\/td>\n<td>SOC<\/td>\n<\/tr>\n<tr>\n<td><strong>Material weight:<\/strong><\/td>\n<td>110 g\/m\u00b2<\/td>\n<\/tr>\n<\/table>\n","protected":false},"excerpt":{"rendered":"<p>Jachet\u0103 de buc\u0103t\u0103rie cu m\u00e2nec\u0103 scurt\u0103 din poplin (110g\/m\u00b2) din bumbac (35%) \u0219i poliester (65%). Cu sistem dublu de \u00eenchidere cu nasturi \u0219i 1 buzunar pe piept<\/p>\n","protected":false},"featured_media":45158,"comment_status":"closed","ping_status":"open","template":"","meta":{"_joinchat":[]},"product_brand":[2760],"product_cat":[2650],"product_tag":[],"class_list":{"0":"post-115299","1":"product","2":"type-product","3":"status-publish","4":"has-post-thumbnail","6":"product_brand-velilla-ro","7":"product_cat-textile","8":"pa_size-2xl-2","9":"pa_size-3xl-2","10":"pa_size-l-2","11":"pa_size-m-2","12":"pa_size-s-2","13":"pa_size-xl-2","14":"pa_size-xs-2","16":"first","17":"instock","18":"taxable","19":"shipping-taxable","20":"purchasable","21":"product-type-variable"},"_links":{"self":[{"href":"https:\/\/web2print.ro\/shop\/wp-json\/wp\/v2\/product\/115299","targetHints":{"allow":["GET"]}}],"collection":[{"href":"https:\/\/web2print.ro\/shop\/wp-json\/wp\/v2\/product"}],"about":[{"href":"https:\/\/web2print.ro\/shop\/wp-json\/wp\/v2\/types\/product"}],"replies":[{"embeddable":true,"href":"https:\/\/web2print.ro\/shop\/wp-json\/wp\/v2\/comments?post=115299"}],"wp:featuredmedia":[{"embeddable":true,"href":"https:\/\/web2print.ro\/shop\/wp-json\/wp\/v2\/media\/45158"}],"wp:attachment":[{"href":"https:\/\/web2print.ro\/shop\/wp-json\/wp\/v2\/media?parent=115299"}],"wp:term":[{"taxonomy":"product_brand","embeddable":true,"href":"https:\/\/web2print.ro\/shop\/wp-json\/wp\/v2\/product_brand?post=115299"},{"taxonomy":"product_cat","embeddable":true,"href":"https:\/\/web2print.ro\/shop\/wp-json\/wp\/v2\/product_cat?post=115299"},{"taxonomy":"product_tag","embeddable":true,"href":"https:\/\/web2print.ro\/shop\/wp-json\/wp\/v2\/product_tag?post=115299"}],"curies":[{"name":"wp","href":"https:\/\/api.w.org\/{rel}","templated":true}]}}