{"id":115371,"date":"2025-06-10T14:20:27","date_gmt":"2025-06-10T11:20:27","guid":{"rendered":"https:\/\/web-support.eu\/web2print\/product\/vl-illapa-tunica-din-twill-190g-m%c2%b2-cu-maneci-scurte-din-poliester-65-si-bumbac-35\/"},"modified":"2026-05-07T00:49:01","modified_gmt":"2026-05-06T21:49:01","slug":"vl-illapa-tunica-din-twill-190g-m%c2%b2-cu-maneci-scurte-din-poliester-65-si-bumbac-35","status":"publish","type":"product","link":"https:\/\/web2print.ro\/shop\/vl-illapa-tunica-din-twill-190g-m%c2%b2-cu-maneci-scurte-din-poliester-65-si-bumbac-35\/","title":{"rendered":"VL ILLAPA. Tunic\u0103 din twill (190g\/m\u00b2) cu m\u00e2neci scurte, din poliester (65%) \u0219i bumbac (35%) personalizat\u0103"},"content":{"rendered":"<p>Tunic\u0103 din twill (190g\/m\u00b2) cu m\u00e2nec\u0103 scurt\u0103, confec\u021bionat\u0103 din poliester (65%) \u0219i bumbac (35%). Are decolteu \u00een V, \u0219li\u021buri laterale \u0219i 3 buzunare.<\/p>\n<p>M\u0103rimi disponibile: 2XS, XS, S, M, L, XL, 2XL, 3XL, 4XL.<\/p>\n<table>\n<tr>\n<td><strong>Exterior box (m):<\/strong><\/td>\n<td>0.200&#215;0.390&#215;0.590<\/td>\n<\/tr>\n<tr>\n<td><strong>Box weight (Kg.):<\/strong><\/td>\n<td>13.7<\/td>\n<\/tr>\n<tr>\n<td><strong>Exterior box (Pc.):<\/strong><\/td>\n<td>50<\/td>\n<\/tr>\n<tr>\n<td><strong>Interior box (Pc.):<\/strong><\/td>\n<td>1<\/td>\n<\/tr>\n<tr>\n<td><strong>Taric:<\/strong><\/td>\n<td>6203331000<\/td>\n<\/tr>\n<tr>\n<td><strong>Country of Origin:<\/strong><\/td>\n<td>VietNam<\/td>\n<\/tr>\n<tr>\n<td><strong>Individual packing:<\/strong><\/td>\n<td>Polybag<\/td>\n<\/tr>\n<tr>\n<td><strong>Packing after Printing:<\/strong><\/td>\n<td>Polybag<\/td>\n<\/tr>\n<tr>\n<td><strong>Certificates:<\/strong><\/td>\n<td>SOC<\/td>\n<\/tr>\n<tr>\n<td><strong>Material weight:<\/strong><\/td>\n<td>190 g\/m\u00b2<\/td>\n<\/tr>\n<\/table>\n","protected":false},"excerpt":{"rendered":"<p>Tunic\u0103 din twill (190g\/m\u00b2) cu m\u00e2neci scurte, din poliester (65%) \u0219i bumbac (35%). Decolteu \u00een V, deschideri laterale \u0219i 3 buzunare<\/p>\n","protected":false},"featured_media":45444,"comment_status":"closed","ping_status":"open","template":"","meta":{"_joinchat":[]},"product_brand":[2760],"product_cat":[2650],"product_tag":[],"class_list":{"0":"post-115371","1":"product","2":"type-product","3":"status-publish","4":"has-post-thumbnail","6":"product_brand-velilla-ro","7":"product_cat-textile","8":"pa_size-2xl-2","9":"pa_size-3xl-2","10":"pa_size-4xl-2","11":"pa_size-l-2","12":"pa_size-m-2","13":"pa_size-s-2","14":"pa_size-xl-2","15":"pa_size-xs-2","17":"first","18":"instock","19":"taxable","20":"shipping-taxable","21":"purchasable","22":"product-type-variable"},"_links":{"self":[{"href":"https:\/\/web2print.ro\/shop\/wp-json\/wp\/v2\/product\/115371","targetHints":{"allow":["GET"]}}],"collection":[{"href":"https:\/\/web2print.ro\/shop\/wp-json\/wp\/v2\/product"}],"about":[{"href":"https:\/\/web2print.ro\/shop\/wp-json\/wp\/v2\/types\/product"}],"replies":[{"embeddable":true,"href":"https:\/\/web2print.ro\/shop\/wp-json\/wp\/v2\/comments?post=115371"}],"wp:featuredmedia":[{"embeddable":true,"href":"https:\/\/web2print.ro\/shop\/wp-json\/wp\/v2\/media\/45444"}],"wp:attachment":[{"href":"https:\/\/web2print.ro\/shop\/wp-json\/wp\/v2\/media?parent=115371"}],"wp:term":[{"taxonomy":"product_brand","embeddable":true,"href":"https:\/\/web2print.ro\/shop\/wp-json\/wp\/v2\/product_brand?post=115371"},{"taxonomy":"product_cat","embeddable":true,"href":"https:\/\/web2print.ro\/shop\/wp-json\/wp\/v2\/product_cat?post=115371"},{"taxonomy":"product_tag","embeddable":true,"href":"https:\/\/web2print.ro\/shop\/wp-json\/wp\/v2\/product_tag?post=115371"}],"curies":[{"name":"wp","href":"https:\/\/api.w.org\/{rel}","templated":true}]}}