{"id":115544,"date":"2025-06-10T14:20:26","date_gmt":"2025-06-10T11:20:26","guid":{"rendered":"https:\/\/web-support.eu\/web2print\/product\/vl-rama-bluza-cu-maneca-lunga-din-twill-175g-m%c2%b2-din-twill-de-bumbac-35-si-poliester-65\/"},"modified":"2026-05-07T00:58:04","modified_gmt":"2026-05-06T21:58:04","slug":"vl-rama-bluza-cu-maneca-lunga-din-twill-175g-m%c2%b2-din-twill-de-bumbac-35-si-poliester-65","status":"publish","type":"product","link":"https:\/\/web2print.ro\/shop\/vl-rama-bluza-cu-maneca-lunga-din-twill-175g-m%c2%b2-din-twill-de-bumbac-35-si-poliester-65\/","title":{"rendered":"VL RAMA. Bluz\u0103 cu m\u00e2nec\u0103 lung\u0103 din twill (175g\/m\u00b2), din twill de bumbac (35%) \u0219i poliester (65%) personalizat\u0103"},"content":{"rendered":"<p>Halat din twill cu m\u00e2nec\u0103 lung\u0103 (175 g\/m\u00b2), confec\u021bionat din twill de bumbac (35%) \u0219i poliester (65%). Dispune de nasturi, este cambrat, are un cordon la spate, man\u0219ete cu nasturi \u0219i trei buzunare.<\/p>\n<p>M\u0103rimi disponibile: 38, 40, 42, 44, 46, 48, 50, 52, 54, 56, 58, 60.<\/p>\n<table>\n<tr>\n<td><strong>Exterior box (m):<\/strong><\/td>\n<td>0.330&#215;0.400&#215;0.590<\/td>\n<\/tr>\n<tr>\n<td><strong>Box weight (Kg.):<\/strong><\/td>\n<td>21.6<\/td>\n<\/tr>\n<tr>\n<td><strong>Exterior box (Pc.):<\/strong><\/td>\n<td>50<\/td>\n<\/tr>\n<tr>\n<td><strong>Interior box (Pc.):<\/strong><\/td>\n<td>1<\/td>\n<\/tr>\n<tr>\n<td><strong>Taric:<\/strong><\/td>\n<td>6211431000<\/td>\n<\/tr>\n<tr>\n<td><strong>Country of Origin:<\/strong><\/td>\n<td>VietNam<\/td>\n<\/tr>\n<tr>\n<td><strong>Individual packing:<\/strong><\/td>\n<td>Polybag<\/td>\n<\/tr>\n<tr>\n<td><strong>Packing after Printing:<\/strong><\/td>\n<td>Polybag<\/td>\n<\/tr>\n<tr>\n<td><strong>Certificates:<\/strong><\/td>\n<td>SOC<\/td>\n<\/tr>\n<tr>\n<td><strong>Material weight:<\/strong><\/td>\n<td>175 g\/m\u00b2<\/td>\n<\/tr>\n<\/table>\n","protected":false},"excerpt":{"rendered":"<p>Jachet\u0103 de buc\u0103t\u0103rie cu m\u00e2nec\u0103 lung\u0103 (175g\/m\u00b2) din bumbac (35%) \u0219i poliester (65%). Cu sistem de \u00eenchidere cu buton dublu, deschidere la man\u0219ete \u0219i 1 buzunar la piept<\/p>\n","protected":false},"featured_media":45612,"comment_status":"closed","ping_status":"open","template":"","meta":{"_joinchat":[]},"product_brand":[2760],"product_cat":[2650],"product_tag":[],"class_list":{"0":"post-115544","1":"product","2":"type-product","3":"status-publish","4":"has-post-thumbnail","6":"product_brand-velilla-ro","7":"product_cat-textile","9":"first","10":"instock","11":"taxable","12":"shipping-taxable","13":"purchasable","14":"product-type-variable"},"_links":{"self":[{"href":"https:\/\/web2print.ro\/shop\/wp-json\/wp\/v2\/product\/115544","targetHints":{"allow":["GET"]}}],"collection":[{"href":"https:\/\/web2print.ro\/shop\/wp-json\/wp\/v2\/product"}],"about":[{"href":"https:\/\/web2print.ro\/shop\/wp-json\/wp\/v2\/types\/product"}],"replies":[{"embeddable":true,"href":"https:\/\/web2print.ro\/shop\/wp-json\/wp\/v2\/comments?post=115544"}],"wp:featuredmedia":[{"embeddable":true,"href":"https:\/\/web2print.ro\/shop\/wp-json\/wp\/v2\/media\/45612"}],"wp:attachment":[{"href":"https:\/\/web2print.ro\/shop\/wp-json\/wp\/v2\/media?parent=115544"}],"wp:term":[{"taxonomy":"product_brand","embeddable":true,"href":"https:\/\/web2print.ro\/shop\/wp-json\/wp\/v2\/product_brand?post=115544"},{"taxonomy":"product_cat","embeddable":true,"href":"https:\/\/web2print.ro\/shop\/wp-json\/wp\/v2\/product_cat?post=115544"},{"taxonomy":"product_tag","embeddable":true,"href":"https:\/\/web2print.ro\/shop\/wp-json\/wp\/v2\/product_tag?post=115544"}],"curies":[{"name":"wp","href":"https:\/\/api.w.org\/{rel}","templated":true}]}}