{"id":115600,"date":"2025-06-10T14:20:25","date_gmt":"2025-06-10T11:20:25","guid":{"rendered":"https:\/\/web-support.eu\/web2print\/product\/vl-varuna-vesta-soft-shell-280g-m%c2%b2-cu-captuseala-polara-din-poliester-94-si-elastan-6\/"},"modified":"2026-05-07T01:03:03","modified_gmt":"2026-05-06T22:03:03","slug":"vl-varuna-vesta-soft-shell-280g-m%c2%b2-cu-captuseala-polara-din-poliester-94-si-elastan-6","status":"publish","type":"product","link":"https:\/\/web2print.ro\/shop\/vl-varuna-vesta-soft-shell-280g-m%c2%b2-cu-captuseala-polara-din-poliester-94-si-elastan-6\/","title":{"rendered":"VL VARUNA. Vest\u0103 Soft Shell (280g\/m\u00b2), cu c\u0103ptu\u0219eal\u0103 polar\u0103, din poliester (94%) \u0219i elastan (6%) personalizat\u0103"},"content":{"rendered":"<p>Vest\u0103 softshell (280g\/m\u00b2) cu c\u0103ptu\u0219eal\u0103 fleece, confec\u021bionat\u0103 din poliester (94%) \u0219i elastan (6%). Are fermoar central inversat \u0219i con\u021bine 3 buzunare cu fermoar inversat.<\/p>\n<p>M\u0103rimi disponibile: XS, S, M, L, XL, 2XL, 3XL.<\/p>\n<table>\n<tr>\n<td><strong>Exterior box (m):<\/strong><\/td>\n<td>0.290&#215;0.350&#215;0.430<\/td>\n<\/tr>\n<tr>\n<td><strong>Box weight (Kg.):<\/strong><\/td>\n<td>3<\/td>\n<\/tr>\n<tr>\n<td><strong>Exterior box (Pc.):<\/strong><\/td>\n<td>10<\/td>\n<\/tr>\n<tr>\n<td><strong>Interior box (Pc.):<\/strong><\/td>\n<td>1<\/td>\n<\/tr>\n<tr>\n<td><strong>Taric:<\/strong><\/td>\n<td>6203331000<\/td>\n<\/tr>\n<tr>\n<td><strong>Country of Origin:<\/strong><\/td>\n<td>Bangladesh<\/td>\n<\/tr>\n<tr>\n<td><strong>Individual packing:<\/strong><\/td>\n<td>Polybag<\/td>\n<\/tr>\n<tr>\n<td><strong>Packing after Printing:<\/strong><\/td>\n<td>Polybag<\/td>\n<\/tr>\n<tr>\n<td><strong>Certificates:<\/strong><\/td>\n<td>SOC<\/td>\n<\/tr>\n<tr>\n<td><strong>Material weight:<\/strong><\/td>\n<td>280 g\/m\u00b2<\/td>\n<\/tr>\n<\/table>\n","protected":false},"excerpt":{"rendered":"<p>Vest\u0103 matlasat\u0103 bicolor\u0103, cu mai multe buzunare (120 g\/m\u00b2), din poliester (100%). \u00cenchidere cu fermoar, ascuns\u0103 cu butonier\u0103. Talie lateral\u0103 elastic\u0103, windbreaker la axil\u0103. Cu burduf, tr\u0103g\u0103toare \u0219i cus\u0103turi \u00een culoare contrastant\u0103. Con\u021bine \u0219apte buzunare (2 buzunare cu burduf pe piept, 2 buzunare cu burduf inferioare, 2 buzunare laterale, 1 buzunar cu burduf pe piept \u0219i 1 buzunar interior)<\/p>\n","protected":false},"featured_media":45694,"comment_status":"closed","ping_status":"open","template":"","meta":{"_joinchat":[]},"product_brand":[2760],"product_cat":[2650],"product_tag":[],"class_list":{"0":"post-115600","1":"product","2":"type-product","3":"status-publish","4":"has-post-thumbnail","6":"product_brand-velilla-ro","7":"product_cat-textile","8":"pa_size-2xl-2","9":"pa_size-3xl-2","10":"pa_size-l-2","11":"pa_size-m-2","12":"pa_size-s-2","13":"pa_size-xl-2","14":"pa_size-xs-2","16":"first","17":"instock","18":"taxable","19":"shipping-taxable","20":"purchasable","21":"product-type-variable"},"_links":{"self":[{"href":"https:\/\/web2print.ro\/shop\/wp-json\/wp\/v2\/product\/115600","targetHints":{"allow":["GET"]}}],"collection":[{"href":"https:\/\/web2print.ro\/shop\/wp-json\/wp\/v2\/product"}],"about":[{"href":"https:\/\/web2print.ro\/shop\/wp-json\/wp\/v2\/types\/product"}],"replies":[{"embeddable":true,"href":"https:\/\/web2print.ro\/shop\/wp-json\/wp\/v2\/comments?post=115600"}],"wp:featuredmedia":[{"embeddable":true,"href":"https:\/\/web2print.ro\/shop\/wp-json\/wp\/v2\/media\/45694"}],"wp:attachment":[{"href":"https:\/\/web2print.ro\/shop\/wp-json\/wp\/v2\/media?parent=115600"}],"wp:term":[{"taxonomy":"product_brand","embeddable":true,"href":"https:\/\/web2print.ro\/shop\/wp-json\/wp\/v2\/product_brand?post=115600"},{"taxonomy":"product_cat","embeddable":true,"href":"https:\/\/web2print.ro\/shop\/wp-json\/wp\/v2\/product_cat?post=115600"},{"taxonomy":"product_tag","embeddable":true,"href":"https:\/\/web2print.ro\/shop\/wp-json\/wp\/v2\/product_tag?post=115600"}],"curies":[{"name":"wp","href":"https:\/\/api.w.org\/{rel}","templated":true}]}}