{"id":115661,"date":"2025-06-10T14:20:24","date_gmt":"2025-06-10T11:20:24","guid":{"rendered":"https:\/\/web-support.eu\/web2print\/product\/vl-pluto-tricou-polo-pique-bicolor-150g-m%c2%b2-cu-maneci-lungi-din-bumbac-55-si-poliester-45\/"},"modified":"2026-05-07T01:08:04","modified_gmt":"2026-05-06T22:08:04","slug":"vl-pluto-tricou-polo-pique-bicolor-150g-m%c2%b2-cu-maneci-lungi-din-bumbac-55-si-poliester-45","status":"publish","type":"product","link":"https:\/\/web2print.ro\/shop\/vl-pluto-tricou-polo-pique-bicolor-150g-m%c2%b2-cu-maneci-lungi-din-bumbac-55-si-poliester-45\/","title":{"rendered":"VL PLUTO. Tricou polo piqu\u00e9 bicolor (150g\/m\u00b2) cu m\u00e2neci lungi, din bumbac (55%) \u0219i poliester (45%) personalizat"},"content":{"rendered":"<p>Bluz\u0103 polo Two-tone piqu\u00e9 (150g\/m\u00b2) cu m\u00e2nec\u0103 lung\u0103, din bumbac (55%) \u0219i poliester (45%). Nasturi \u0219i guler \u00een culori contrastante. Guler \u0219i man\u0219ete striate. Benzi reflectorizante pe trunchi \u0219i m\u00e2neci. Cu 1 buzunar la piept. Produs \u00een conformitate cu Regulamentul UE 2016\/425, certificat de EN20471 \u0219i clasa Nr. 1. M\u0103rimi: S, M, L, XL, 2XL, 3XL.<\/p>\n<table>\n<tr>\n<td><strong>Exterior box (m):<\/strong><\/td>\n<td>0.220&#215;0.370&#215;0.550<\/td>\n<\/tr>\n<tr>\n<td><strong>Box weight (Kg.):<\/strong><\/td>\n<td>7.45<\/td>\n<\/tr>\n<tr>\n<td><strong>Exterior box (Pc.):<\/strong><\/td>\n<td>25<\/td>\n<\/tr>\n<tr>\n<td><strong>Interior box (Pc.):<\/strong><\/td>\n<td>1<\/td>\n<\/tr>\n<tr>\n<td><strong>Taric:<\/strong><\/td>\n<td>6105100000<\/td>\n<\/tr>\n<tr>\n<td><strong>Country of Origin:<\/strong><\/td>\n<td>China<\/td>\n<\/tr>\n<tr>\n<td><strong>Individual packing:<\/strong><\/td>\n<td>Polybag, Flyer<\/td>\n<\/tr>\n<tr>\n<td><strong>Packing after Printing:<\/strong><\/td>\n<td>Polybag, Flyer<\/td>\n<\/tr>\n<tr>\n<td><strong>Certificates:<\/strong><\/td>\n<td>DOC<\/td>\n<\/tr>\n<tr>\n<td><strong>Material weight:<\/strong><\/td>\n<td>150 g\/m\u00b2<\/td>\n<\/tr>\n<\/table>\n","protected":false},"excerpt":{"rendered":"<p>C\u0103ma\u0219\u0103 polo piqu\u00e9 bicolor (150g\/m\u00b2) cu m\u00e2neci lungi, din bumbac (55%) \u0219i poliester (45%). Nasturi \u0219i guler de culoare contrastant\u0103. Guler \u0219i man\u0219ete cu dungi. Dungi reflectorizante pe trunchi \u0219i m\u00e2neci. Cu 1 buzunar pe piept. Produs \u00een conformitate cu Reg. UE 2016\/425, certificat EN20471 \u0219i clasa N\u00ba 1<\/p>\n","protected":false},"featured_media":45822,"comment_status":"closed","ping_status":"open","template":"","meta":{"_joinchat":[]},"product_brand":[2760],"product_cat":[2650],"product_tag":[],"class_list":{"0":"post-115661","1":"product","2":"type-product","3":"status-publish","4":"has-post-thumbnail","6":"product_brand-velilla-ro","7":"product_cat-textile","8":"pa_size-2xl-2","9":"pa_size-3xl-2","10":"pa_size-l-2","11":"pa_size-m-2","12":"pa_size-s-2","13":"pa_size-xl-2","15":"first","16":"instock","17":"taxable","18":"shipping-taxable","19":"purchasable","20":"product-type-variable"},"_links":{"self":[{"href":"https:\/\/web2print.ro\/shop\/wp-json\/wp\/v2\/product\/115661","targetHints":{"allow":["GET"]}}],"collection":[{"href":"https:\/\/web2print.ro\/shop\/wp-json\/wp\/v2\/product"}],"about":[{"href":"https:\/\/web2print.ro\/shop\/wp-json\/wp\/v2\/types\/product"}],"replies":[{"embeddable":true,"href":"https:\/\/web2print.ro\/shop\/wp-json\/wp\/v2\/comments?post=115661"}],"wp:featuredmedia":[{"embeddable":true,"href":"https:\/\/web2print.ro\/shop\/wp-json\/wp\/v2\/media\/45822"}],"wp:attachment":[{"href":"https:\/\/web2print.ro\/shop\/wp-json\/wp\/v2\/media?parent=115661"}],"wp:term":[{"taxonomy":"product_brand","embeddable":true,"href":"https:\/\/web2print.ro\/shop\/wp-json\/wp\/v2\/product_brand?post=115661"},{"taxonomy":"product_cat","embeddable":true,"href":"https:\/\/web2print.ro\/shop\/wp-json\/wp\/v2\/product_cat?post=115661"},{"taxonomy":"product_tag","embeddable":true,"href":"https:\/\/web2print.ro\/shop\/wp-json\/wp\/v2\/product_tag?post=115661"}],"curies":[{"name":"wp","href":"https:\/\/api.w.org\/{rel}","templated":true}]}}