{"id":115720,"date":"2025-06-10T14:20:23","date_gmt":"2025-06-10T11:20:23","guid":{"rendered":"https:\/\/web-support.eu\/web2print\/product\/vl-hestia-jacheta-soft-shell-bicolor-280g-m%c2%b2-din-poliester-96-si-elastan-4\/"},"modified":"2025-12-10T10:36:56","modified_gmt":"2025-12-10T08:36:56","slug":"vl-hestia-jacheta-soft-shell-bicolor-280g-m%c2%b2-din-poliester-96-si-elastan-4","status":"publish","type":"product","link":"https:\/\/web2print.ro\/shop\/vl-hestia-jacheta-soft-shell-bicolor-280g-m%c2%b2-din-poliester-96-si-elastan-4\/","title":{"rendered":"VL HESTIA. Jachet\u0103 soft shell bicolor (280g\/m\u00b2), din poliester (96%) \u0219i elastan (4%) personalizat\u0103"},"content":{"rendered":"<p>Geac\u0103 soft shell \u00een dou\u0103 tonuri (280g\/m\u00b2), din poliester (96%) \u0219i elastan (4%). Stratificat\u0103 cu TPU \u0219i cu c\u0103ptu\u0219eal\u0103 fleece. Fermoar central inversat \u00een culoare contrastant\u0103, man\u0219ete ajustabile cu scai \u0219i c\u00e2rlige. Benzi reflectorizante pe trunchi \u0219i m\u00e2neci. Con\u021bine cinci buzunare: 3 buzunare cu fermoar \u0219i 2 buzunare interioare. Produs \u00een conformitate cu Regulamentul UE 2016\/425, certificat de EN20471 \u0219i clasa Nr. 2. M\u0103rimi: S, M, L, XL, 2XL, 3XL.<\/p>\n<table>\n<tr>\n<td><strong>Exterior box (m):<\/strong><\/td>\n<td>0.500&#215;0.400&#215;0.320<\/td>\n<\/tr>\n<tr>\n<td><strong>Box weight (Kg.):<\/strong><\/td>\n<td>8<\/td>\n<\/tr>\n<tr>\n<td><strong>Exterior box (Pc.):<\/strong><\/td>\n<td>10<\/td>\n<\/tr>\n<tr>\n<td><strong>Interior box (Pc.):<\/strong><\/td>\n<td>1<\/td>\n<\/tr>\n<tr>\n<td><strong>Taric:<\/strong><\/td>\n<td>6201401019<\/td>\n<\/tr>\n<tr>\n<td><strong>Country of Origin:<\/strong><\/td>\n<td>South Korea<\/td>\n<\/tr>\n<tr>\n<td><strong>Individual packing:<\/strong><\/td>\n<td>Polybag, Flyer<\/td>\n<\/tr>\n<tr>\n<td><strong>Packing after Printing:<\/strong><\/td>\n<td>Polybag, Flyer<\/td>\n<\/tr>\n<tr>\n<td><strong>Certificates:<\/strong><\/td>\n<td>DOC<\/td>\n<\/tr>\n<tr>\n<td><strong>Material weight:<\/strong><\/td>\n<td>280 g\/m\u00b2<\/td>\n<\/tr>\n<\/table>\n","protected":false},"excerpt":{"rendered":"<p>Jachet\u0103 soft shell bicolor (280 g\/m\u00b2), cu c\u0103ptu\u0219eal\u0103 din fleece \u0219i fibr\u0103 TPU, din poliester (96%) \u0219i elastan (4%). \u021aes\u0103tur\u0103 triplu strat, cu fermoar central inversat \u00een culoare contrastant\u0103, fermoar interior \u00eentors \u00een partea de sus, man\u0219ete reglabile cu Velcro. Benzi reflectorizante pe piept \u0219i pe m\u00e2neci. Con\u021bine cinci buzunare: 3 buzunare cu fermoar \u0219i 2 buzunare interioare aplicate. Produs \u00een conformitate cu Reg. UE 2016\/425, certificat EN20471 \u0219i clasa N\u00ba 2<\/p>\n","protected":false},"featured_media":45993,"comment_status":"closed","ping_status":"open","template":"","meta":{"_joinchat":[]},"product_brand":[2760],"product_cat":[2650],"product_tag":[],"class_list":{"0":"post-115720","1":"product","2":"type-product","3":"status-publish","4":"has-post-thumbnail","6":"product_brand-velilla-ro","7":"product_cat-textile","8":"pa_size-2xl-2","9":"pa_size-3xl-2","10":"pa_size-l-2","11":"pa_size-m-2","12":"pa_size-s-2","13":"pa_size-xl-2","15":"first","16":"instock","17":"taxable","18":"shipping-taxable","19":"purchasable","20":"product-type-variable"},"_links":{"self":[{"href":"https:\/\/web2print.ro\/shop\/wp-json\/wp\/v2\/product\/115720","targetHints":{"allow":["GET"]}}],"collection":[{"href":"https:\/\/web2print.ro\/shop\/wp-json\/wp\/v2\/product"}],"about":[{"href":"https:\/\/web2print.ro\/shop\/wp-json\/wp\/v2\/types\/product"}],"replies":[{"embeddable":true,"href":"https:\/\/web2print.ro\/shop\/wp-json\/wp\/v2\/comments?post=115720"}],"wp:featuredmedia":[{"embeddable":true,"href":"https:\/\/web2print.ro\/shop\/wp-json\/wp\/v2\/media\/45993"}],"wp:attachment":[{"href":"https:\/\/web2print.ro\/shop\/wp-json\/wp\/v2\/media?parent=115720"}],"wp:term":[{"taxonomy":"product_brand","embeddable":true,"href":"https:\/\/web2print.ro\/shop\/wp-json\/wp\/v2\/product_brand?post=115720"},{"taxonomy":"product_cat","embeddable":true,"href":"https:\/\/web2print.ro\/shop\/wp-json\/wp\/v2\/product_cat?post=115720"},{"taxonomy":"product_tag","embeddable":true,"href":"https:\/\/web2print.ro\/shop\/wp-json\/wp\/v2\/product_tag?post=115720"}],"curies":[{"name":"wp","href":"https:\/\/api.w.org\/{rel}","templated":true}]}}