{"id":115798,"date":"2025-06-10T14:20:22","date_gmt":"2025-06-10T11:20:22","guid":{"rendered":"https:\/\/web-support.eu\/web2print\/product\/touch-roler-din-otel-inoxidabil-cu-varf-tactil\/"},"modified":"2026-05-07T01:23:02","modified_gmt":"2026-05-06T22:23:02","slug":"touch-roler-din-otel-inoxidabil-cu-varf-tactil","status":"publish","type":"product","link":"https:\/\/web2print.ro\/shop\/touch-roler-din-otel-inoxidabil-cu-varf-tactil\/","title":{"rendered":"TOUCH. Roler din o\u021bel inoxidabil cu v\u00e2rf tactil personalizat"},"content":{"rendered":"<p>Pix roller din o\u021bel inoxidabil cu corp lucios \u0219i detalii cromate. Detaliul v\u00e2rfului tactil face acest cadou sofisticat \u0219i adaptabil noilor tehnologii. Cerneal\u0103 neagr\u0103. Furnizat cu o cutie cadou dezasamblat\u0103. \u00f89 x 141 mm | Cutie: 150 x 15 x 19 mm.<\/p>\n<table>\n<tr>\n<td><strong>Exterior box (m):<\/strong><\/td>\n<td>0.320X0.200X0.390<\/td>\n<\/tr>\n<tr>\n<td><strong>Box weight (Kg.):<\/strong><\/td>\n<td>13.68<\/td>\n<\/tr>\n<tr>\n<td><strong>Exterior box (Pc.):<\/strong><\/td>\n<td>500<\/td>\n<\/tr>\n<tr>\n<td><strong>Interior box (Pc.):<\/strong><\/td>\n<td>50<\/td>\n<\/tr>\n<tr>\n<td><strong>Taric:<\/strong><\/td>\n<td>9608101000<\/td>\n<\/tr>\n<tr>\n<td><strong>Country of Origin:<\/strong><\/td>\n<td>China<\/td>\n<\/tr>\n<tr>\n<td><strong>Individual packing:<\/strong><\/td>\n<td>Polybag<\/td>\n<\/tr>\n<tr>\n<td><strong>Packing after Printing:<\/strong><\/td>\n<td>Polybag<\/td>\n<\/tr>\n<tr>\n<td><strong>Certificates:<\/strong><\/td>\n<td>MSDS, REACH<\/td>\n<\/tr>\n<tr>\n<td><strong>Material weight:<\/strong><\/td>\n<td>340g\/m\u00b2<\/td>\n<\/tr>\n<\/table>\n","protected":false},"excerpt":{"rendered":"<p>Roler din o\u021bel inoxidabil cu corp str\u0103lucitor \u0219i detalii cromate. Varful touch face ca acest cadou s\u0103 fie sofisticat \u0219i adaptabil la noile tehnologii. Se livreaz\u0103 cu o cutie cadou dezasamblat\u0103<\/p>\n","protected":false},"featured_media":46225,"comment_status":"closed","ping_status":"open","template":"","meta":{"_joinchat":[]},"product_brand":[2753],"product_cat":[3063],"product_tag":[],"class_list":{"0":"post-115798","1":"product","2":"type-product","3":"status-publish","4":"has-post-thumbnail","6":"product_brand-hidea-ro","7":"product_cat-writing-tools","9":"first","10":"instock","11":"taxable","12":"shipping-taxable","13":"purchasable","14":"product-type-variable"},"_links":{"self":[{"href":"https:\/\/web2print.ro\/shop\/wp-json\/wp\/v2\/product\/115798","targetHints":{"allow":["GET"]}}],"collection":[{"href":"https:\/\/web2print.ro\/shop\/wp-json\/wp\/v2\/product"}],"about":[{"href":"https:\/\/web2print.ro\/shop\/wp-json\/wp\/v2\/types\/product"}],"replies":[{"embeddable":true,"href":"https:\/\/web2print.ro\/shop\/wp-json\/wp\/v2\/comments?post=115798"}],"wp:featuredmedia":[{"embeddable":true,"href":"https:\/\/web2print.ro\/shop\/wp-json\/wp\/v2\/media\/46225"}],"wp:attachment":[{"href":"https:\/\/web2print.ro\/shop\/wp-json\/wp\/v2\/media?parent=115798"}],"wp:term":[{"taxonomy":"product_brand","embeddable":true,"href":"https:\/\/web2print.ro\/shop\/wp-json\/wp\/v2\/product_brand?post=115798"},{"taxonomy":"product_cat","embeddable":true,"href":"https:\/\/web2print.ro\/shop\/wp-json\/wp\/v2\/product_cat?post=115798"},{"taxonomy":"product_tag","embeddable":true,"href":"https:\/\/web2print.ro\/shop\/wp-json\/wp\/v2\/product_tag?post=115798"}],"curies":[{"name":"wp","href":"https:\/\/api.w.org\/{rel}","templated":true}]}}