{"id":115809,"date":"2025-06-10T14:20:22","date_gmt":"2025-06-10T11:20:22","guid":{"rendered":"https:\/\/web-support.eu\/web2print\/product\/kabsa-set-de-gratar-furnizat-intr-o-cutie-din-bambus\/"},"modified":"2025-12-10T10:37:00","modified_gmt":"2025-12-10T08:37:00","slug":"kabsa-set-de-gratar-furnizat-intr-o-cutie-din-bambus","status":"publish","type":"product","link":"https:\/\/web2print.ro\/shop\/kabsa-set-de-gratar-furnizat-intr-o-cutie-din-bambus\/","title":{"rendered":"KABSA. Set de gr\u0103tar furnizat \u00eentr-o cutie din bambus personalizat"},"content":{"rendered":"<p>Set de gr\u0103tar livrat \u00eentr-o cutie de bambus. Con\u021bine 6 piese din o\u021bel inoxidabil \u0219i bambus: cu\u021bit de buc\u0103tar, cu\u021bit mediu, cu\u021bit japonez, cle\u0219te, furculi\u021b\u0103 \u0219i ascu\u021bitor de cu\u021bite. Deoarece produsul este fabricat din materiale naturale, culoarea \u0219i rezultatul imprim\u0103rii pot varia \u00eentre produse. Cutie: 455 x 160 x 65 mm.<\/p>\n<table>\n<tr>\n<td><strong>Exterior box (m):<\/strong><\/td>\n<td>0.485X0.400X0.340<\/td>\n<\/tr>\n<tr>\n<td><strong>Box weight (Kg.):<\/strong><\/td>\n<td>17.1<\/td>\n<\/tr>\n<tr>\n<td><strong>Exterior box (Pc.):<\/strong><\/td>\n<td>8<\/td>\n<\/tr>\n<tr>\n<td><strong>Interior box (Pc.):<\/strong><\/td>\n<td>1<\/td>\n<\/tr>\n<tr>\n<td><strong>Taric:<\/strong><\/td>\n<td>7323930090<\/td>\n<\/tr>\n<tr>\n<td><strong>Country of Origin:<\/strong><\/td>\n<td>China<\/td>\n<\/tr>\n<tr>\n<td><strong>Individual packing:<\/strong><\/td>\n<td>Bamboo box<\/td>\n<\/tr>\n<tr>\n<td><strong>Packing after Printing:<\/strong><\/td>\n<td>Bamboo Box<\/td>\n<\/tr>\n<tr>\n<td><strong>Certificates:<\/strong><\/td>\n<td>Food Safety<\/td>\n<\/tr>\n<\/table>\n","protected":false},"excerpt":{"rendered":"<p>Set de gr\u0103tar furnizat \u00eentr-o cutie din bambus. Con\u021bine 6 piese din o\u021bel inoxidabil \u0219i bambus: cu\u021bit de buc\u0103tar, cu\u021bit mediu, cu\u021bit japonez, cle\u0219te, furculi\u021b\u0103 \u0219i ascu\u021bitor. Deoarece produsul este fabricat din materiale naturale, culoarea \u0219i precum \u0219i rezultatul printului pot varia de la un produs la altul<\/p>\n","protected":false},"featured_media":46257,"comment_status":"closed","ping_status":"open","template":"","meta":{"_joinchat":[]},"product_brand":[2753],"product_cat":[2540],"product_tag":[],"class_list":{"0":"post-115809","1":"product","2":"type-product","3":"status-publish","4":"has-post-thumbnail","6":"product_brand-hidea-ro","7":"product_cat-casa-lifestyle","9":"first","10":"instock","11":"taxable","12":"shipping-taxable","13":"purchasable","14":"product-type-variable"},"_links":{"self":[{"href":"https:\/\/web2print.ro\/shop\/wp-json\/wp\/v2\/product\/115809","targetHints":{"allow":["GET"]}}],"collection":[{"href":"https:\/\/web2print.ro\/shop\/wp-json\/wp\/v2\/product"}],"about":[{"href":"https:\/\/web2print.ro\/shop\/wp-json\/wp\/v2\/types\/product"}],"replies":[{"embeddable":true,"href":"https:\/\/web2print.ro\/shop\/wp-json\/wp\/v2\/comments?post=115809"}],"wp:featuredmedia":[{"embeddable":true,"href":"https:\/\/web2print.ro\/shop\/wp-json\/wp\/v2\/media\/46257"}],"wp:attachment":[{"href":"https:\/\/web2print.ro\/shop\/wp-json\/wp\/v2\/media?parent=115809"}],"wp:term":[{"taxonomy":"product_brand","embeddable":true,"href":"https:\/\/web2print.ro\/shop\/wp-json\/wp\/v2\/product_brand?post=115809"},{"taxonomy":"product_cat","embeddable":true,"href":"https:\/\/web2print.ro\/shop\/wp-json\/wp\/v2\/product_cat?post=115809"},{"taxonomy":"product_tag","embeddable":true,"href":"https:\/\/web2print.ro\/shop\/wp-json\/wp\/v2\/product_tag?post=115809"}],"curies":[{"name":"wp","href":"https:\/\/api.w.org\/{rel}","templated":true}]}}