{"id":115813,"date":"2025-06-10T14:20:21","date_gmt":"2025-06-10T11:20:21","guid":{"rendered":"https:\/\/web-support.eu\/web2print\/product\/flare-set-de-gratar-din-lemn-si-otel-inoxidabil-din-cinci-piese-cu-bord-de-bambus\/"},"modified":"2026-05-07T01:23:06","modified_gmt":"2026-05-06T22:23:06","slug":"flare-set-de-gratar-din-lemn-si-otel-inoxidabil-din-cinci-piese-cu-bord-de-bambus","status":"publish","type":"product","link":"https:\/\/web2print.ro\/shop\/flare-set-de-gratar-din-lemn-si-otel-inoxidabil-din-cinci-piese-cu-bord-de-bambus\/","title":{"rendered":"FLARE. Set de gratar din lemn \u0219i o\u021bel inoxidabil din cinci piese, cu bord de bambus personalizat"},"content":{"rendered":"<p>Set de gr\u0103tar din cinci piese din lemn \u0219i o\u021bel inoxidabil cu toc\u0103tor din bambus. Kit cu 5 ustensile \u0219i toc\u0103tor, livrat \u00eentr-o hus\u0103 rigid\u0103 210D. Deoarece produsul este fabricat din materiale naturale, culoarea \u0219i rezultatul imprim\u0103rii pot varia \u00eentre produse. Tava: 300 x 200 x 12 mm | Hus\u0103: 350 x 230 x 40 mm.<\/p>\n<table>\n<tr>\n<td><strong>Exterior box (m):<\/strong><\/td>\n<td>0.480X0.250X0.400<\/td>\n<\/tr>\n<tr>\n<td><strong>Box weight (Kg.):<\/strong><\/td>\n<td>13.4<\/td>\n<\/tr>\n<tr>\n<td><strong>Exterior box (Pc.):<\/strong><\/td>\n<td>10<\/td>\n<\/tr>\n<tr>\n<td><strong>Interior box (Pc.):<\/strong><\/td>\n<td>5<\/td>\n<\/tr>\n<tr>\n<td><strong>Taric:<\/strong><\/td>\n<td>7323930090<\/td>\n<\/tr>\n<tr>\n<td><strong>Country of Origin:<\/strong><\/td>\n<td>China<\/td>\n<\/tr>\n<tr>\n<td><strong>Individual packing:<\/strong><\/td>\n<td>210D pouch<\/td>\n<\/tr>\n<tr>\n<td><strong>Packing after Printing:<\/strong><\/td>\n<td>210D Pouch<\/td>\n<\/tr>\n<tr>\n<td><strong>Certificates:<\/strong><\/td>\n<td>Food Safety<\/td>\n<\/tr>\n<\/table>\n","protected":false},"excerpt":{"rendered":"<p>Set de gratar din lemn \u0219i o\u021bel inoxidabil din cinci piese, cu bord de bambus. Set cu 5 ustensile \u0219i bord furnizat cu o hus\u0103 tare 210D. Deoarece produsul este fabricat din materiale naturale, culoarea \u0219i precum \u0219i rezultatul printului pot varia de la un produs la altul<\/p>\n","protected":false},"featured_media":46289,"comment_status":"closed","ping_status":"open","template":"","meta":{"_joinchat":[]},"product_brand":[2753],"product_cat":[2540],"product_tag":[],"class_list":{"0":"post-115813","1":"product","2":"type-product","3":"status-publish","4":"has-post-thumbnail","6":"product_brand-hidea-ro","7":"product_cat-casa-lifestyle","9":"first","10":"outofstock","11":"taxable","12":"shipping-taxable","13":"product-type-variable"},"_links":{"self":[{"href":"https:\/\/web2print.ro\/shop\/wp-json\/wp\/v2\/product\/115813","targetHints":{"allow":["GET"]}}],"collection":[{"href":"https:\/\/web2print.ro\/shop\/wp-json\/wp\/v2\/product"}],"about":[{"href":"https:\/\/web2print.ro\/shop\/wp-json\/wp\/v2\/types\/product"}],"replies":[{"embeddable":true,"href":"https:\/\/web2print.ro\/shop\/wp-json\/wp\/v2\/comments?post=115813"}],"wp:featuredmedia":[{"embeddable":true,"href":"https:\/\/web2print.ro\/shop\/wp-json\/wp\/v2\/media\/46289"}],"wp:attachment":[{"href":"https:\/\/web2print.ro\/shop\/wp-json\/wp\/v2\/media?parent=115813"}],"wp:term":[{"taxonomy":"product_brand","embeddable":true,"href":"https:\/\/web2print.ro\/shop\/wp-json\/wp\/v2\/product_brand?post=115813"},{"taxonomy":"product_cat","embeddable":true,"href":"https:\/\/web2print.ro\/shop\/wp-json\/wp\/v2\/product_cat?post=115813"},{"taxonomy":"product_tag","embeddable":true,"href":"https:\/\/web2print.ro\/shop\/wp-json\/wp\/v2\/product_tag?post=115813"}],"curies":[{"name":"wp","href":"https:\/\/api.w.org\/{rel}","templated":true}]}}