{"id":115815,"date":"2025-06-10T14:20:21","date_gmt":"2025-06-10T11:20:21","guid":{"rendered":"https:\/\/web-support.eu\/web2print\/product\/poke-set-de-gratar\/"},"modified":"2026-05-07T01:23:07","modified_gmt":"2026-05-06T22:23:07","slug":"poke-set-de-gratar","status":"publish","type":"product","link":"https:\/\/web2print.ro\/shop\/poke-set-de-gratar\/","title":{"rendered":"POKE. Set de gr\u0103tar personalizat"},"content":{"rendered":"<p>Set pentru gr\u0103tar livrat \u00eentr-o cutie din h\u00e2rtie kraft. Con\u021bine un toc\u0103tor de bambus \u0219i 2 ustensile din o\u021bel inoxidabil \u0219i bambus: cu\u021bit de buc\u0103tar \u0219i furculi\u021b\u0103. Deoarece produsul este fabricat din materiale naturale, culoarea \u0219i rezultatul imprim\u0103rii pot varia \u00eentre produse. Toc\u0103tor: 200 x 300 x 12 mm | Cutie: 360 x 210 x 40 mm.<\/p>\n<table>\n<tr>\n<td><strong>Exterior box (m):<\/strong><\/td>\n<td>0.550X0.370X0.230<\/td>\n<\/tr>\n<tr>\n<td><strong>Box weight (Kg.):<\/strong><\/td>\n<td>13<\/td>\n<\/tr>\n<tr>\n<td><strong>Exterior box (Pc.):<\/strong><\/td>\n<td>14<\/td>\n<\/tr>\n<tr>\n<td><strong>Interior box (Pc.):<\/strong><\/td>\n<td>7<\/td>\n<\/tr>\n<tr>\n<td><strong>Taric:<\/strong><\/td>\n<td>7323930090<\/td>\n<\/tr>\n<tr>\n<td><strong>Country of Origin:<\/strong><\/td>\n<td>China<\/td>\n<\/tr>\n<tr>\n<td><strong>Individual packing:<\/strong><\/td>\n<td>Polybag, Gift box<\/td>\n<\/tr>\n<tr>\n<td><strong>Packing after Printing:<\/strong><\/td>\n<td>Without individual polybag, Gift box<\/td>\n<\/tr>\n<tr>\n<td><strong>Certificates:<\/strong><\/td>\n<td>Food Safety, REACH<\/td>\n<\/tr>\n<\/table>\n","protected":false},"excerpt":{"rendered":"<p>Set de gr\u0103tar furnizat \u00eentr-o cutie h\u00e2rtie kraft. Con\u021bine o plac\u0103 de bambus \u0219i 2 ustensile din o\u021bel inoxidabil \u0219i bambus: cu\u021bit de buc\u0103tar \u0219i furculi\u021b\u0103. Deoarece produsul este fabricat din materiale naturale, culoarea \u0219i precum \u0219i rezultatul printului pot varia de la un produs la altul<\/p>\n","protected":false},"featured_media":46302,"comment_status":"closed","ping_status":"open","template":"","meta":{"_joinchat":[]},"product_brand":[2753],"product_cat":[2540],"product_tag":[],"class_list":{"0":"post-115815","1":"product","2":"type-product","3":"status-publish","4":"has-post-thumbnail","6":"product_brand-hidea-ro","7":"product_cat-casa-lifestyle","9":"first","10":"instock","11":"taxable","12":"shipping-taxable","13":"purchasable","14":"product-type-variable"},"_links":{"self":[{"href":"https:\/\/web2print.ro\/shop\/wp-json\/wp\/v2\/product\/115815","targetHints":{"allow":["GET"]}}],"collection":[{"href":"https:\/\/web2print.ro\/shop\/wp-json\/wp\/v2\/product"}],"about":[{"href":"https:\/\/web2print.ro\/shop\/wp-json\/wp\/v2\/types\/product"}],"replies":[{"embeddable":true,"href":"https:\/\/web2print.ro\/shop\/wp-json\/wp\/v2\/comments?post=115815"}],"wp:featuredmedia":[{"embeddable":true,"href":"https:\/\/web2print.ro\/shop\/wp-json\/wp\/v2\/media\/46302"}],"wp:attachment":[{"href":"https:\/\/web2print.ro\/shop\/wp-json\/wp\/v2\/media?parent=115815"}],"wp:term":[{"taxonomy":"product_brand","embeddable":true,"href":"https:\/\/web2print.ro\/shop\/wp-json\/wp\/v2\/product_brand?post=115815"},{"taxonomy":"product_cat","embeddable":true,"href":"https:\/\/web2print.ro\/shop\/wp-json\/wp\/v2\/product_cat?post=115815"},{"taxonomy":"product_tag","embeddable":true,"href":"https:\/\/web2print.ro\/shop\/wp-json\/wp\/v2\/product_tag?post=115815"}],"curies":[{"name":"wp","href":"https:\/\/api.w.org\/{rel}","templated":true}]}}