{"id":115823,"date":"2025-06-10T14:20:21","date_gmt":"2025-06-10T11:20:21","guid":{"rendered":"https:\/\/web-support.eu\/web2print\/product\/enders-m-sticla-pet-reciclat-100-rpet-cu-finisaj-translucid-lucios-600-ml\/"},"modified":"2026-05-07T01:25:03","modified_gmt":"2026-05-06T22:25:03","slug":"enders-m-sticla-pet-reciclat-100-rpet-cu-finisaj-translucid-lucios-600-ml","status":"publish","type":"product","link":"https:\/\/web2print.ro\/shop\/enders-m-sticla-pet-reciclat-100-rpet-cu-finisaj-translucid-lucios-600-ml\/","title":{"rendered":"ENDERS M. Sticl\u0103 PET reciclat (100% rPET) cu finisaj translucid lucios 600 mL personalizat\u0103"},"content":{"rendered":"<p>Sticl\u0103 din PET reciclat (100% rPET) cu un finisaj lucios translucid. Capac etan\u0219 din o\u021bel inoxidabil cu \u0219nur din poliester pentru transport facil. Capacitate de p\u00e2n\u0103 la 600 ml. \u00f865 x 210 mm.<\/p>\n<table>\n<tr>\n<td><strong>Exterior box (m):<\/strong><\/td>\n<td>0.340&#215;0.340&#215;0.440<\/td>\n<\/tr>\n<tr>\n<td><strong>Box weight (Kg.):<\/strong><\/td>\n<td>4.5<\/td>\n<\/tr>\n<tr>\n<td><strong>Exterior box (Pc.):<\/strong><\/td>\n<td>50<\/td>\n<\/tr>\n<tr>\n<td><strong>Interior box (Pc.):<\/strong><\/td>\n<td>1<\/td>\n<\/tr>\n<tr>\n<td><strong>Taric:<\/strong><\/td>\n<td>3923301000<\/td>\n<\/tr>\n<tr>\n<td><strong>Country of Origin:<\/strong><\/td>\n<td>China<\/td>\n<\/tr>\n<tr>\n<td><strong>Individual packing:<\/strong><\/td>\n<td>Biodegradable polybag<\/td>\n<\/tr>\n<tr>\n<td><strong>Certificates:<\/strong><\/td>\n<td>Food Safety, REACH<\/td>\n<\/tr>\n<\/table>\n","protected":false},"excerpt":{"rendered":"<p>Sticl\u0103 din PET reciclat (100% rPET) cu un finisaj lucios translucid. Capac din o\u021bel inoxidabil rezistent la scurgeri cu fr\u00e2nghie din poliester pentru transport u\u0219or. Capacitate de p\u00e2n\u0103 la 600 ml<\/p>\n","protected":false},"featured_media":46347,"comment_status":"closed","ping_status":"open","template":"","meta":{"_joinchat":[]},"product_brand":[2753],"product_cat":[2859],"product_tag":[],"class_list":{"0":"post-115823","1":"product","2":"type-product","3":"status-publish","4":"has-post-thumbnail","6":"product_brand-hidea-ro","7":"product_cat-cani-si-pahare","9":"first","10":"instock","11":"taxable","12":"shipping-taxable","13":"purchasable","14":"product-type-variable"},"_links":{"self":[{"href":"https:\/\/web2print.ro\/shop\/wp-json\/wp\/v2\/product\/115823","targetHints":{"allow":["GET"]}}],"collection":[{"href":"https:\/\/web2print.ro\/shop\/wp-json\/wp\/v2\/product"}],"about":[{"href":"https:\/\/web2print.ro\/shop\/wp-json\/wp\/v2\/types\/product"}],"replies":[{"embeddable":true,"href":"https:\/\/web2print.ro\/shop\/wp-json\/wp\/v2\/comments?post=115823"}],"wp:featuredmedia":[{"embeddable":true,"href":"https:\/\/web2print.ro\/shop\/wp-json\/wp\/v2\/media\/46347"}],"wp:attachment":[{"href":"https:\/\/web2print.ro\/shop\/wp-json\/wp\/v2\/media?parent=115823"}],"wp:term":[{"taxonomy":"product_brand","embeddable":true,"href":"https:\/\/web2print.ro\/shop\/wp-json\/wp\/v2\/product_brand?post=115823"},{"taxonomy":"product_cat","embeddable":true,"href":"https:\/\/web2print.ro\/shop\/wp-json\/wp\/v2\/product_cat?post=115823"},{"taxonomy":"product_tag","embeddable":true,"href":"https:\/\/web2print.ro\/shop\/wp-json\/wp\/v2\/product_tag?post=115823"}],"curies":[{"name":"wp","href":"https:\/\/api.w.org\/{rel}","templated":true}]}}