{"id":115829,"date":"2025-06-10T14:20:21","date_gmt":"2025-06-10T11:20:21","guid":{"rendered":"https:\/\/web-support.eu\/web2print\/product\/re-landscape-m-sticla-din-aluminiu-reciclat-cu-carabina-530-ml\/"},"modified":"2026-05-07T01:27:01","modified_gmt":"2026-05-06T22:27:01","slug":"re-landscape-m-sticla-din-aluminiu-reciclat-cu-carlig-530-ml","status":"publish","type":"product","link":"https:\/\/web2print.ro\/shop\/re-landscape-m-sticla-din-aluminiu-reciclat-cu-carlig-530-ml\/","title":{"rendered":"RE-LANDSCAPE M. Sticl\u0103 din aluminiu reciclat cu c\u00e2rlig 530 mL personalizat\u0103"},"content":{"rendered":"<p>Bidon sport din aluminiu reciclat (100% rAL) cu c\u00e2rlig pentru transport facil. Capacitate de p\u00e2n\u0103 la 530 ml. \u00f866 x 210 mm.<\/p>\n<table>\n<tr>\n<td><strong>Exterior box (m):<\/strong><\/td>\n<td>0.690&#215;0.420&#215;0.225<\/td>\n<\/tr>\n<tr>\n<td><strong>Box weight (Kg.):<\/strong><\/td>\n<td>6.1<\/td>\n<\/tr>\n<tr>\n<td><strong>Exterior box (Pc.):<\/strong><\/td>\n<td>60<\/td>\n<\/tr>\n<tr>\n<td><strong>Interior box (Pc.):<\/strong><\/td>\n<td>1<\/td>\n<\/tr>\n<tr>\n<td><strong>Taric:<\/strong><\/td>\n<td>7615108090<\/td>\n<\/tr>\n<tr>\n<td><strong>Country of Origin:<\/strong><\/td>\n<td>China<\/td>\n<\/tr>\n<tr>\n<td><strong>Individual packing:<\/strong><\/td>\n<td>Biodegradable polybag<\/td>\n<\/tr>\n<tr>\n<td><strong>Certificates:<\/strong><\/td>\n<td>Food Safety, REACH<\/td>\n<\/tr>\n<\/table>\n","protected":false},"excerpt":{"rendered":"<p>Sticl\u0103 sport din aluminiu reciclat (100% rAL) cu c\u00e2rlig pentru transport u\u0219or. Capacitate de p\u00e2n\u0103 la 530 ml<\/p>\n","protected":false},"featured_media":46370,"comment_status":"closed","ping_status":"open","template":"","meta":{"_joinchat":[]},"product_brand":[2753],"product_cat":[2859],"product_tag":[],"class_list":{"0":"post-115829","1":"product","2":"type-product","3":"status-publish","4":"has-post-thumbnail","6":"product_brand-hidea-ro","7":"product_cat-cani-si-pahare","9":"first","10":"instock","11":"taxable","12":"shipping-taxable","13":"purchasable","14":"product-type-variable"},"_links":{"self":[{"href":"https:\/\/web2print.ro\/shop\/wp-json\/wp\/v2\/product\/115829","targetHints":{"allow":["GET"]}}],"collection":[{"href":"https:\/\/web2print.ro\/shop\/wp-json\/wp\/v2\/product"}],"about":[{"href":"https:\/\/web2print.ro\/shop\/wp-json\/wp\/v2\/types\/product"}],"replies":[{"embeddable":true,"href":"https:\/\/web2print.ro\/shop\/wp-json\/wp\/v2\/comments?post=115829"}],"wp:featuredmedia":[{"embeddable":true,"href":"https:\/\/web2print.ro\/shop\/wp-json\/wp\/v2\/media\/46370"}],"wp:attachment":[{"href":"https:\/\/web2print.ro\/shop\/wp-json\/wp\/v2\/media?parent=115829"}],"wp:term":[{"taxonomy":"product_brand","embeddable":true,"href":"https:\/\/web2print.ro\/shop\/wp-json\/wp\/v2\/product_brand?post=115829"},{"taxonomy":"product_cat","embeddable":true,"href":"https:\/\/web2print.ro\/shop\/wp-json\/wp\/v2\/product_cat?post=115829"},{"taxonomy":"product_tag","embeddable":true,"href":"https:\/\/web2print.ro\/shop\/wp-json\/wp\/v2\/product_tag?post=115829"}],"curies":[{"name":"wp","href":"https:\/\/api.w.org\/{rel}","templated":true}]}}