{"id":115844,"date":"2025-06-10T14:20:20","date_gmt":"2025-06-10T11:20:20","guid":{"rendered":"https:\/\/web-support.eu\/web2print\/product\/turtle-sacosa-termoizolanta-4-5-l\/"},"modified":"2026-05-07T01:27:02","modified_gmt":"2026-05-06T22:27:02","slug":"turtle-sacosa-termoizolanta-4-5-l","status":"publish","type":"product","link":"https:\/\/web2print.ro\/shop\/turtle-sacosa-termoizolanta-4-5-l\/","title":{"rendered":"TURTLE. Sacosa termoizolanta 4.5 L personalizat\u0103"},"content":{"rendered":"<p>Geant\u0103 termic\u0103 600D cu buzunar interior din plas\u0103 \u0219i curea reglabil\u0103 din chingi. Cu o capacitate de p\u00e2n\u0103 la 4,5 L. 200 x 200 x 110 mm.<\/p>\n<table>\n<tr>\n<td><strong>Exterior box (m):<\/strong><\/td>\n<td>0.520X0.360X0.280<\/td>\n<\/tr>\n<tr>\n<td><strong>Box weight (Kg.):<\/strong><\/td>\n<td>7.5<\/td>\n<\/tr>\n<tr>\n<td><strong>Exterior box (Pc.):<\/strong><\/td>\n<td>50<\/td>\n<\/tr>\n<tr>\n<td><strong>Interior box (Pc.):<\/strong><\/td>\n<td>25<\/td>\n<\/tr>\n<tr>\n<td><strong>Taric:<\/strong><\/td>\n<td>4202929890<\/td>\n<\/tr>\n<tr>\n<td><strong>Country of Origin:<\/strong><\/td>\n<td>China<\/td>\n<\/tr>\n<tr>\n<td><strong>Certificates:<\/strong><\/td>\n<td>Food Safety, REACH<\/td>\n<\/tr>\n<\/table>\n","protected":false},"excerpt":{"rendered":"<p>Geant\u0103 termoizolanta din 600D cu buzunar interior din plas\u0103 \u0219i curea reglabila. Capacitate p\u00e2n\u0103 la 4,5 l<\/p>\n","protected":false},"featured_media":46421,"comment_status":"closed","ping_status":"open","template":"","meta":{"_joinchat":[]},"product_brand":[2753],"product_cat":[318],"product_tag":[],"class_list":{"0":"post-115844","1":"product","2":"type-product","3":"status-publish","4":"has-post-thumbnail","6":"product_brand-hidea-ro","7":"product_cat-genti-tote-uri","9":"first","10":"instock","11":"taxable","12":"shipping-taxable","13":"purchasable","14":"product-type-variable"},"_links":{"self":[{"href":"https:\/\/web2print.ro\/shop\/wp-json\/wp\/v2\/product\/115844","targetHints":{"allow":["GET"]}}],"collection":[{"href":"https:\/\/web2print.ro\/shop\/wp-json\/wp\/v2\/product"}],"about":[{"href":"https:\/\/web2print.ro\/shop\/wp-json\/wp\/v2\/types\/product"}],"replies":[{"embeddable":true,"href":"https:\/\/web2print.ro\/shop\/wp-json\/wp\/v2\/comments?post=115844"}],"wp:featuredmedia":[{"embeddable":true,"href":"https:\/\/web2print.ro\/shop\/wp-json\/wp\/v2\/media\/46421"}],"wp:attachment":[{"href":"https:\/\/web2print.ro\/shop\/wp-json\/wp\/v2\/media?parent=115844"}],"wp:term":[{"taxonomy":"product_brand","embeddable":true,"href":"https:\/\/web2print.ro\/shop\/wp-json\/wp\/v2\/product_brand?post=115844"},{"taxonomy":"product_cat","embeddable":true,"href":"https:\/\/web2print.ro\/shop\/wp-json\/wp\/v2\/product_cat?post=115844"},{"taxonomy":"product_tag","embeddable":true,"href":"https:\/\/web2print.ro\/shop\/wp-json\/wp\/v2\/product_tag?post=115844"}],"curies":[{"name":"wp","href":"https:\/\/api.w.org\/{rel}","templated":true}]}}