{"id":115852,"date":"2025-06-10T14:20:20","date_gmt":"2025-06-10T11:20:20","guid":{"rendered":"https:\/\/web-support.eu\/web2print\/product\/pin-doming-showcase-mapa-de-insigne-si-doming-2-in-1\/"},"modified":"2026-05-07T01:28:05","modified_gmt":"2026-05-06T22:28:05","slug":"pin-doming-showcase-mapa-de-insigne-si-doming-2-in-1","status":"publish","type":"product","link":"https:\/\/web2print.ro\/shop\/pin-doming-showcase-mapa-de-insigne-si-doming-2-in-1\/","title":{"rendered":"Mapa de insigne si doming 2 in 1 personalizat\u0103"},"content":{"rendered":"<p>2 \u00een 1 Ace \u0219i Doming \u00eentr-un display din carton plastifiat cu \u00eenchidere magnetic\u0103. Interiorul este \u00eemp\u0103r\u021bit \u00een 2 p\u0103r\u021bi care con\u021bin diferite modele de ace (circulare \u0219i dreptunghiulare) \u0219i insigne \u0219i brelocuri personalizate Doming \u00een culori \u0219i forme festive. Display-ul este u\u0219or, iar interiorul din spum\u0103 con\u021bine compartimente adecvate pentru a stoca diferitele mostre personalizate. 305 x 230 x 25 mm.<\/p>\n<table>\n<tr>\n<td><strong>Exterior box (m):<\/strong><\/td>\n<td>0.225X0.150X0.025<\/td>\n<\/tr>\n<tr>\n<td><strong>Box weight (Kg.):<\/strong><\/td>\n<td>0.4<\/td>\n<\/tr>\n<tr>\n<td><strong>Exterior box (Pc.):<\/strong><\/td>\n<td>44<\/td>\n<\/tr>\n<tr>\n<td><strong>Interior box (Pc.):<\/strong><\/td>\n<td>1<\/td>\n<\/tr>\n<tr>\n<td><strong>Taric:<\/strong><\/td>\n<td>7319909000<\/td>\n<\/tr>\n<tr>\n<td><strong>Country of Origin:<\/strong><\/td>\n<td>Portugal<\/td>\n<\/tr>\n<\/table>\n","protected":false},"excerpt":{"rendered":"<p>Mapa 2 in 1, cu insigne si doming, din carton plastificat cu \u00eenchidere magnetic\u0103. Interiorul este \u00eemp\u0103r\u021bit \u00een 2 p\u0103r\u021bi care con\u021bin diferite modele de insigne (circulare \u0219i dreptunghiulare) \u0219i insigne cu doming personalizate cu culori \u0219i forme festive. Mapa este u\u0219oar\u0103, iar interiorul din spum\u0103 con\u021bine slot-uri adecvate pentru pastrarea diferitelor mostre personalizate<\/p>\n","protected":false},"featured_media":46452,"comment_status":"closed","ping_status":"open","template":"","meta":{"_joinchat":[]},"product_brand":[2753],"product_cat":[572],"product_tag":[],"class_list":{"0":"post-115852","1":"product","2":"type-product","3":"status-publish","4":"has-post-thumbnail","6":"product_brand-hidea-ro","7":"product_cat-mape-de-mostre","9":"first","10":"instock","11":"taxable","12":"shipping-taxable","13":"purchasable","14":"product-type-variable"},"_links":{"self":[{"href":"https:\/\/web2print.ro\/shop\/wp-json\/wp\/v2\/product\/115852","targetHints":{"allow":["GET"]}}],"collection":[{"href":"https:\/\/web2print.ro\/shop\/wp-json\/wp\/v2\/product"}],"about":[{"href":"https:\/\/web2print.ro\/shop\/wp-json\/wp\/v2\/types\/product"}],"replies":[{"embeddable":true,"href":"https:\/\/web2print.ro\/shop\/wp-json\/wp\/v2\/comments?post=115852"}],"wp:featuredmedia":[{"embeddable":true,"href":"https:\/\/web2print.ro\/shop\/wp-json\/wp\/v2\/media\/46452"}],"wp:attachment":[{"href":"https:\/\/web2print.ro\/shop\/wp-json\/wp\/v2\/media?parent=115852"}],"wp:term":[{"taxonomy":"product_brand","embeddable":true,"href":"https:\/\/web2print.ro\/shop\/wp-json\/wp\/v2\/product_brand?post=115852"},{"taxonomy":"product_cat","embeddable":true,"href":"https:\/\/web2print.ro\/shop\/wp-json\/wp\/v2\/product_cat?post=115852"},{"taxonomy":"product_tag","embeddable":true,"href":"https:\/\/web2print.ro\/shop\/wp-json\/wp\/v2\/product_tag?post=115852"}],"curies":[{"name":"wp","href":"https:\/\/api.w.org\/{rel}","templated":true}]}}