{"id":115854,"date":"2025-06-10T14:20:20","date_gmt":"2025-06-10T11:20:20","guid":{"rendered":"https:\/\/web-support.eu\/web2print\/product\/print-showcase-mostrar-cu-produse-personalizate\/"},"modified":"2026-05-07T01:29:01","modified_gmt":"2026-05-06T22:29:01","slug":"print-showcase-mostrar-cu-produse-personalizate","status":"publish","type":"product","link":"https:\/\/web2print.ro\/shop\/print-showcase-mostrar-cu-produse-personalizate\/","title":{"rendered":"PRINT SHOWCASE. Mostrar cu produse personalizate"},"content":{"rendered":"<p>DRINKIT este o selec\u021bie special\u0103 de sticle, c\u0103ni \u0219i c\u0103ni de voiaj personalizabile, ambalate \u00eentr-un interior din carton plastifiat. Fiecare produs este prezentat cu o tehnic\u0103 de imprimare, cum ar fi gravura laser sau serigrafia, \u00een diferite dimensiuni \u0219i materiale. Toate sunt certificate ca fiind f\u0103r\u0103 BPA \u0219i sigure pentru contactul cu alimentele, pentru o utilizare mai sigur\u0103. Kitul de mostre are un m\u00e2ner din sfoar\u0103 \u0219i magne\u021bi \u00eencorpora\u021bi \u00een fiecare dintre clapete pentru o deschidere u\u0219oar\u0103. Setul include urm\u0103toarele produse \u0219i tehnici:<\/p>\n<p>Panthony Mat (94045) &#8211; Sablare &#038; Ardere<\/p>\n<p>Dakar (94699) &#8211; Serigrafie &#038; Laser<\/p>\n<p>Rozier (94648) &#8211; Serigrafie<\/p>\n<p>Aniseed (93990) &#8211; Sublimare<\/p>\n<p>Comander (93833) &#8211; Tampografie<\/p>\n<p>Kenny (93804) &#8211; Ardere<\/p>\n<p>Show (94550) &#8211; UV Cilindric<\/p>\n<p>Naturel (94683) &#8211; Laser<\/p>\n<p>Oasis (94064) &#8211; Serigrafie &#038; Laser<\/p>\n<p>Gobert (94764) &#8211; Serigrafie<\/p>\n<p>Landscape (94601) &#8211; UV Cilindric<\/p>\n<p>Hygge (94678) &#8211; Laser<\/p>\n<p>Astrada (94762) &#8211; Doming<\/p>\n<p>Dimensiuni: 300 x 450 x 160 mm.<\/p>\n<table>\n<tr>\n<td><strong>Exterior box (m):<\/strong><\/td>\n<td>0.310X0.210X0.500<\/td>\n<\/tr>\n<tr>\n<td><strong>Box weight (Kg.):<\/strong><\/td>\n<td>2.75<\/td>\n<\/tr>\n<tr>\n<td><strong>Exterior box (Pc.):<\/strong><\/td>\n<td>1<\/td>\n<\/tr>\n<tr>\n<td><strong>Interior box (Pc.):<\/strong><\/td>\n<td>1<\/td>\n<\/tr>\n<tr>\n<td><strong>Taric:<\/strong><\/td>\n<td>4202929190<\/td>\n<\/tr>\n<tr>\n<td><strong>Country of Origin:<\/strong><\/td>\n<td>Portugal<\/td>\n<\/tr>\n<\/table>\n","protected":false},"excerpt":{"rendered":"<p>Mostrar cu produse bestseller personalizate, cu personalizari unice, combin\u00e2nd cele mai populare tehnici de imprimare cu diferite stiluri de creativitate \u0219i teme. Acest mostrar este instrumentul perfect pentru a ar\u0103ta posibilit\u0103\u021bile de imprimare, culorile, dimensiunile \u0219i detaliile fiec\u0103rei tehnici cu garan\u021bia unui control strict al calit\u0103\u021bii.Include urm\u0103toarele produse \u0219i tehnici: Wiltz (92168) &#8211; Transfer, Tordo (93593) &#8211; timbru sec \u0219i serigrafie, Bird (91750) &#8211; UV 360, Joan (91694) &#8211; Gravura 360, Straced (91625) &#8211; Serigrafie rotativ\u0103 \u0219i tampografie, Ernster (91721) &#8211; Tampografie, Korver (94631) &#8211; UV 360, Panthony Own (94046) &#8211; Firing si Hydroglaze, Christophe (99412) &#8211; Broderie, Capers (93966) &#8211; Gravura, Kolonaki (92826) &#8211; Serigrafie textila, Pemba (92931) &#8211; Serigrafie textila, Florence (94899) &#8211; Doming, THC Adam (30131) &#8211; DTG \u0219i Lanyard cu Sublimare (75035) &#8211; Sublimare<\/p>\n","protected":false},"featured_media":46466,"comment_status":"closed","ping_status":"open","template":"","meta":{"_joinchat":[]},"product_brand":[2753],"product_cat":[572],"product_tag":[],"class_list":{"0":"post-115854","1":"product","2":"type-product","3":"status-publish","4":"has-post-thumbnail","6":"product_brand-hidea-ro","7":"product_cat-mape-de-mostre","9":"first","10":"instock","11":"taxable","12":"shipping-taxable","13":"purchasable","14":"product-type-variable"},"_links":{"self":[{"href":"https:\/\/web2print.ro\/shop\/wp-json\/wp\/v2\/product\/115854","targetHints":{"allow":["GET"]}}],"collection":[{"href":"https:\/\/web2print.ro\/shop\/wp-json\/wp\/v2\/product"}],"about":[{"href":"https:\/\/web2print.ro\/shop\/wp-json\/wp\/v2\/types\/product"}],"replies":[{"embeddable":true,"href":"https:\/\/web2print.ro\/shop\/wp-json\/wp\/v2\/comments?post=115854"}],"wp:featuredmedia":[{"embeddable":true,"href":"https:\/\/web2print.ro\/shop\/wp-json\/wp\/v2\/media\/46466"}],"wp:attachment":[{"href":"https:\/\/web2print.ro\/shop\/wp-json\/wp\/v2\/media?parent=115854"}],"wp:term":[{"taxonomy":"product_brand","embeddable":true,"href":"https:\/\/web2print.ro\/shop\/wp-json\/wp\/v2\/product_brand?post=115854"},{"taxonomy":"product_cat","embeddable":true,"href":"https:\/\/web2print.ro\/shop\/wp-json\/wp\/v2\/product_cat?post=115854"},{"taxonomy":"product_tag","embeddable":true,"href":"https:\/\/web2print.ro\/shop\/wp-json\/wp\/v2\/product_tag?post=115854"}],"curies":[{"name":"wp","href":"https:\/\/api.w.org\/{rel}","templated":true}]}}