{"id":115856,"date":"2025-06-10T14:20:20","date_gmt":"2025-06-10T11:20:20","guid":{"rendered":"https:\/\/web-support.eu\/web2print\/product\/textile-showcase-mostrarul-textil\/"},"modified":"2026-05-07T01:29:02","modified_gmt":"2026-05-06T22:29:02","slug":"textile-showcase-mostrarul-textil","status":"publish","type":"product","link":"https:\/\/web2print.ro\/shop\/textile-showcase-mostrarul-textil\/","title":{"rendered":"Mostrarul textil personalizat"},"content":{"rendered":"<p>Textile Showcase este instrumentul ideal pentru a prezenta cele mai bune solu\u021bii textile de pe pia\u021b\u0103 \u0219i diferitele posibilit\u0103\u021bi de personalizare, con\u021bin\u00e2nd o geant\u0103 laminat\u0103 ne\u021besut\u0103, cu 5 umera\u0219e din carton imprimate \u0219i 6 produse textile. Aceast\u0103 prezentare arat\u0103 diferitele tehnici de imprimare \u0219i, de asemenea, con\u021bine produse de diferite culori \u0219i m\u0103rimi, asigur\u00e2nd un control riguros al calit\u0103\u021bii. Include urm\u0103toarele produse \u0219i tehnici:<\/p>\n<p>THC Luanda (30102) &#8211; Imprimare textil\u0103<\/p>\n<p>THC Ankara (30110) &#8211; Transfer<\/p>\n<p>THC Adam (30131) &#8211; Broderie<\/p>\n<p>THC Zagreb (30180) &#8211; Transfer<\/p>\n<p>THC Phoenix (30160) &#8211; Transfer<\/p>\n<p>Christian (99406) &#8211; Broderie<\/p>\n<p>Dimensiuni: 350 x 350 x 200 mm.<\/p>\n<table>\n<tr>\n<td><strong>Exterior box (m):<\/strong><\/td>\n<td>0.350X0.350X0.200<\/td>\n<\/tr>\n<tr>\n<td><strong>Box weight (Kg.):<\/strong><\/td>\n<td>2.4<\/td>\n<\/tr>\n<tr>\n<td><strong>Exterior box (Pc.):<\/strong><\/td>\n<td>1<\/td>\n<\/tr>\n<tr>\n<td><strong>Interior box (Pc.):<\/strong><\/td>\n<td>1<\/td>\n<\/tr>\n<tr>\n<td><strong>Taric:<\/strong><\/td>\n<td>6109100010<\/td>\n<\/tr>\n<tr>\n<td><strong>Country of Origin:<\/strong><\/td>\n<td>Portugal<\/td>\n<\/tr>\n<\/table>\n","protected":false},"excerpt":{"rendered":"<p>Mostrarul textil este instrumentul ideal pentru a prezenta cele mai bune solu\u021bii textile de pe pia\u021b\u0103 \u0219i diferitele posibilit\u0103\u021bi de personalizare, con\u021bin\u00e2nd o pung\u0103 laminat\u0103 ne\u021besut\u0103, cu 5 umera\u0219e din carton imprimat \u0219i 6 produse textile. Acest mostrar prezint\u0103 diferitele tehnici de imprimare \u0219i con\u021bine, de asemenea, produse cu culori \u0219i dimensiuni diferite, asigur\u00e2nd un control riguros al calit\u0103\u021bii. Aceasta include urm\u0103toarele produse \u0219i tehnici: THC Luanda (30102) &#8211; Imprimare textil\u0103, THC Ankara (30110) -Transfer, THC Adam (30131) &#8211; Broderie, THC Zagreb (30180) &#8211; Transfer, THC Phoenix (30160) &#8211; Transfer, Christian (99406) &#8211; Broderie<\/p>\n","protected":false},"featured_media":46474,"comment_status":"closed","ping_status":"open","template":"","meta":{"_joinchat":[]},"product_brand":[2753],"product_cat":[572],"product_tag":[],"class_list":{"0":"post-115856","1":"product","2":"type-product","3":"status-publish","4":"has-post-thumbnail","6":"product_brand-hidea-ro","7":"product_cat-mape-de-mostre","9":"first","10":"instock","11":"taxable","12":"shipping-taxable","13":"purchasable","14":"product-type-variable"},"_links":{"self":[{"href":"https:\/\/web2print.ro\/shop\/wp-json\/wp\/v2\/product\/115856","targetHints":{"allow":["GET"]}}],"collection":[{"href":"https:\/\/web2print.ro\/shop\/wp-json\/wp\/v2\/product"}],"about":[{"href":"https:\/\/web2print.ro\/shop\/wp-json\/wp\/v2\/types\/product"}],"replies":[{"embeddable":true,"href":"https:\/\/web2print.ro\/shop\/wp-json\/wp\/v2\/comments?post=115856"}],"wp:featuredmedia":[{"embeddable":true,"href":"https:\/\/web2print.ro\/shop\/wp-json\/wp\/v2\/media\/46474"}],"wp:attachment":[{"href":"https:\/\/web2print.ro\/shop\/wp-json\/wp\/v2\/media?parent=115856"}],"wp:term":[{"taxonomy":"product_brand","embeddable":true,"href":"https:\/\/web2print.ro\/shop\/wp-json\/wp\/v2\/product_brand?post=115856"},{"taxonomy":"product_cat","embeddable":true,"href":"https:\/\/web2print.ro\/shop\/wp-json\/wp\/v2\/product_cat?post=115856"},{"taxonomy":"product_tag","embeddable":true,"href":"https:\/\/web2print.ro\/shop\/wp-json\/wp\/v2\/product_tag?post=115856"}],"curies":[{"name":"wp","href":"https:\/\/api.w.org\/{rel}","templated":true}]}}