{"id":115858,"date":"2025-06-10T14:20:19","date_gmt":"2025-06-10T11:20:19","guid":{"rendered":"https:\/\/web-support.eu\/web2print\/product\/flash-drive-showcase-mostrar-personalizat-pentru-usb-uri\/"},"modified":"2026-05-07T01:29:03","modified_gmt":"2026-05-06T22:29:03","slug":"flash-drive-showcase-mostrar-personalizat-pentru-usb-uri","status":"publish","type":"product","link":"https:\/\/web2print.ro\/shop\/flash-drive-showcase-mostrar-personalizat-pentru-usb-uri\/","title":{"rendered":"Vitrin\u0103 pentru USB-uri personalizat\u0103"},"content":{"rendered":"<p>Iat\u0103 traducerea \u00een rom\u00e2n\u0103:<\/p>\n<p>FLASH DRIVE SHOWCASE este compus dintr-un set de 19 stick-uri USB (flash drive-uri), de diverse forme, dimensiuni \u0219i materiale, personalizate cu diferite culori \u0219i tehnici de imprimare. Acesta reune\u0219te exemple din oferta noastr\u0103 Flash&#8217;n&#8217;Go \u2013 stick-uri USB \u00een stoc \u0219i livrate \u00een timp record, \u0219i exemple USB ConnectingYou \u2013 stick-uri USB complet personalizabile, importate direct din Asia \u0219i cu o capacitate de p\u00e2n\u0103 la 32GB. Mapa este realizat\u0103 din carton plastifiat \u0219i are o \u00eenchidere magnetic\u0103, prin magne\u021bi \u00eencorpora\u021bi. Include urm\u0103toarele produse \u0219i tehnici:<\/p>\n<p>77664 | 77432 | 77506 | 77508 | 77704 | 77562 | 77595 &#8211; Serigrafie, Laser<\/p>\n<p>77700 &#8211; PVC 2D<\/p>\n<p>77515 &#8211; Serigrafie (corp), Tampografie (clips)<\/p>\n<p>77689 | 97434 &#8211; Laser<\/p>\n<p>77696 &#8211; Serigrafie<\/p>\n<p>77559 &#8211; Serigrafie, Laser, Doming<\/p>\n<p>77523 &#8211; Serigrafie, Hot Stamping<\/p>\n<p>97548 | 97549 | 97433 &#8211; Laser, Tampografie, Serigrafie<\/p>\n<p>97435 &#8211; Tampografie, Laser<\/p>\n<p>97436 &#8211; Serigrafie, Laser, Tampografie, Digital UV<\/p>\n<p>97437 &#8211; Digital UV<\/p>\n<p>97438 &#8211; Hot Stamping<\/p>\n<p>Dimensiuni: 249 x 176 x 50 mm.<\/p>\n<table>\n<tr>\n<td><strong>Exterior box (m):<\/strong><\/td>\n<td>0.055X0.180X0.240<\/td>\n<\/tr>\n<tr>\n<td><strong>Box weight (Kg.):<\/strong><\/td>\n<td>0.74<\/td>\n<\/tr>\n<tr>\n<td><strong>Exterior box (Pc.):<\/strong><\/td>\n<td>1<\/td>\n<\/tr>\n<tr>\n<td><strong>Interior box (Pc.):<\/strong><\/td>\n<td>1<\/td>\n<\/tr>\n<tr>\n<td><strong>Taric:<\/strong><\/td>\n<td>3926909790<\/td>\n<\/tr>\n<tr>\n<td><strong>Country of Origin:<\/strong><\/td>\n<td>Portugal<\/td>\n<\/tr>\n<\/table>\n","protected":false},"excerpt":{"rendered":"<p>MOSTRAR de USB-uri este compus din 19 unit\u0103\u021bi flash, de diferite forme, dimensiuni \u0219i materiale, personalizate cu diferite culori \u0219i tehnici de imprimare. Reune\u0219te exemple ale ofertei noastre Flash&#8217;n&#8217;Go &#8211; unit\u0103\u021bi flash stocate \u0219i livrate \u00een timp record \u0219i exemple USB ConnectingYou &#8211; unit\u0103\u021bi flash complet personalizabile importate direct din Asia \u0219i cu o capacitate de p\u00e2n\u0103 la 32 GB. Mostrarul este realizat din carton plasticizat \u0219i are o \u00eenchidere magnetic\u0103. Include urm\u0103toarele produse \u0219i tehnici:77664 | 77432 | 77506 | 77508 | 77704 | 77562 |77595 \u2013 Serigrafie, laser, 77700 &#8211; PVC 2D, 77515 &#8211; Serigrafie (corp), Tampografie (clip), 77689 | 97434 &#8211; Laser, 77696 &#8211; Serigrafie,77559 &#8211; Serigrafie, laser, doming,77523 &#8211; Serigrafie, \u0218tampilare La Cald,97548 | 97549 | 97433 &#8211; Laser, Tampografie, Serigrafie, 97435 \u2013 Tampografie, laser, 97436 &#8211; Serigrafie, laser, Tampografie, Digital UV, 97437 &#8211; Digital UV,97438 &#8211; \u0218tampilare La Cald,<\/p>\n","protected":false},"featured_media":46492,"comment_status":"closed","ping_status":"open","template":"","meta":{"_joinchat":[]},"product_brand":[2753],"product_cat":[572],"product_tag":[],"class_list":{"0":"post-115858","1":"product","2":"type-product","3":"status-publish","4":"has-post-thumbnail","6":"product_brand-hidea-ro","7":"product_cat-mape-de-mostre","9":"first","10":"instock","11":"taxable","12":"shipping-taxable","13":"purchasable","14":"product-type-variable"},"_links":{"self":[{"href":"https:\/\/web2print.ro\/shop\/wp-json\/wp\/v2\/product\/115858","targetHints":{"allow":["GET"]}}],"collection":[{"href":"https:\/\/web2print.ro\/shop\/wp-json\/wp\/v2\/product"}],"about":[{"href":"https:\/\/web2print.ro\/shop\/wp-json\/wp\/v2\/types\/product"}],"replies":[{"embeddable":true,"href":"https:\/\/web2print.ro\/shop\/wp-json\/wp\/v2\/comments?post=115858"}],"wp:featuredmedia":[{"embeddable":true,"href":"https:\/\/web2print.ro\/shop\/wp-json\/wp\/v2\/media\/46492"}],"wp:attachment":[{"href":"https:\/\/web2print.ro\/shop\/wp-json\/wp\/v2\/media?parent=115858"}],"wp:term":[{"taxonomy":"product_brand","embeddable":true,"href":"https:\/\/web2print.ro\/shop\/wp-json\/wp\/v2\/product_brand?post=115858"},{"taxonomy":"product_cat","embeddable":true,"href":"https:\/\/web2print.ro\/shop\/wp-json\/wp\/v2\/product_cat?post=115858"},{"taxonomy":"product_tag","embeddable":true,"href":"https:\/\/web2print.ro\/shop\/wp-json\/wp\/v2\/product_tag?post=115858"}],"curies":[{"name":"wp","href":"https:\/\/api.w.org\/{rel}","templated":true}]}}