{"id":115860,"date":"2025-06-10T14:20:19","date_gmt":"2025-06-10T11:20:19","guid":{"rendered":"https:\/\/web-support.eu\/web2print\/product\/drinkit-showcase-mostrar-drinkware-personalizat\/"},"modified":"2025-12-10T10:36:15","modified_gmt":"2025-12-10T08:36:15","slug":"drinkit-showcase-mostrar-drinkware-personalizat","status":"publish","type":"product","link":"https:\/\/web2print.ro\/shop\/drinkit-showcase-mostrar-drinkware-personalizat\/","title":{"rendered":"DRINKIT SHOWCASE. Mostrar drinkware personalizat"},"content":{"rendered":"<p>DRINKIT este o selec\u021bie special\u0103 de sticle, c\u0103ni \u0219i c\u0103ni de voiaj personalizabile, ambalate \u00eentr-un interior din carton plastifiat. Fiecare produs este prezentat cu o tehnic\u0103 de imprimare, cum ar fi gravura laser sau serigrafia, \u00een diferite dimensiuni \u0219i materiale. Toate sunt certificate \u0219i cu Siguran\u021ba Alimentar\u0103 pentru o utilizare mai sigur\u0103. Kitul de mostre are un m\u00e2ner din sfoar\u0103 \u0219i magne\u021bi \u00eencorpora\u021bi \u00een fiecare dintre clapete pentru o deschidere u\u0219oar\u0103. Setul include urm\u0103toarele produse \u0219i tehnici:<\/p>\n<p>Panthony Mat (94045) &#8211; Sablare &#038; Ardere<\/p>\n<p>Dakar (94699) &#8211; Serigrafie &#038; Laser<\/p>\n<p>Rozier (94648) &#8211; Serigrafie<\/p>\n<p>Aniseed (93990) &#8211; Sublimare<\/p>\n<p>Comander (93833) &#8211; Tampografie<\/p>\n<p>Kenny (93804) &#8211; Ardere<\/p>\n<p>Show (94550) &#8211; UV Cilindric<\/p>\n<p>Naturel (94683) &#8211; Laser<\/p>\n<p>Oasis (94064) &#8211; Serigrafie &#038; Laser<\/p>\n<p>Gobert (94764) &#8211; Serigrafie<\/p>\n<p>Landscape (94601) &#8211; UV Cilindric<\/p>\n<p>Hygge (94678) &#8211; Laser<\/p>\n<p>Astrada (94762) &#8211; Doming<\/p>\n<p>Dimensiuni: 410 x 430 x 230 mm.<\/p>\n<table>\n<tr>\n<td><strong>Exterior box (m):<\/strong><\/td>\n<td>0.230X0.430X0.410<\/td>\n<\/tr>\n<tr>\n<td><strong>Box weight (Kg.):<\/strong><\/td>\n<td>5.4<\/td>\n<\/tr>\n<tr>\n<td><strong>Exterior box (Pc.):<\/strong><\/td>\n<td>1<\/td>\n<\/tr>\n<tr>\n<td><strong>Interior box (Pc.):<\/strong><\/td>\n<td>1<\/td>\n<\/tr>\n<tr>\n<td><strong>Taric:<\/strong><\/td>\n<td>7615108090<\/td>\n<\/tr>\n<tr>\n<td><strong>Country of Origin:<\/strong><\/td>\n<td>Portugal<\/td>\n<\/tr>\n<\/table>\n","protected":false},"excerpt":{"rendered":"<p>DRINKIT este o selec\u021bie special\u0103 de sticle, c\u0103ni \u0219i pahare de c\u0103l\u0103torie personalizabile, ambalate \u00eentr-un interior din carton plastifiat. Fiecare produs este prezentat cu o tehnic\u0103 de imprimare, cum ar fi laser sau serigrafie, \u00een diferite dimensiuni \u0219i materiale. Toate acestea sunt certificate cu Food Safety pentru o mai mare siguran\u021b\u0103 \u00een utilizare. Display-ul are un m\u00e2ner cu cordon \u0219i magne\u021bi \u0219i panglici din satin \u00eencorporate \u00een fiecare dintre clape pentru o deschidere u\u0219oar\u0103. Acesta include urm\u0103toarele produse \u0219i tehnici: Panthony Mat (94045) &#8211; Sandblasting &#038; Decalcomanie, Dakar (94699) &#8211; Serigrafie &#038; Gravura, Rozier (94648) &#8211; Serigrafie, Aniseed (93990) &#8211; Sublimare, Comander (93833) &#8211; Tampografie, Kenny (93804) &#8211; Decalcomanie, Show (94550) &#8211; Uv cilindric, Naturel (94683) &#8211; Gravura, Oasis (94064) &#8211; Serigrafie &#038; Gravura, Gobert (94764) &#8211; Serigrafie, Landscape (94601) &#8211; Uv cilindric, Hygge (94678) &#8211; Gravura, Astrada (94762) &#8211; Doming<\/p>\n","protected":false},"featured_media":46510,"comment_status":"closed","ping_status":"open","template":"","meta":{"_joinchat":[]},"product_brand":[2753],"product_cat":[572],"product_tag":[],"class_list":{"0":"post-115860","1":"product","2":"type-product","3":"status-publish","4":"has-post-thumbnail","6":"product_brand-hidea-ro","7":"product_cat-mape-de-mostre","9":"first","10":"instock","11":"taxable","12":"shipping-taxable","13":"purchasable","14":"product-type-variable"},"_links":{"self":[{"href":"https:\/\/web2print.ro\/shop\/wp-json\/wp\/v2\/product\/115860","targetHints":{"allow":["GET"]}}],"collection":[{"href":"https:\/\/web2print.ro\/shop\/wp-json\/wp\/v2\/product"}],"about":[{"href":"https:\/\/web2print.ro\/shop\/wp-json\/wp\/v2\/types\/product"}],"replies":[{"embeddable":true,"href":"https:\/\/web2print.ro\/shop\/wp-json\/wp\/v2\/comments?post=115860"}],"wp:featuredmedia":[{"embeddable":true,"href":"https:\/\/web2print.ro\/shop\/wp-json\/wp\/v2\/media\/46510"}],"wp:attachment":[{"href":"https:\/\/web2print.ro\/shop\/wp-json\/wp\/v2\/media?parent=115860"}],"wp:term":[{"taxonomy":"product_brand","embeddable":true,"href":"https:\/\/web2print.ro\/shop\/wp-json\/wp\/v2\/product_brand?post=115860"},{"taxonomy":"product_cat","embeddable":true,"href":"https:\/\/web2print.ro\/shop\/wp-json\/wp\/v2\/product_cat?post=115860"},{"taxonomy":"product_tag","embeddable":true,"href":"https:\/\/web2print.ro\/shop\/wp-json\/wp\/v2\/product_tag?post=115860"}],"curies":[{"name":"wp","href":"https:\/\/api.w.org\/{rel}","templated":true}]}}