{"id":115862,"date":"2025-06-10T14:20:19","date_gmt":"2025-06-10T11:20:19","guid":{"rendered":"https:\/\/web-support.eu\/web2print\/product\/kit-cozy-kit-cozy-este-creat-pentru-a-transforma-mediul-tau-de-acasa-in-momente-confortabile-si-reconfortante\/"},"modified":"2025-12-10T10:36:13","modified_gmt":"2025-12-10T08:36:13","slug":"kit-cozy-kit-cozy-este-creat-pentru-a-transforma-mediul-tau-de-acasa-in-momente-confortabile-si-reconfortante","status":"publish","type":"product","link":"https:\/\/web2print.ro\/shop\/kit-cozy-kit-cozy-este-creat-pentru-a-transforma-mediul-tau-de-acasa-in-momente-confortabile-si-reconfortante\/","title":{"rendered":"KIT COZY. Kit cozy este creat pentru a transforma mediul t\u0103u de acas\u0103 \u00een momente confortabile \u0219i reconfortante personalizat"},"content":{"rendered":"<p>Setul Cozy a fost conceput pentru a oferi momente pl\u0103cute \u0219i reconfortante acas\u0103. Acesta este format dintr-o can\u0103 ceramic\u0103 de p\u00e2n\u0103 la 310 ml, o p\u0103tur\u0103 100% acrilic\u0103 \u0219i o lum\u00e2nare parfumat\u0103 \u00eentr-o cup\u0103 de sticl\u0103 cu capac de plut\u0103. Este livrat \u00eentr-o cutie din placaj natural cu un capac glisant din acril. Produsele din kit sunt furnizate separat atunci c\u00e2nd nu sunt personalizate. Interior: 329 x 290 x 96 mm | Exterior: 348 x 309 x 110 mm.<\/p>\n<table>\n<tr>\n<td><strong>Exterior box (m):<\/strong><\/td>\n<td>0.480&#215;0.300&#215;0.400<\/td>\n<\/tr>\n<tr>\n<td><strong>Box weight (Kg.):<\/strong><\/td>\n<td>7<\/td>\n<\/tr>\n<tr>\n<td><strong>Exterior box (Pc.):<\/strong><\/td>\n<td>2<\/td>\n<\/tr>\n<tr>\n<td><strong>Taric:<\/strong><\/td>\n<td>N.A.<\/td>\n<\/tr>\n<\/table>\n","protected":false},"excerpt":{"rendered":"<p>Kitul confortabil este conceput pentru a transforma mediul t\u0103u de acas\u0103 \u00een momente confortabile \u0219i reconfortante. Se compune dintr-o can\u0103 ceramic\u0103 de p\u00e2n\u0103 la 310 ml, o p\u0103tur\u0103 100% acrilic\u0103 \u0219i o lum\u00e2nare parfumat\u0103 \u00eentr-o can\u0103 de sticl\u0103 cu capac din plut\u0103. Livrat \u00eentr-o cutie din placaj natural cu un capac acrilic glisant. Produsele KIT sunt furnizate separat atunci c\u00e2nd nu sunt personalizate<\/p>\n","protected":false},"featured_media":46530,"comment_status":"closed","ping_status":"open","template":"","meta":{"_joinchat":[]},"product_brand":[2753],"product_cat":[578],"product_tag":[],"class_list":{"0":"post-115862","1":"product","2":"type-product","3":"status-publish","4":"has-post-thumbnail","6":"product_brand-hidea-ro","7":"product_cat-kituri","9":"first","10":"instock","11":"taxable","12":"shipping-taxable","13":"purchasable","14":"product-type-variable"},"_links":{"self":[{"href":"https:\/\/web2print.ro\/shop\/wp-json\/wp\/v2\/product\/115862","targetHints":{"allow":["GET"]}}],"collection":[{"href":"https:\/\/web2print.ro\/shop\/wp-json\/wp\/v2\/product"}],"about":[{"href":"https:\/\/web2print.ro\/shop\/wp-json\/wp\/v2\/types\/product"}],"replies":[{"embeddable":true,"href":"https:\/\/web2print.ro\/shop\/wp-json\/wp\/v2\/comments?post=115862"}],"wp:featuredmedia":[{"embeddable":true,"href":"https:\/\/web2print.ro\/shop\/wp-json\/wp\/v2\/media\/46530"}],"wp:attachment":[{"href":"https:\/\/web2print.ro\/shop\/wp-json\/wp\/v2\/media?parent=115862"}],"wp:term":[{"taxonomy":"product_brand","embeddable":true,"href":"https:\/\/web2print.ro\/shop\/wp-json\/wp\/v2\/product_brand?post=115862"},{"taxonomy":"product_cat","embeddable":true,"href":"https:\/\/web2print.ro\/shop\/wp-json\/wp\/v2\/product_cat?post=115862"},{"taxonomy":"product_tag","embeddable":true,"href":"https:\/\/web2print.ro\/shop\/wp-json\/wp\/v2\/product_tag?post=115862"}],"curies":[{"name":"wp","href":"https:\/\/api.w.org\/{rel}","templated":true}]}}