{"id":115868,"date":"2025-06-10T14:20:19","date_gmt":"2025-06-10T11:20:19","guid":{"rendered":"https:\/\/web-support.eu\/web2print\/product\/kit-sophisticate-kitul-sofisticat-contine-doua-produse-de-inalta-calitate-care-combina-doua-bestselleruri-de-la-marcile-noastre-branve-si-ekston\/"},"modified":"2025-12-10T10:36:33","modified_gmt":"2025-12-10T08:36:33","slug":"kit-sophisticate-kitul-sofisticat-contine-doua-produse-de-inalta-calitate-care-combina-doua-bestselleruri-de-la-marcile-noastre-branve-si-ekston","status":"publish","type":"product","link":"https:\/\/web2print.ro\/shop\/kit-sophisticate-kitul-sofisticat-contine-doua-produse-de-inalta-calitate-care-combina-doua-bestselleruri-de-la-marcile-noastre-branve-si-ekston\/","title":{"rendered":"Kit sofisticat personalizat"},"content":{"rendered":"<p>Kitul sofisticat con\u021bine dou\u0103 produse de \u00eenalt\u0103 calitate care combin\u0103 dou\u0103 dintre cele mai bine v\u00e2ndute articole ale m\u0103rcilor noastre &#8211; Branve \u0219i Ekston. Acesta const\u0103 dintr-un rucsac elegant din PU \u0219i un \u00eenc\u0103rc\u0103tor wireless distinctiv \u0219i sofisticat din aliaj de zinc \u0219i material textil. Produsele sunt furnizate \u00een interiorul rucsacului. Produsele din kit sunt furnizate separat atunci c\u00e2nd nu sunt personalizate. Rucsac: 320 x 430 x 125 mm | Geant\u0103 ne\u021besut\u0103: 500 x 550 x 130 mm.<\/p>\n<table>\n<tr>\n<td><strong>Exterior box (m):<\/strong><\/td>\n<td>0.600&#215;0.380&#215;0.300<\/td>\n<\/tr>\n<tr>\n<td><strong>Box weight (Kg.):<\/strong><\/td>\n<td>8<\/td>\n<\/tr>\n<tr>\n<td><strong>Exterior box (Pc.):<\/strong><\/td>\n<td>5<\/td>\n<\/tr>\n<tr>\n<td><strong>Taric:<\/strong><\/td>\n<td>N.A.<\/td>\n<\/tr>\n<\/table>\n","protected":false},"excerpt":{"rendered":"<p>Kitul sofisticat con\u021bine dou\u0103 produse de \u00eenalt\u0103 calitate care combin\u0103 dou\u0103 dintre cele mai bine v\u00e2ndute branduri ale noastre &#8211; Branve \u0219i Ekston. Este compus dintr-un rucsac cu o not\u0103 juvenil\u0103 \u0219i ireveren\u021bioas\u0103 din PU \u0219i un \u00eenc\u0103rc\u0103tor wireless din aliaj de zinc \u0219i \u021bes\u0103tur\u0103, cu un design distinctiv \u0219i sofisticat. Produs furnizat \u00een interiorul rucsacului. Produsele KIT sunt furnizate separat atunci c\u00e2nd nu sunt personalizate<\/p>\n","protected":false},"featured_media":46576,"comment_status":"closed","ping_status":"open","template":"","meta":{"_joinchat":[]},"product_brand":[2753],"product_cat":[578],"product_tag":[],"class_list":{"0":"post-115868","1":"product","2":"type-product","3":"status-publish","4":"has-post-thumbnail","6":"product_brand-hidea-ro","7":"product_cat-kituri","9":"first","10":"instock","11":"taxable","12":"shipping-taxable","13":"purchasable","14":"product-type-variable"},"_links":{"self":[{"href":"https:\/\/web2print.ro\/shop\/wp-json\/wp\/v2\/product\/115868","targetHints":{"allow":["GET"]}}],"collection":[{"href":"https:\/\/web2print.ro\/shop\/wp-json\/wp\/v2\/product"}],"about":[{"href":"https:\/\/web2print.ro\/shop\/wp-json\/wp\/v2\/types\/product"}],"replies":[{"embeddable":true,"href":"https:\/\/web2print.ro\/shop\/wp-json\/wp\/v2\/comments?post=115868"}],"wp:featuredmedia":[{"embeddable":true,"href":"https:\/\/web2print.ro\/shop\/wp-json\/wp\/v2\/media\/46576"}],"wp:attachment":[{"href":"https:\/\/web2print.ro\/shop\/wp-json\/wp\/v2\/media?parent=115868"}],"wp:term":[{"taxonomy":"product_brand","embeddable":true,"href":"https:\/\/web2print.ro\/shop\/wp-json\/wp\/v2\/product_brand?post=115868"},{"taxonomy":"product_cat","embeddable":true,"href":"https:\/\/web2print.ro\/shop\/wp-json\/wp\/v2\/product_cat?post=115868"},{"taxonomy":"product_tag","embeddable":true,"href":"https:\/\/web2print.ro\/shop\/wp-json\/wp\/v2\/product_tag?post=115868"}],"curies":[{"name":"wp","href":"https:\/\/api.w.org\/{rel}","templated":true}]}}