{"id":116032,"date":"2025-06-10T14:20:16","date_gmt":"2025-06-10T11:20:16","guid":{"rendered":"https:\/\/web-support.eu\/web2print\/product\/wass-pix-din-aluminiu\/"},"modified":"2025-12-10T10:36:03","modified_gmt":"2025-12-10T08:36:03","slug":"wass-pix-din-aluminiu","status":"publish","type":"product","link":"https:\/\/web2print.ro\/shop\/wass-pix-din-aluminiu\/","title":{"rendered":"WASS. Pix din aluminiu personalizat"},"content":{"rendered":"<p>Pix din aluminiu cu mecanism twist, clem\u0103 metalic\u0103 placat\u0103 cu crom lucios. Corp l\u0103cuit cu finisaj lucios \u0219i min\u0103 metalic\u0103 cu cerneal\u0103 albastr\u0103 Dokumental\u00ae. Livrat cu o cutie cadou pentru auto-asamblare. \u00f810 x 138 mm | Cutie: 175 x 41 x 20 mm.<\/p>\n<table>\n<tr>\n<td><strong>Exterior box (m):<\/strong><\/td>\n<td>0.300X0.190X0.390<\/td>\n<\/tr>\n<tr>\n<td><strong>Box weight (Kg.):<\/strong><\/td>\n<td>13.78<\/td>\n<\/tr>\n<tr>\n<td><strong>Exterior box (Pc.):<\/strong><\/td>\n<td>500<\/td>\n<\/tr>\n<tr>\n<td><strong>Interior box (Pc.):<\/strong><\/td>\n<td>50<\/td>\n<\/tr>\n<tr>\n<td><strong>Taric:<\/strong><\/td>\n<td>9608109900<\/td>\n<\/tr>\n<tr>\n<td><strong>Country of Origin:<\/strong><\/td>\n<td>China<\/td>\n<\/tr>\n<tr>\n<td><strong>Individual packing:<\/strong><\/td>\n<td>Polybag<\/td>\n<\/tr>\n<tr>\n<td><strong>Packing after Printing:<\/strong><\/td>\n<td>Polybag<\/td>\n<\/tr>\n<tr>\n<td><strong>Certificates:<\/strong><\/td>\n<td>MSDS, REACH<\/td>\n<\/tr>\n<\/table>\n","protected":false},"excerpt":{"rendered":"<p>Pix din aluminiu cu mecanism rotativ, clip din fier cu placare cromat\u0103 lucioas\u0103. Corp l\u0103cuit cu finisaj lucios, cu rezerv\u0103 din metal \u0219i cerneal\u0103 Dokumental\u00ae albastr\u0103. Disponibil \u00eentr-o gam\u0103 larg\u0103 de culori. Livrat cu o cutie cadou neasamblat\u0103<\/p>\n","protected":false},"featured_media":47002,"comment_status":"closed","ping_status":"open","template":"","meta":{"_joinchat":[]},"product_brand":[2753],"product_cat":[3063],"product_tag":[],"class_list":{"0":"post-116032","1":"product","2":"type-product","3":"status-publish","4":"has-post-thumbnail","6":"product_brand-hidea-ro","7":"product_cat-writing-tools","9":"first","10":"instock","11":"taxable","12":"shipping-taxable","13":"purchasable","14":"product-type-variable"},"_links":{"self":[{"href":"https:\/\/web2print.ro\/shop\/wp-json\/wp\/v2\/product\/116032","targetHints":{"allow":["GET"]}}],"collection":[{"href":"https:\/\/web2print.ro\/shop\/wp-json\/wp\/v2\/product"}],"about":[{"href":"https:\/\/web2print.ro\/shop\/wp-json\/wp\/v2\/types\/product"}],"replies":[{"embeddable":true,"href":"https:\/\/web2print.ro\/shop\/wp-json\/wp\/v2\/comments?post=116032"}],"wp:featuredmedia":[{"embeddable":true,"href":"https:\/\/web2print.ro\/shop\/wp-json\/wp\/v2\/media\/47002"}],"wp:attachment":[{"href":"https:\/\/web2print.ro\/shop\/wp-json\/wp\/v2\/media?parent=116032"}],"wp:term":[{"taxonomy":"product_brand","embeddable":true,"href":"https:\/\/web2print.ro\/shop\/wp-json\/wp\/v2\/product_brand?post=116032"},{"taxonomy":"product_cat","embeddable":true,"href":"https:\/\/web2print.ro\/shop\/wp-json\/wp\/v2\/product_cat?post=116032"},{"taxonomy":"product_tag","embeddable":true,"href":"https:\/\/web2print.ro\/shop\/wp-json\/wp\/v2\/product_tag?post=116032"}],"curies":[{"name":"wp","href":"https:\/\/api.w.org\/{rel}","templated":true}]}}